{"id":3534,"date":"2020-10-05T18:50:24","date_gmt":"2020-10-05T16:50:24","guid":{"rendered":"https:\/\/sportequipalia.com\/?page_id=3534"},"modified":"2022-05-24T10:01:55","modified_gmt":"2022-05-24T08:01:55","slug":"soleras","status":"publish","type":"page","link":"https:\/\/sportequipalia.com\/fr\/servicios\/padel\/soleras\/","title":{"rendered":"Chapes"},"content":{"rendered":"<p><span style=\"font-weight: 400;\">Chez Sport Equipalia, nous recommandons que le support du gazon \u00e0 installer pour la pratique du paddle tennis soit dans les meilleures conditions.<\/span><\/p>\n<p><span style=\"font-weight: 400;\">\u00c0 cette fin, nous proposons diff\u00e9rentes solutions au client, telles que :<\/span><\/p>\n<ul>\n<li style=\"font-weight: 400;\"><span style=\"font-weight: 400;\">R\u00e9paration des chapes existantes<\/span><\/li>\n<li style=\"font-weight: 400;\"><span style=\"font-weight: 400;\">Cr\u00e9ation d&rsquo;une sangle de p\u00e9rim\u00e8tre pour l&rsquo;ancrage de la structure sur les voies existantes et nouvelles<\/span><\/li>\n<li style=\"font-weight: 400;\"><span style=\"font-weight: 400;\">R\u00e9alisation de planchers sur mesure en b\u00e9ton poreux et en b\u00e9ton poli avec une diff\u00e9rence de niveau ne d\u00e9passant pas 1 % pour assurer une bonne \u00e9vacuation de l&rsquo;eau.<\/span><\/li>\n<\/ul>\n<p><span style=\"font-weight: 400;\">Le tout avec les mesures de s\u00e9curit\u00e9 appropri\u00e9es et en respectant l&rsquo;environnement par l&rsquo;utilisation de produits non polluants et le recyclage des \u00e9l\u00e9ments d\u00e9riv\u00e9s de la construction des planchers (gravats, fer&#8230;) dans une d\u00e9chetterie ou un container de recyclage.<\/span><\/p>\n<style type=\"text\/css\">\r\n\t\t\t\t#gallery-1 {\r\n\t\t\t\t\tmargin: auto;\r\n\t\t\t\t}\r\n\t\t\t\t#gallery-1 .gallery-item {\r\n\t\t\t\t\tfloat: left;\r\n\t\t\t\t\tmargin-top: 10px;\r\n\t\t\t\t\ttext-align: center;\r\n\t\t\t\t\twidth: 33%;\r\n\t\t\t\t}\r\n\t\t\t\t#gallery-1 .gallery-caption {\r\n\t\t\t\t\tmargin-left: 0;\r\n\t\t\t\t}\r\n\t\t\t<\/style><!-- see gallery_shortcode() in wp-includes\/media.php -->\r\n\t\t\t\n\t\t<div id=\"gallery-1\" class=\"gallery galleryid-3534 mfp-gallery mfp-gallery--images gallery-columns-3 gallery-size-large\"><div class=\"row zn_image_gallery \"><div class=\"col-sm-6 col-md-4 col-lg-4\"><a href=\"https:\/\/sportequipalia.com\/wp-content\/uploads\/2018\/11\/poroso-008.jpg\" title=\"\" class=\"hoverBorder\"><img loading=\"lazy\" decoding=\"async\" width=\"1024\" height=\"640\" src=\"https:\/\/sportequipalia.com\/wp-content\/uploads\/2018\/11\/poroso-008-1024x640.jpg\" class=\"attachment-large size-large\" alt=\"\" size=\"large\" ids=\"1514,1515,1513\" orderby=\"post__in\" include=\"1514,1515,1513\" srcset=\"https:\/\/sportequipalia.com\/wp-content\/uploads\/2018\/11\/poroso-008-1024x640.jpg 1024w, https:\/\/sportequipalia.com\/wp-content\/uploads\/2018\/11\/poroso-008-300x188.jpg 300w, https:\/\/sportequipalia.com\/wp-content\/uploads\/2018\/11\/poroso-008-768x480.jpg 768w, https:\/\/sportequipalia.com\/wp-content\/uploads\/2018\/11\/poroso-008-280x175.jpg 280w, https:\/\/sportequipalia.com\/wp-content\/uploads\/2018\/11\/poroso-008-1170x731.jpg 1170w, https:\/\/sportequipalia.com\/wp-content\/uploads\/2018\/11\/poroso-008.jpg 1280w\" sizes=\"auto, (max-width: 1024px) 100vw, 1024px\" \/><span class=\"gallery_caption\"><\/span><\/a><\/div><div class=\"col-sm-6 col-md-4 col-lg-4\"><a href=\"https:\/\/sportequipalia.com\/wp-content\/uploads\/2018\/11\/poroso-013.jpg\" title=\"\" class=\"hoverBorder\"><img loading=\"lazy\" decoding=\"async\" width=\"1024\" height=\"640\" src=\"https:\/\/sportequipalia.com\/wp-content\/uploads\/2018\/11\/poroso-013-1024x640.jpg\" class=\"attachment-large size-large\" alt=\"\" size=\"large\" ids=\"1514,1515,1513\" orderby=\"post__in\" include=\"1514,1515,1513\" srcset=\"https:\/\/sportequipalia.com\/wp-content\/uploads\/2018\/11\/poroso-013-1024x640.jpg 1024w, https:\/\/sportequipalia.com\/wp-content\/uploads\/2018\/11\/poroso-013-300x188.jpg 300w, https:\/\/sportequipalia.com\/wp-content\/uploads\/2018\/11\/poroso-013-768x480.jpg 768w, https:\/\/sportequipalia.com\/wp-content\/uploads\/2018\/11\/poroso-013-280x175.jpg 280w, https:\/\/sportequipalia.com\/wp-content\/uploads\/2018\/11\/poroso-013-1170x731.jpg 1170w, https:\/\/sportequipalia.com\/wp-content\/uploads\/2018\/11\/poroso-013.jpg 1280w\" sizes=\"auto, (max-width: 1024px) 100vw, 1024px\" \/><span class=\"gallery_caption\"><\/span><\/a><\/div><div class=\"col-sm-6 col-md-4 col-lg-4\"><a href=\"https:\/\/sportequipalia.com\/wp-content\/uploads\/2018\/11\/poroso-002.jpg\" title=\"\" class=\"hoverBorder\"><img loading=\"lazy\" decoding=\"async\" width=\"1024\" height=\"640\" src=\"https:\/\/sportequipalia.com\/wp-content\/uploads\/2018\/11\/poroso-002-1024x640.jpg\" class=\"attachment-large size-large\" alt=\"\" size=\"large\" ids=\"1514,1515,1513\" orderby=\"post__in\" include=\"1514,1515,1513\" srcset=\"https:\/\/sportequipalia.com\/wp-content\/uploads\/2018\/11\/poroso-002-1024x640.jpg 1024w, https:\/\/sportequipalia.com\/wp-content\/uploads\/2018\/11\/poroso-002-300x188.jpg 300w, https:\/\/sportequipalia.com\/wp-content\/uploads\/2018\/11\/poroso-002-768x480.jpg 768w, https:\/\/sportequipalia.com\/wp-content\/uploads\/2018\/11\/poroso-002-280x175.jpg 280w, https:\/\/sportequipalia.com\/wp-content\/uploads\/2018\/11\/poroso-002-1170x731.jpg 1170w, https:\/\/sportequipalia.com\/wp-content\/uploads\/2018\/11\/poroso-002.jpg 1280w\" sizes=\"auto, (max-width: 1024px) 100vw, 1024px\" \/><span class=\"gallery_caption\"><\/span><\/a><\/div><\/div><\/div>\n","protected":false},"excerpt":{"rendered":"<p>Chez Sport Equipalia, nous recommandons que le support du gazon \u00e0 installer pour la pratique du paddle tennis soit dans les meilleures conditions. \u00c0 cette fin, nous proposons diff\u00e9rentes solutions au client, telles que : R\u00e9paration des chapes existantes Cr\u00e9ation d&rsquo;une sangle de p\u00e9rim\u00e8tre pour l&rsquo;ancrage de la structure sur les voies existantes et nouvelles<\/p>\n","protected":false},"author":8,"featured_media":0,"parent":3236,"menu_order":0,"comment_status":"closed","ping_status":"closed","template":"","meta":{"footnotes":""},"class_list":["post-3534","page","type-page","status-publish","hentry"],"_links":{"self":[{"href":"https:\/\/sportequipalia.com\/fr\/wp-json\/wp\/v2\/pages\/3534","targetHints":{"allow":["GET"]}}],"collection":[{"href":"https:\/\/sportequipalia.com\/fr\/wp-json\/wp\/v2\/pages"}],"about":[{"href":"https:\/\/sportequipalia.com\/fr\/wp-json\/wp\/v2\/types\/page"}],"author":[{"embeddable":true,"href":"https:\/\/sportequipalia.com\/fr\/wp-json\/wp\/v2\/users\/8"}],"replies":[{"embeddable":true,"href":"https:\/\/sportequipalia.com\/fr\/wp-json\/wp\/v2\/comments?post=3534"}],"version-history":[{"count":0,"href":"https:\/\/sportequipalia.com\/fr\/wp-json\/wp\/v2\/pages\/3534\/revisions"}],"up":[{"embeddable":true,"href":"https:\/\/sportequipalia.com\/fr\/wp-json\/wp\/v2\/pages\/3236"}],"wp:attachment":[{"href":"https:\/\/sportequipalia.com\/fr\/wp-json\/wp\/v2\/media?parent=3534"}],"curies":[{"name":"wp","href":"https:\/\/api.w.org\/{rel}","templated":true}]}}