{"id":3278,"date":"2018-11-19T08:53:49","date_gmt":"2018-11-19T07:53:49","guid":{"rendered":"https:\/\/sportequipalia.com\/servicios\/tenis\/pista-resina\/"},"modified":"2022-05-24T10:01:58","modified_gmt":"2022-05-24T08:01:58","slug":"pista-resina","status":"publish","type":"page","link":"https:\/\/sportequipalia.com\/fr\/articles\/tenis\/pista-resina\/","title":{"rendered":"Terrain de tennis en r\u00e9sine sportive"},"content":{"rendered":"<p><span style=\"font-weight: 400;\">Rev\u00eatement sportif acrylique \u00e0 4 ou 5 couches pour les courts de tennis. La mise en \u0153uvre se fera comme suit :<\/span><\/p>\n<ul>\n<li style=\"font-weight: 400;\"><span style=\"font-weight: 400;\">Polissage et fraisage de la surface existante<\/span><\/li>\n<li style=\"font-weight: 400;\"><span style=\"font-weight: 400;\">Couche de base<\/span><\/li>\n<li style=\"font-weight: 400;\"><span style=\"font-weight: 400;\">R\u00e9sine d&rsquo;\u00e9tanch\u00e9it\u00e9 des pores<\/span><\/li>\n<li style=\"font-weight: 400;\"><span style=\"font-weight: 400;\">R\u00e9gularisation des imperfections<\/span><\/li>\n<li style=\"font-weight: 400;\"><span style=\"font-weight: 400;\">Couche finale et couche de finition<\/span><\/li>\n<li style=\"font-weight: 400;\"><span style=\"font-weight: 400;\">Marquage des lignes<\/span><\/li>\n<li style=\"font-weight: 400;\"><span style=\"font-weight: 400;\">Installation des \u00e9quipements<\/span><\/li>\n<\/ul>\n<style type=\"text\/css\">\r\n\t\t\t\t#gallery-1 {\r\n\t\t\t\t\tmargin: auto;\r\n\t\t\t\t}\r\n\t\t\t\t#gallery-1 .gallery-item {\r\n\t\t\t\t\tfloat: left;\r\n\t\t\t\t\tmargin-top: 10px;\r\n\t\t\t\t\ttext-align: center;\r\n\t\t\t\t\twidth: 33%;\r\n\t\t\t\t}\r\n\t\t\t\t#gallery-1 .gallery-caption {\r\n\t\t\t\t\tmargin-left: 0;\r\n\t\t\t\t}\r\n\t\t\t<\/style><!-- see gallery_shortcode() in wp-includes\/media.php -->\r\n\t\t\t\n\t\t<div id=\"gallery-1\" class=\"gallery galleryid-3278 mfp-gallery mfp-gallery--images gallery-columns-3 gallery-size-large\"><div class=\"row zn_image_gallery \"><div class=\"col-sm-6 col-md-4 col-lg-4\"><a href=\"https:\/\/sportequipalia.com\/wp-content\/uploads\/2020\/06\/pista-de-tenis-en-resina-deportiva-01.jpg\" title=\"\" class=\"hoverBorder\"><img loading=\"lazy\" decoding=\"async\" width=\"1024\" height=\"768\" src=\"https:\/\/sportequipalia.com\/wp-content\/uploads\/2020\/06\/pista-de-tenis-en-resina-deportiva-01-1024x768.jpg\" class=\"attachment-large size-large\" alt=\"\" size=\"large\" ids=\"2599,2601,2607\" orderby=\"post__in\" include=\"2599,2601,2607\" srcset=\"https:\/\/sportequipalia.com\/wp-content\/uploads\/2020\/06\/pista-de-tenis-en-resina-deportiva-01-1024x768.jpg 1024w, https:\/\/sportequipalia.com\/wp-content\/uploads\/2020\/06\/pista-de-tenis-en-resina-deportiva-01-300x225.jpg 300w, https:\/\/sportequipalia.com\/wp-content\/uploads\/2020\/06\/pista-de-tenis-en-resina-deportiva-01-768x576.jpg 768w, https:\/\/sportequipalia.com\/wp-content\/uploads\/2020\/06\/pista-de-tenis-en-resina-deportiva-01-249x187.jpg 249w, https:\/\/sportequipalia.com\/wp-content\/uploads\/2020\/06\/pista-de-tenis-en-resina-deportiva-01-1170x878.jpg 1170w, https:\/\/sportequipalia.com\/wp-content\/uploads\/2020\/06\/pista-de-tenis-en-resina-deportiva-01.jpg 1440w\" sizes=\"auto, (max-width: 1024px) 100vw, 1024px\" \/><span class=\"gallery_caption\"><\/span><\/a><\/div><div class=\"col-sm-6 col-md-4 col-lg-4\"><a href=\"https:\/\/sportequipalia.com\/wp-content\/uploads\/2020\/06\/pista-de-tenis-en-resina-deportiva-02.jpg\" title=\"\" class=\"hoverBorder\"><img loading=\"lazy\" decoding=\"async\" width=\"1024\" height=\"768\" src=\"https:\/\/sportequipalia.com\/wp-content\/uploads\/2020\/06\/pista-de-tenis-en-resina-deportiva-02-1024x768.jpg\" class=\"attachment-large size-large\" alt=\"\" size=\"large\" ids=\"2599,2601,2607\" orderby=\"post__in\" include=\"2599,2601,2607\" srcset=\"https:\/\/sportequipalia.com\/wp-content\/uploads\/2020\/06\/pista-de-tenis-en-resina-deportiva-02-1024x768.jpg 1024w, https:\/\/sportequipalia.com\/wp-content\/uploads\/2020\/06\/pista-de-tenis-en-resina-deportiva-02-300x225.jpg 300w, https:\/\/sportequipalia.com\/wp-content\/uploads\/2020\/06\/pista-de-tenis-en-resina-deportiva-02-768x576.jpg 768w, https:\/\/sportequipalia.com\/wp-content\/uploads\/2020\/06\/pista-de-tenis-en-resina-deportiva-02-249x187.jpg 249w, https:\/\/sportequipalia.com\/wp-content\/uploads\/2020\/06\/pista-de-tenis-en-resina-deportiva-02-1170x878.jpg 1170w, https:\/\/sportequipalia.com\/wp-content\/uploads\/2020\/06\/pista-de-tenis-en-resina-deportiva-02.jpg 1440w\" sizes=\"auto, (max-width: 1024px) 100vw, 1024px\" \/><span class=\"gallery_caption\"><\/span><\/a><\/div><div class=\"col-sm-6 col-md-4 col-lg-4\"><a href=\"https:\/\/sportequipalia.com\/wp-content\/uploads\/2020\/06\/pista-de-tenis-en-resina-deportiva-albolote-1.jpg\" title=\"\" class=\"hoverBorder\"><img loading=\"lazy\" decoding=\"async\" width=\"1024\" height=\"768\" src=\"https:\/\/sportequipalia.com\/wp-content\/uploads\/2020\/06\/pista-de-tenis-en-resina-deportiva-albolote-1-1024x768.jpg\" class=\"attachment-large size-large\" alt=\"\" size=\"large\" ids=\"2599,2601,2607\" orderby=\"post__in\" include=\"2599,2601,2607\" srcset=\"https:\/\/sportequipalia.com\/wp-content\/uploads\/2020\/06\/pista-de-tenis-en-resina-deportiva-albolote-1-1024x768.jpg 1024w, https:\/\/sportequipalia.com\/wp-content\/uploads\/2020\/06\/pista-de-tenis-en-resina-deportiva-albolote-1-300x225.jpg 300w, https:\/\/sportequipalia.com\/wp-content\/uploads\/2020\/06\/pista-de-tenis-en-resina-deportiva-albolote-1-768x576.jpg 768w, https:\/\/sportequipalia.com\/wp-content\/uploads\/2020\/06\/pista-de-tenis-en-resina-deportiva-albolote-1-249x187.jpg 249w, https:\/\/sportequipalia.com\/wp-content\/uploads\/2020\/06\/pista-de-tenis-en-resina-deportiva-albolote-1-1170x878.jpg 1170w, https:\/\/sportequipalia.com\/wp-content\/uploads\/2020\/06\/pista-de-tenis-en-resina-deportiva-albolote-1.jpg 1440w\" sizes=\"auto, (max-width: 1024px) 100vw, 1024px\" \/><span class=\"gallery_caption\"><\/span><\/a><\/div><\/div><\/div>\n","protected":false},"excerpt":{"rendered":"<p>Rev\u00eatement sportif acrylique \u00e0 4 ou 5 couches pour les courts de tennis. La mise en \u0153uvre se fera comme suit : Polissage et fraisage de la surface existante Couche de base R\u00e9sine d&rsquo;\u00e9tanch\u00e9it\u00e9 des pores R\u00e9gularisation des imperfections Couche finale et couche de finition Marquage des lignes Installation des \u00e9quipements<\/p>\n","protected":false},"author":8,"featured_media":0,"parent":3269,"menu_order":0,"comment_status":"closed","ping_status":"closed","template":"","meta":{"footnotes":""},"class_list":["post-3278","page","type-page","status-publish","hentry"],"_links":{"self":[{"href":"https:\/\/sportequipalia.com\/fr\/wp-json\/wp\/v2\/pages\/3278","targetHints":{"allow":["GET"]}}],"collection":[{"href":"https:\/\/sportequipalia.com\/fr\/wp-json\/wp\/v2\/pages"}],"about":[{"href":"https:\/\/sportequipalia.com\/fr\/wp-json\/wp\/v2\/types\/page"}],"author":[{"embeddable":true,"href":"https:\/\/sportequipalia.com\/fr\/wp-json\/wp\/v2\/users\/8"}],"replies":[{"embeddable":true,"href":"https:\/\/sportequipalia.com\/fr\/wp-json\/wp\/v2\/comments?post=3278"}],"version-history":[{"count":0,"href":"https:\/\/sportequipalia.com\/fr\/wp-json\/wp\/v2\/pages\/3278\/revisions"}],"up":[{"embeddable":true,"href":"https:\/\/sportequipalia.com\/fr\/wp-json\/wp\/v2\/pages\/3269"}],"wp:attachment":[{"href":"https:\/\/sportequipalia.com\/fr\/wp-json\/wp\/v2\/media?parent=3278"}],"curies":[{"name":"wp","href":"https:\/\/api.w.org\/{rel}","templated":true}]}}