{"id":3276,"date":"2018-11-19T08:52:53","date_gmt":"2018-11-19T07:52:53","guid":{"rendered":"https:\/\/sportequipalia.com\/servicios\/tenis\/pista-porosa\/"},"modified":"2022-05-24T10:01:57","modified_gmt":"2022-05-24T08:01:57","slug":"pista-porosa","status":"publish","type":"page","link":"https:\/\/sportequipalia.com\/fr\/articles\/tenis\/pista-porosa\/","title":{"rendered":"Court de tennis poreux"},"content":{"rendered":"<p><span style=\"font-weight: 400;\">Le b\u00e9ton poreux nous donne une surface totalement drainante, car en n&rsquo;apportant pas de sable comme le b\u00e9ton normal, nous avons une surface avec une infinit\u00e9 de pores, par laquelle l&rsquo;eau circule librement. Les parties qui composent cette piste sont les suivantes :\u00a0<\/span><\/p>\n<ul>\n<li style=\"font-weight: 400;\"><span style=\"font-weight: 400;\">P\u00e9rim\u00e8tre en b\u00e9ton arm\u00e9 HM-25 avec poutres et \u00e9triers<\/span><\/li>\n<li style=\"font-weight: 400;\"><span style=\"font-weight: 400;\">R\u00e9alisation de la base drainante avec une couche de gravier \u00e0 granulom\u00e9trie sp\u00e9cifique pour le drainage et une sous-fondation d&rsquo;une \u00e9paisseur comprise entre 13 et 15 cm environ sur toute la surface du sol, en la laissant plane<\/span><\/li>\n<li style=\"font-weight: 400;\"><span style=\"font-weight: 400;\">R\u00e9alisation du rev\u00eatement poreux en une couche de 8 cm d&rsquo;\u00e9paisseur, r\u00e9alis\u00e9e en une couche avec des b\u00e2ches ne d\u00e9passant pas 25 m2 et des joints en n\u00e9opr\u00e8ne<\/span><\/li>\n<li style=\"font-weight: 400;\"><span style=\"font-weight: 400;\">Enfin, nous effectuons la peinture de toute la surface et le marquage r\u00e9glementaire<\/span><\/li>\n<\/ul>\n<style type=\"text\/css\">\r\n\t\t\t\t#gallery-1 {\r\n\t\t\t\t\tmargin: auto;\r\n\t\t\t\t}\r\n\t\t\t\t#gallery-1 .gallery-item {\r\n\t\t\t\t\tfloat: left;\r\n\t\t\t\t\tmargin-top: 10px;\r\n\t\t\t\t\ttext-align: center;\r\n\t\t\t\t\twidth: 33%;\r\n\t\t\t\t}\r\n\t\t\t\t#gallery-1 .gallery-caption {\r\n\t\t\t\t\tmargin-left: 0;\r\n\t\t\t\t}\r\n\t\t\t<\/style><!-- see gallery_shortcode() in wp-includes\/media.php -->\r\n\t\t\t\n\t\t<div id=\"gallery-1\" class=\"gallery galleryid-3276 mfp-gallery mfp-gallery--images gallery-columns-3 gallery-size-large\"><div class=\"row zn_image_gallery \"><div class=\"col-sm-6 col-md-4 col-lg-4\"><a href=\"https:\/\/sportequipalia.com\/wp-content\/uploads\/2020\/06\/pista-de-tenis-en-poroso-01.jpg\" title=\"\" class=\"hoverBorder\"><img loading=\"lazy\" decoding=\"async\" width=\"1024\" height=\"768\" src=\"https:\/\/sportequipalia.com\/wp-content\/uploads\/2020\/06\/pista-de-tenis-en-poroso-01-1024x768.jpg\" class=\"attachment-large size-large\" alt=\"\" size=\"large\" ids=\"2589,2595,2592\" orderby=\"post__in\" include=\"2589,2595,2592\" srcset=\"https:\/\/sportequipalia.com\/wp-content\/uploads\/2020\/06\/pista-de-tenis-en-poroso-01-1024x768.jpg 1024w, https:\/\/sportequipalia.com\/wp-content\/uploads\/2020\/06\/pista-de-tenis-en-poroso-01-300x225.jpg 300w, https:\/\/sportequipalia.com\/wp-content\/uploads\/2020\/06\/pista-de-tenis-en-poroso-01-768x576.jpg 768w, https:\/\/sportequipalia.com\/wp-content\/uploads\/2020\/06\/pista-de-tenis-en-poroso-01-249x187.jpg 249w, https:\/\/sportequipalia.com\/wp-content\/uploads\/2020\/06\/pista-de-tenis-en-poroso-01-1170x878.jpg 1170w, https:\/\/sportequipalia.com\/wp-content\/uploads\/2020\/06\/pista-de-tenis-en-poroso-01.jpg 1440w\" sizes=\"auto, (max-width: 1024px) 100vw, 1024px\" \/><span class=\"gallery_caption\"><\/span><\/a><\/div><div class=\"col-sm-6 col-md-4 col-lg-4\"><a href=\"https:\/\/sportequipalia.com\/wp-content\/uploads\/2020\/06\/pista-de-tenis-en-poroso-03.jpg\" title=\"\" class=\"hoverBorder\"><img loading=\"lazy\" decoding=\"async\" width=\"1024\" height=\"768\" src=\"https:\/\/sportequipalia.com\/wp-content\/uploads\/2020\/06\/pista-de-tenis-en-poroso-03-1024x768.jpg\" class=\"attachment-large size-large\" alt=\"\" size=\"large\" ids=\"2589,2595,2592\" orderby=\"post__in\" include=\"2589,2595,2592\" srcset=\"https:\/\/sportequipalia.com\/wp-content\/uploads\/2020\/06\/pista-de-tenis-en-poroso-03-1024x768.jpg 1024w, https:\/\/sportequipalia.com\/wp-content\/uploads\/2020\/06\/pista-de-tenis-en-poroso-03-300x225.jpg 300w, https:\/\/sportequipalia.com\/wp-content\/uploads\/2020\/06\/pista-de-tenis-en-poroso-03-768x576.jpg 768w, https:\/\/sportequipalia.com\/wp-content\/uploads\/2020\/06\/pista-de-tenis-en-poroso-03-249x187.jpg 249w, https:\/\/sportequipalia.com\/wp-content\/uploads\/2020\/06\/pista-de-tenis-en-poroso-03-1170x878.jpg 1170w, https:\/\/sportequipalia.com\/wp-content\/uploads\/2020\/06\/pista-de-tenis-en-poroso-03.jpg 1440w\" sizes=\"auto, (max-width: 1024px) 100vw, 1024px\" \/><span class=\"gallery_caption\"><\/span><\/a><\/div><div class=\"col-sm-6 col-md-4 col-lg-4\"><a href=\"https:\/\/sportequipalia.com\/wp-content\/uploads\/2020\/06\/pista-de-tenis-en-poroso-02.jpg\" title=\"\" class=\"hoverBorder\"><img loading=\"lazy\" decoding=\"async\" width=\"1024\" height=\"768\" src=\"https:\/\/sportequipalia.com\/wp-content\/uploads\/2020\/06\/pista-de-tenis-en-poroso-02-1024x768.jpg\" class=\"attachment-large size-large\" alt=\"\" size=\"large\" ids=\"2589,2595,2592\" orderby=\"post__in\" include=\"2589,2595,2592\" srcset=\"https:\/\/sportequipalia.com\/wp-content\/uploads\/2020\/06\/pista-de-tenis-en-poroso-02-1024x768.jpg 1024w, https:\/\/sportequipalia.com\/wp-content\/uploads\/2020\/06\/pista-de-tenis-en-poroso-02-300x225.jpg 300w, https:\/\/sportequipalia.com\/wp-content\/uploads\/2020\/06\/pista-de-tenis-en-poroso-02-768x576.jpg 768w, https:\/\/sportequipalia.com\/wp-content\/uploads\/2020\/06\/pista-de-tenis-en-poroso-02-249x187.jpg 249w, https:\/\/sportequipalia.com\/wp-content\/uploads\/2020\/06\/pista-de-tenis-en-poroso-02-1170x878.jpg 1170w, https:\/\/sportequipalia.com\/wp-content\/uploads\/2020\/06\/pista-de-tenis-en-poroso-02.jpg 1440w\" sizes=\"auto, (max-width: 1024px) 100vw, 1024px\" \/><span class=\"gallery_caption\"><\/span><\/a><\/div><\/div><\/div>\n","protected":false},"excerpt":{"rendered":"<p>Le b\u00e9ton poreux nous donne une surface totalement drainante, car en n&rsquo;apportant pas de sable comme le b\u00e9ton normal, nous avons une surface avec une infinit\u00e9 de pores, par laquelle l&rsquo;eau circule librement. Les parties qui composent cette piste sont les suivantes :\u00a0 P\u00e9rim\u00e8tre en b\u00e9ton arm\u00e9 HM-25 avec poutres et \u00e9triers R\u00e9alisation de la<\/p>\n","protected":false},"author":8,"featured_media":0,"parent":3269,"menu_order":0,"comment_status":"closed","ping_status":"closed","template":"","meta":{"footnotes":""},"class_list":["post-3276","page","type-page","status-publish","hentry"],"_links":{"self":[{"href":"https:\/\/sportequipalia.com\/fr\/wp-json\/wp\/v2\/pages\/3276","targetHints":{"allow":["GET"]}}],"collection":[{"href":"https:\/\/sportequipalia.com\/fr\/wp-json\/wp\/v2\/pages"}],"about":[{"href":"https:\/\/sportequipalia.com\/fr\/wp-json\/wp\/v2\/types\/page"}],"author":[{"embeddable":true,"href":"https:\/\/sportequipalia.com\/fr\/wp-json\/wp\/v2\/users\/8"}],"replies":[{"embeddable":true,"href":"https:\/\/sportequipalia.com\/fr\/wp-json\/wp\/v2\/comments?post=3276"}],"version-history":[{"count":0,"href":"https:\/\/sportequipalia.com\/fr\/wp-json\/wp\/v2\/pages\/3276\/revisions"}],"up":[{"embeddable":true,"href":"https:\/\/sportequipalia.com\/fr\/wp-json\/wp\/v2\/pages\/3269"}],"wp:attachment":[{"href":"https:\/\/sportequipalia.com\/fr\/wp-json\/wp\/v2\/media?parent=3276"}],"curies":[{"name":"wp","href":"https:\/\/api.w.org\/{rel}","templated":true}]}}