{"id":3274,"date":"2018-11-19T08:55:40","date_gmt":"2018-11-19T07:55:40","guid":{"rendered":"https:\/\/sportequipalia.com\/servicios\/tenis\/pista-cesped\/"},"modified":"2022-05-24T10:01:58","modified_gmt":"2022-05-24T08:01:58","slug":"pista-cesped","status":"publish","type":"page","link":"https:\/\/sportequipalia.com\/fr\/articles\/tenis\/pista-cesped\/","title":{"rendered":"Terrain de tennis en gazon artificiel"},"content":{"rendered":"<p><span style=\"font-weight: 400;\">Terrain de tennis avec une surface en gazon artificiel de derni\u00e8re g\u00e9n\u00e9ration d\u00e9velopp\u00e9e pour assurer des performances sportives optimales. Les \u00e9tapes de son assemblage sont les suivantes :<\/span><\/p>\n<ul>\n<li style=\"font-weight: 400;\"><span style=\"font-weight: 400;\">Nettoyage de la surface sur laquelle le gazon va se trouver.<\/span><\/li>\n<li style=\"font-weight: 400;\"><span style=\"font-weight: 400;\">\u00c9talage des rouleaux.<\/span><\/li>\n<li style=\"font-weight: 400;\"><span style=\"font-weight: 400;\">Collage des joints.<\/span><\/li>\n<li style=\"font-weight: 400;\"><span style=\"font-weight: 400;\">Insertion des marquages.<\/span><\/li>\n<li style=\"font-weight: 400;\"><span style=\"font-weight: 400;\">Remplissage avec du sable de silice.<\/span><\/li>\n<li style=\"font-weight: 400;\"><span style=\"font-weight: 400;\">Brossage et redistribution du sable.<\/span><\/li>\n<\/ul>\n<p><span style=\"font-weight: 400;\">Tout comme un court de padel, le court de tennis a besoin d&rsquo;un entretien continu pour prolonger sa dur\u00e9e de vie et offrir les bonnes sensations de jeu pour la pratique de ce sport.<\/span><\/p>\n<style type=\"text\/css\">\r\n\t\t\t\t#gallery-1 {\r\n\t\t\t\t\tmargin: auto;\r\n\t\t\t\t}\r\n\t\t\t\t#gallery-1 .gallery-item {\r\n\t\t\t\t\tfloat: left;\r\n\t\t\t\t\tmargin-top: 10px;\r\n\t\t\t\t\ttext-align: center;\r\n\t\t\t\t\twidth: 33%;\r\n\t\t\t\t}\r\n\t\t\t\t#gallery-1 .gallery-caption {\r\n\t\t\t\t\tmargin-left: 0;\r\n\t\t\t\t}\r\n\t\t\t<\/style><!-- see gallery_shortcode() in wp-includes\/media.php -->\r\n\t\t\t\n\t\t<div id=\"gallery-1\" class=\"gallery galleryid-3274 mfp-gallery mfp-gallery--images gallery-columns-3 gallery-size-large\"><div class=\"row zn_image_gallery \"><div class=\"col-sm-6 col-md-4 col-lg-4\"><a href=\"https:\/\/sportequipalia.com\/wp-content\/uploads\/2020\/06\/pista-de-tenis-en-cesped-artificial-02.jpg\" title=\"\" class=\"hoverBorder\"><img loading=\"lazy\" decoding=\"async\" width=\"1024\" height=\"576\" src=\"https:\/\/sportequipalia.com\/wp-content\/uploads\/2020\/06\/pista-de-tenis-en-cesped-artificial-02-1024x576.jpg\" class=\"attachment-large size-large\" alt=\"Pista de tenis en c\u00e9sped artificial\" size=\"large\" ids=\"2612,2610,2614\" orderby=\"post__in\" include=\"2612,2610,2614\" srcset=\"https:\/\/sportequipalia.com\/wp-content\/uploads\/2020\/06\/pista-de-tenis-en-cesped-artificial-02-1024x576.jpg 1024w, https:\/\/sportequipalia.com\/wp-content\/uploads\/2020\/06\/pista-de-tenis-en-cesped-artificial-02-300x169.jpg 300w, https:\/\/sportequipalia.com\/wp-content\/uploads\/2020\/06\/pista-de-tenis-en-cesped-artificial-02-768x432.jpg 768w, https:\/\/sportequipalia.com\/wp-content\/uploads\/2020\/06\/pista-de-tenis-en-cesped-artificial-02-280x158.jpg 280w, https:\/\/sportequipalia.com\/wp-content\/uploads\/2020\/06\/pista-de-tenis-en-cesped-artificial-02-1170x658.jpg 1170w, https:\/\/sportequipalia.com\/wp-content\/uploads\/2020\/06\/pista-de-tenis-en-cesped-artificial-02.jpg 1440w\" sizes=\"auto, (max-width: 1024px) 100vw, 1024px\" \/><span class=\"gallery_caption\"><\/span><\/a><\/div><div class=\"col-sm-6 col-md-4 col-lg-4\"><a href=\"https:\/\/sportequipalia.com\/wp-content\/uploads\/2020\/06\/pista-de-tenis-en-cesped-artificial.jpg\" title=\"\" class=\"hoverBorder\"><img loading=\"lazy\" decoding=\"async\" width=\"1024\" height=\"576\" src=\"https:\/\/sportequipalia.com\/wp-content\/uploads\/2020\/06\/pista-de-tenis-en-cesped-artificial-1024x576.jpg\" class=\"attachment-large size-large\" alt=\"\" size=\"large\" ids=\"2612,2610,2614\" orderby=\"post__in\" include=\"2612,2610,2614\" srcset=\"https:\/\/sportequipalia.com\/wp-content\/uploads\/2020\/06\/pista-de-tenis-en-cesped-artificial-1024x576.jpg 1024w, https:\/\/sportequipalia.com\/wp-content\/uploads\/2020\/06\/pista-de-tenis-en-cesped-artificial-300x169.jpg 300w, https:\/\/sportequipalia.com\/wp-content\/uploads\/2020\/06\/pista-de-tenis-en-cesped-artificial-768x432.jpg 768w, https:\/\/sportequipalia.com\/wp-content\/uploads\/2020\/06\/pista-de-tenis-en-cesped-artificial-1536x864.jpg 1536w, https:\/\/sportequipalia.com\/wp-content\/uploads\/2020\/06\/pista-de-tenis-en-cesped-artificial-280x158.jpg 280w, https:\/\/sportequipalia.com\/wp-content\/uploads\/2020\/06\/pista-de-tenis-en-cesped-artificial-1170x658.jpg 1170w, https:\/\/sportequipalia.com\/wp-content\/uploads\/2020\/06\/pista-de-tenis-en-cesped-artificial.jpg 1600w\" sizes=\"auto, (max-width: 1024px) 100vw, 1024px\" \/><span class=\"gallery_caption\"><\/span><\/a><\/div><div class=\"col-sm-6 col-md-4 col-lg-4\"><a href=\"https:\/\/sportequipalia.com\/wp-content\/uploads\/2020\/06\/pista-de-tenis-en-cesped-artificial-nigran.jpg\" title=\"\" class=\"hoverBorder\"><img loading=\"lazy\" decoding=\"async\" width=\"1024\" height=\"576\" src=\"https:\/\/sportequipalia.com\/wp-content\/uploads\/2020\/06\/pista-de-tenis-en-cesped-artificial-nigran-1024x576.jpg\" class=\"attachment-large size-large\" alt=\"Pista de tenis en c\u00e9sped artificial Nigr\u00e1n\" size=\"large\" ids=\"2612,2610,2614\" orderby=\"post__in\" include=\"2612,2610,2614\" srcset=\"https:\/\/sportequipalia.com\/wp-content\/uploads\/2020\/06\/pista-de-tenis-en-cesped-artificial-nigran-1024x576.jpg 1024w, https:\/\/sportequipalia.com\/wp-content\/uploads\/2020\/06\/pista-de-tenis-en-cesped-artificial-nigran-300x169.jpg 300w, https:\/\/sportequipalia.com\/wp-content\/uploads\/2020\/06\/pista-de-tenis-en-cesped-artificial-nigran-768x432.jpg 768w, https:\/\/sportequipalia.com\/wp-content\/uploads\/2020\/06\/pista-de-tenis-en-cesped-artificial-nigran-280x158.jpg 280w, https:\/\/sportequipalia.com\/wp-content\/uploads\/2020\/06\/pista-de-tenis-en-cesped-artificial-nigran-1170x658.jpg 1170w, https:\/\/sportequipalia.com\/wp-content\/uploads\/2020\/06\/pista-de-tenis-en-cesped-artificial-nigran.jpg 1440w\" sizes=\"auto, (max-width: 1024px) 100vw, 1024px\" \/><span class=\"gallery_caption\"><\/span><\/a><\/div><\/div><\/div>\n","protected":false},"excerpt":{"rendered":"<p>Terrain de tennis avec une surface en gazon artificiel de derni\u00e8re g\u00e9n\u00e9ration d\u00e9velopp\u00e9e pour assurer des performances sportives optimales. Les \u00e9tapes de son assemblage sont les suivantes : Nettoyage de la surface sur laquelle le gazon va se trouver. \u00c9talage des rouleaux. Collage des joints. Insertion des marquages. Remplissage avec du sable de silice. Brossage<\/p>\n","protected":false},"author":8,"featured_media":0,"parent":3269,"menu_order":0,"comment_status":"closed","ping_status":"closed","template":"","meta":{"footnotes":""},"class_list":["post-3274","page","type-page","status-publish","hentry"],"_links":{"self":[{"href":"https:\/\/sportequipalia.com\/fr\/wp-json\/wp\/v2\/pages\/3274","targetHints":{"allow":["GET"]}}],"collection":[{"href":"https:\/\/sportequipalia.com\/fr\/wp-json\/wp\/v2\/pages"}],"about":[{"href":"https:\/\/sportequipalia.com\/fr\/wp-json\/wp\/v2\/types\/page"}],"author":[{"embeddable":true,"href":"https:\/\/sportequipalia.com\/fr\/wp-json\/wp\/v2\/users\/8"}],"replies":[{"embeddable":true,"href":"https:\/\/sportequipalia.com\/fr\/wp-json\/wp\/v2\/comments?post=3274"}],"version-history":[{"count":0,"href":"https:\/\/sportequipalia.com\/fr\/wp-json\/wp\/v2\/pages\/3274\/revisions"}],"up":[{"embeddable":true,"href":"https:\/\/sportequipalia.com\/fr\/wp-json\/wp\/v2\/pages\/3269"}],"wp:attachment":[{"href":"https:\/\/sportequipalia.com\/fr\/wp-json\/wp\/v2\/media?parent=3274"}],"curies":[{"name":"wp","href":"https:\/\/api.w.org\/{rel}","templated":true}]}}