{"id":3272,"date":"2018-11-19T08:58:29","date_gmt":"2018-11-19T07:58:29","guid":{"rendered":"https:\/\/sportequipalia.com\/servicios\/tenis\/equipamiento-de-tenis\/"},"modified":"2022-05-24T10:01:58","modified_gmt":"2022-05-24T08:01:58","slug":"equipamiento-de-tenis","status":"publish","type":"page","link":"https:\/\/sportequipalia.com\/fr\/articles\/tenis\/equipamiento-de-tenis\/","title":{"rendered":"\u00c9quipement de tennis"},"content":{"rendered":"<p><span style=\"font-weight: 400;\">Nous proposons les \u00e9quipements sportifs suivants li\u00e9s au tennis :<\/span><\/p>\n<ul>\n<li style=\"font-weight: 400;\"><span style=\"font-weight: 400;\">Filet de comp\u00e9tition \u00e0 double maille de 4 mm.<\/span><\/li>\n<li style=\"font-weight: 400;\"><span style=\"font-weight: 400;\">Poteaux de tennis.<\/span><\/li>\n<li style=\"font-weight: 400;\"><span style=\"font-weight: 400;\">Si\u00e8ges.<\/span><\/li>\n<li style=\"font-weight: 400;\"><span style=\"font-weight: 400;\">Des pi\u00e8ces de rechange pour nos courts.<\/span><\/li>\n<\/ul>\n<style type=\"text\/css\">\r\n\t\t\t\t#gallery-1 {\r\n\t\t\t\t\tmargin: auto;\r\n\t\t\t\t}\r\n\t\t\t\t#gallery-1 .gallery-item {\r\n\t\t\t\t\tfloat: left;\r\n\t\t\t\t\tmargin-top: 10px;\r\n\t\t\t\t\ttext-align: center;\r\n\t\t\t\t\twidth: 33%;\r\n\t\t\t\t}\r\n\t\t\t\t#gallery-1 .gallery-caption {\r\n\t\t\t\t\tmargin-left: 0;\r\n\t\t\t\t}\r\n\t\t\t<\/style><!-- see gallery_shortcode() in wp-includes\/media.php -->\r\n\t\t\t\n\t\t<div id=\"gallery-1\" class=\"gallery galleryid-3272 mfp-gallery mfp-gallery--images gallery-columns-3 gallery-size-large\"><div class=\"row zn_image_gallery \"><div class=\"col-sm-6 col-md-4 col-lg-4\"><a href=\"https:\/\/sportequipalia.com\/wp-content\/uploads\/2020\/06\/red-padel.jpg\" title=\"\" class=\"hoverBorder\"><img loading=\"lazy\" decoding=\"async\" width=\"441\" height=\"661\" src=\"https:\/\/sportequipalia.com\/wp-content\/uploads\/2020\/06\/red-padel.jpg\" class=\"attachment-large size-large\" alt=\"\" size=\"large\" ids=\"2624,2635,2629\" orderby=\"post__in\" include=\"2624,2635,2629\" srcset=\"https:\/\/sportequipalia.com\/wp-content\/uploads\/2020\/06\/red-padel.jpg 441w, https:\/\/sportequipalia.com\/wp-content\/uploads\/2020\/06\/red-padel-200x300.jpg 200w, https:\/\/sportequipalia.com\/wp-content\/uploads\/2020\/06\/red-padel-125x187.jpg 125w\" sizes=\"auto, (max-width: 441px) 100vw, 441px\" \/><span class=\"gallery_caption\"><\/span><\/a><\/div><div class=\"col-sm-6 col-md-4 col-lg-4\"><a href=\"https:\/\/sportequipalia.com\/wp-content\/uploads\/2020\/06\/silla-juez-tenis-2.png\" title=\"\" class=\"hoverBorder\"><img loading=\"lazy\" decoding=\"async\" width=\"331\" height=\"661\" src=\"https:\/\/sportequipalia.com\/wp-content\/uploads\/2020\/06\/silla-juez-tenis-2.png\" class=\"attachment-large size-large\" alt=\"\" size=\"large\" ids=\"2624,2635,2629\" orderby=\"post__in\" include=\"2624,2635,2629\" srcset=\"https:\/\/sportequipalia.com\/wp-content\/uploads\/2020\/06\/silla-juez-tenis-2.png 331w, https:\/\/sportequipalia.com\/wp-content\/uploads\/2020\/06\/silla-juez-tenis-2-150x300.png 150w, https:\/\/sportequipalia.com\/wp-content\/uploads\/2020\/06\/silla-juez-tenis-2-94x187.png 94w\" sizes=\"auto, (max-width: 331px) 100vw, 331px\" \/><span class=\"gallery_caption\"><\/span><\/a><\/div><div class=\"col-sm-6 col-md-4 col-lg-4\"><a href=\"https:\/\/sportequipalia.com\/wp-content\/uploads\/2020\/06\/poste-aluminio-tenis-do-saar-1.jpg\" title=\"\" class=\"hoverBorder\"><img loading=\"lazy\" decoding=\"async\" width=\"496\" height=\"661\" src=\"https:\/\/sportequipalia.com\/wp-content\/uploads\/2020\/06\/poste-aluminio-tenis-do-saar-1.jpg\" class=\"attachment-large size-large\" alt=\"\" size=\"large\" ids=\"2624,2635,2629\" orderby=\"post__in\" include=\"2624,2635,2629\" srcset=\"https:\/\/sportequipalia.com\/wp-content\/uploads\/2020\/06\/poste-aluminio-tenis-do-saar-1.jpg 496w, https:\/\/sportequipalia.com\/wp-content\/uploads\/2020\/06\/poste-aluminio-tenis-do-saar-1-225x300.jpg 225w, https:\/\/sportequipalia.com\/wp-content\/uploads\/2020\/06\/poste-aluminio-tenis-do-saar-1-140x187.jpg 140w\" sizes=\"auto, (max-width: 496px) 100vw, 496px\" \/><span class=\"gallery_caption\"><\/span><\/a><\/div><\/div><\/div>\n","protected":false},"excerpt":{"rendered":"<p>Nous proposons les \u00e9quipements sportifs suivants li\u00e9s au tennis : Filet de comp\u00e9tition \u00e0 double maille de 4 mm. Poteaux de tennis. Si\u00e8ges. Des pi\u00e8ces de rechange pour nos courts.<\/p>\n","protected":false},"author":8,"featured_media":0,"parent":3269,"menu_order":0,"comment_status":"closed","ping_status":"closed","template":"","meta":{"footnotes":""},"class_list":["post-3272","page","type-page","status-publish","hentry"],"_links":{"self":[{"href":"https:\/\/sportequipalia.com\/fr\/wp-json\/wp\/v2\/pages\/3272","targetHints":{"allow":["GET"]}}],"collection":[{"href":"https:\/\/sportequipalia.com\/fr\/wp-json\/wp\/v2\/pages"}],"about":[{"href":"https:\/\/sportequipalia.com\/fr\/wp-json\/wp\/v2\/types\/page"}],"author":[{"embeddable":true,"href":"https:\/\/sportequipalia.com\/fr\/wp-json\/wp\/v2\/users\/8"}],"replies":[{"embeddable":true,"href":"https:\/\/sportequipalia.com\/fr\/wp-json\/wp\/v2\/comments?post=3272"}],"version-history":[{"count":0,"href":"https:\/\/sportequipalia.com\/fr\/wp-json\/wp\/v2\/pages\/3272\/revisions"}],"up":[{"embeddable":true,"href":"https:\/\/sportequipalia.com\/fr\/wp-json\/wp\/v2\/pages\/3269"}],"wp:attachment":[{"href":"https:\/\/sportequipalia.com\/fr\/wp-json\/wp\/v2\/media?parent=3272"}],"curies":[{"name":"wp","href":"https:\/\/api.w.org\/{rel}","templated":true}]}}