{"id":3269,"date":"2018-10-15T18:56:50","date_gmt":"2018-10-15T16:56:50","guid":{"rendered":"https:\/\/sportequipalia.com\/servicios\/tenis\/"},"modified":"2022-05-24T10:01:57","modified_gmt":"2022-05-24T08:01:57","slug":"tenis","status":"publish","type":"page","link":"https:\/\/sportequipalia.com\/fr\/articles\/tenis\/","title":{"rendered":"Tennis"},"content":{"rendered":"<p><span style=\"font-weight: 400;\">Nous proposons \u00e0 nos clients 3 finitions diff\u00e9rentes pour les surfaces destin\u00e9es \u00e0 la pratique du tennis.<\/span><\/p>\n<ul>\n<li style=\"font-weight: 400;\"><span style=\"font-weight: 400;\">Terrain de tennis en b\u00e9ton poreux.<\/span><\/li>\n<li style=\"font-weight: 400;\"><span style=\"font-weight: 400;\">Terrain de tennis en r\u00e9sine sportive.<\/span><\/li>\n<li style=\"font-weight: 400;\"><span style=\"font-weight: 400;\">Terrain de tennis en gazon artificiel.<\/span><\/li>\n<\/ul>\n<p><span style=\"font-weight: 400;\">Nous faisons toutes les \u00e9tapes du travail, du sol \u00e0 la peinture. <\/span><span style=\"font-weight: 400;\">Nous proposons \u00e9galement la conversion de tout terrain de tennis en terrain de paddle. Demandez \u00e0 nos commerciaux.<\/span><\/p>\n","protected":false},"excerpt":{"rendered":"<p>Regardez les diff\u00e9rents types de finitions que nous avons pour les courts de tennis, y compris les r\u00e9novations de vieux courts, qui en quelques jours seront aussi parfaits que les neufs.<\/p>\n","protected":false},"author":8,"featured_media":3270,"parent":4725,"menu_order":0,"comment_status":"closed","ping_status":"closed","template":"","meta":{"footnotes":""},"class_list":["post-3269","page","type-page","status-publish","has-post-thumbnail","hentry"],"_links":{"self":[{"href":"https:\/\/sportequipalia.com\/fr\/wp-json\/wp\/v2\/pages\/3269","targetHints":{"allow":["GET"]}}],"collection":[{"href":"https:\/\/sportequipalia.com\/fr\/wp-json\/wp\/v2\/pages"}],"about":[{"href":"https:\/\/sportequipalia.com\/fr\/wp-json\/wp\/v2\/types\/page"}],"author":[{"embeddable":true,"href":"https:\/\/sportequipalia.com\/fr\/wp-json\/wp\/v2\/users\/8"}],"replies":[{"embeddable":true,"href":"https:\/\/sportequipalia.com\/fr\/wp-json\/wp\/v2\/comments?post=3269"}],"version-history":[{"count":0,"href":"https:\/\/sportequipalia.com\/fr\/wp-json\/wp\/v2\/pages\/3269\/revisions"}],"up":[{"embeddable":true,"href":"https:\/\/sportequipalia.com\/fr\/wp-json\/wp\/v2\/pages\/4725"}],"wp:featuredmedia":[{"embeddable":true,"href":"https:\/\/sportequipalia.com\/fr\/wp-json\/wp\/v2\/media\/3270"}],"wp:attachment":[{"href":"https:\/\/sportequipalia.com\/fr\/wp-json\/wp\/v2\/media?parent=3269"}],"curies":[{"name":"wp","href":"https:\/\/api.w.org\/{rel}","templated":true}]}}