{"id":3265,"date":"2018-06-15T18:42:38","date_gmt":"2018-06-15T16:42:38","guid":{"rendered":"https:\/\/sportequipalia.com\/servicios\/suelos-para-gimnasios\/"},"modified":"2022-05-24T10:01:57","modified_gmt":"2022-05-24T08:01:57","slug":"suelos-para-gimnasios","status":"publish","type":"page","link":"https:\/\/sportequipalia.com\/fr\/articles\/suelos-para-gimnasios\/","title":{"rendered":"Sols de salles de sport"},"content":{"rendered":"<p><span style=\"font-weight: 400;\">Nos clients peuvent choisir parmi diff\u00e9rentes finitions et couleurs pour \u00e9quiper leurs salles de sport. Notre recommandation :<\/span><\/p>\n<ul>\n<li style=\"font-weight: 400;\"><span style=\"font-weight: 400;\">Pour les zones cardio, les zones d&rsquo;acc\u00e8s et les classes d&rsquo;activit\u00e9s dirig\u00e9es avec des appareils : planchers \u00e0 haute circulation de 2 mm.<\/span><\/li>\n<li style=\"font-weight: 400;\"><span style=\"font-weight: 400;\">Pour les zones de poids libre : dalles en caoutchouc avec syst\u00e8me de clic (sans colle) ou caoutchouc en rouleaux de diff\u00e9rentes \u00e9paisseurs.<\/span><\/li>\n<li style=\"font-weight: 400;\"><span style=\"font-weight: 400;\">Pour les salles d&rsquo;\u00e9tirement, les activit\u00e9s dirig\u00e9es sans appareils en pvc de 6 mm ou les dalles de tatami.<\/span><\/li>\n<\/ul>\n<style type=\"text\/css\">\r\n\t\t\t\t#gallery-1 {\r\n\t\t\t\t\tmargin: auto;\r\n\t\t\t\t}\r\n\t\t\t\t#gallery-1 .gallery-item {\r\n\t\t\t\t\tfloat: left;\r\n\t\t\t\t\tmargin-top: 10px;\r\n\t\t\t\t\ttext-align: center;\r\n\t\t\t\t\twidth: 50%;\r\n\t\t\t\t}\r\n\t\t\t\t#gallery-1 .gallery-caption {\r\n\t\t\t\t\tmargin-left: 0;\r\n\t\t\t\t}\r\n\t\t\t<\/style><!-- see gallery_shortcode() in wp-includes\/media.php -->\r\n\t\t\t\n\t\t<div id=\"gallery-1\" class=\"gallery galleryid-3265 mfp-gallery mfp-gallery--images gallery-columns-2 gallery-size-large\"><div class=\"row zn_image_gallery \"><div class=\"col-sm-6 col-md-4 col-lg-6\"><a href=\"https:\/\/sportequipalia.com\/wp-content\/uploads\/2020\/06\/losetas-clic.jpg\" title=\"\" class=\"hoverBorder\"><img loading=\"lazy\" decoding=\"async\" width=\"1024\" height=\"576\" src=\"https:\/\/sportequipalia.com\/wp-content\/uploads\/2020\/06\/losetas-clic-1024x576.jpg\" class=\"attachment-large size-large\" alt=\"\" size=\"large\" link=\"file\" columns=\"2\" ids=\"2440,2443\" orderby=\"post__in\" include=\"2440,2443\" srcset=\"https:\/\/sportequipalia.com\/wp-content\/uploads\/2020\/06\/losetas-clic-1024x576.jpg 1024w, https:\/\/sportequipalia.com\/wp-content\/uploads\/2020\/06\/losetas-clic-300x169.jpg 300w, https:\/\/sportequipalia.com\/wp-content\/uploads\/2020\/06\/losetas-clic-768x432.jpg 768w, https:\/\/sportequipalia.com\/wp-content\/uploads\/2020\/06\/losetas-clic-280x158.jpg 280w, https:\/\/sportequipalia.com\/wp-content\/uploads\/2020\/06\/losetas-clic-1170x658.jpg 1170w, https:\/\/sportequipalia.com\/wp-content\/uploads\/2020\/06\/losetas-clic.jpg 1280w\" sizes=\"auto, (max-width: 1024px) 100vw, 1024px\" \/><span class=\"gallery_caption\"><\/span><\/a><\/div><div class=\"col-sm-6 col-md-4 col-lg-6\"><a href=\"https:\/\/sportequipalia.com\/wp-content\/uploads\/2020\/06\/tatami.jpg\" title=\"\" class=\"hoverBorder\"><img loading=\"lazy\" decoding=\"async\" width=\"1024\" height=\"576\" src=\"https:\/\/sportequipalia.com\/wp-content\/uploads\/2020\/06\/tatami-1024x576.jpg\" class=\"attachment-large size-large\" alt=\"\" size=\"large\" link=\"file\" columns=\"2\" ids=\"2440,2443\" orderby=\"post__in\" include=\"2440,2443\" srcset=\"https:\/\/sportequipalia.com\/wp-content\/uploads\/2020\/06\/tatami-1024x576.jpg 1024w, https:\/\/sportequipalia.com\/wp-content\/uploads\/2020\/06\/tatami-300x169.jpg 300w, https:\/\/sportequipalia.com\/wp-content\/uploads\/2020\/06\/tatami-768x432.jpg 768w, https:\/\/sportequipalia.com\/wp-content\/uploads\/2020\/06\/tatami-280x158.jpg 280w, https:\/\/sportequipalia.com\/wp-content\/uploads\/2020\/06\/tatami-1170x658.jpg 1170w, https:\/\/sportequipalia.com\/wp-content\/uploads\/2020\/06\/tatami.jpg 1280w\" sizes=\"auto, (max-width: 1024px) 100vw, 1024px\" \/><span class=\"gallery_caption\"><\/span><\/a><\/div><\/div><\/div>\n","protected":false},"excerpt":{"rendered":"<p>Nous avons le meilleur rev\u00eatement de sol pour les salles de sport. En fonction de l&rsquo;activit\u00e9 \u00e0 exercer, vous pouvez choisir entre un rev\u00eatement de sol \u00e0 forte fr\u00e9quentation en 2 mm, des dalles en caoutchouc avec syst\u00e8me de clic ou des dalles tatamis.<\/p>\n","protected":false},"author":8,"featured_media":3266,"parent":4725,"menu_order":0,"comment_status":"closed","ping_status":"closed","template":"","meta":{"footnotes":""},"class_list":["post-3265","page","type-page","status-publish","has-post-thumbnail","hentry"],"_links":{"self":[{"href":"https:\/\/sportequipalia.com\/fr\/wp-json\/wp\/v2\/pages\/3265","targetHints":{"allow":["GET"]}}],"collection":[{"href":"https:\/\/sportequipalia.com\/fr\/wp-json\/wp\/v2\/pages"}],"about":[{"href":"https:\/\/sportequipalia.com\/fr\/wp-json\/wp\/v2\/types\/page"}],"author":[{"embeddable":true,"href":"https:\/\/sportequipalia.com\/fr\/wp-json\/wp\/v2\/users\/8"}],"replies":[{"embeddable":true,"href":"https:\/\/sportequipalia.com\/fr\/wp-json\/wp\/v2\/comments?post=3265"}],"version-history":[{"count":0,"href":"https:\/\/sportequipalia.com\/fr\/wp-json\/wp\/v2\/pages\/3265\/revisions"}],"up":[{"embeddable":true,"href":"https:\/\/sportequipalia.com\/fr\/wp-json\/wp\/v2\/pages\/4725"}],"wp:featuredmedia":[{"embeddable":true,"href":"https:\/\/sportequipalia.com\/fr\/wp-json\/wp\/v2\/media\/3266"}],"wp:attachment":[{"href":"https:\/\/sportequipalia.com\/fr\/wp-json\/wp\/v2\/media?parent=3265"}],"curies":[{"name":"wp","href":"https:\/\/api.w.org\/{rel}","templated":true}]}}