{"id":3263,"date":"2019-03-16T15:08:30","date_gmt":"2019-03-16T14:08:30","guid":{"rendered":"https:\/\/sportequipalia.com\/servicios\/piscinas\/"},"modified":"2022-05-24T10:01:57","modified_gmt":"2022-05-24T08:01:57","slug":"piscinas","status":"publish","type":"page","link":"https:\/\/sportequipalia.com\/fr\/articles\/piscinas\/","title":{"rendered":"Piscines"},"content":{"rendered":"<p><span style=\"font-weight: 400;\">Dans notre entreprise, nous avons \u00e0 votre disposition une \u00e9quipe technique pour vous offrir design, qualit\u00e9 et service dans votre installation.<\/span><\/p>\n<p><span style=\"font-weight: 400;\">C&rsquo;est pourquoi nous sommes tenus d&rsquo;offrir \u00e0 nos clients un service global et, ces derniers temps, nous avons construit et \u00e9quip\u00e9 des piscines.<\/span><\/p>\n<p><span style=\"font-weight: 400;\">Nous fournissons les services suivants :<\/span><\/p>\n<ul>\n<li style=\"font-weight: 400;\"><span style=\"font-weight: 400;\">Construction de la cuve en b\u00e9ton projet\u00e9 (coffrage, renforcement et pulv\u00e9risation).<\/span><\/li>\n<li style=\"font-weight: 400;\"><span style=\"font-weight: 400;\">Plage p\u00e9riph\u00e9rique.<\/span><\/li>\n<li style=\"font-weight: 400;\"><span style=\"font-weight: 400;\">Rev\u00eatement du bassin en gr\u00e8s r\u00e9sistant \u00e0 la glace et au verglas, nettoyage<\/span><\/li>\n<li style=\"font-weight: 400;\"><span style=\"font-weight: 400;\">Syst\u00e8mes de filtration (skimmers, drains, prise d&rsquo;eau du nettoyeur de piscine, filtres, batterie, manom\u00e8tre, pompe, douches, \u00e9chelles, circuit hydraulique&#8230;)<\/span><\/li>\n<li style=\"font-weight: 400;\"><span style=\"font-weight: 400;\">Equipement de piscine (lignes d\u2019eau, podiums, panneaux de signalisation,\u00a0 sauveteurs&#8230;.)<\/span><\/li>\n<\/ul>\n","protected":false},"excerpt":{"rendered":"<p>Pour les travaux d\u00e9licats en termes de design et de qualit\u00e9, faites confiance \u00e0 Sport Equipalia. Les piscines de construction sont une installation tr\u00e8s exclusive qui donne g\u00e9n\u00e9ralement la touche finale \u00e0 une enceinte sportive de haut niveau. C&rsquo;est pourquoi de grandes marques de la direction du sport comptent sur nous pour leurs travaux.<\/p>\n","protected":false},"author":8,"featured_media":3264,"parent":4725,"menu_order":0,"comment_status":"closed","ping_status":"closed","template":"","meta":{"footnotes":""},"class_list":["post-3263","page","type-page","status-publish","has-post-thumbnail","hentry"],"_links":{"self":[{"href":"https:\/\/sportequipalia.com\/fr\/wp-json\/wp\/v2\/pages\/3263","targetHints":{"allow":["GET"]}}],"collection":[{"href":"https:\/\/sportequipalia.com\/fr\/wp-json\/wp\/v2\/pages"}],"about":[{"href":"https:\/\/sportequipalia.com\/fr\/wp-json\/wp\/v2\/types\/page"}],"author":[{"embeddable":true,"href":"https:\/\/sportequipalia.com\/fr\/wp-json\/wp\/v2\/users\/8"}],"replies":[{"embeddable":true,"href":"https:\/\/sportequipalia.com\/fr\/wp-json\/wp\/v2\/comments?post=3263"}],"version-history":[{"count":0,"href":"https:\/\/sportequipalia.com\/fr\/wp-json\/wp\/v2\/pages\/3263\/revisions"}],"up":[{"embeddable":true,"href":"https:\/\/sportequipalia.com\/fr\/wp-json\/wp\/v2\/pages\/4725"}],"wp:featuredmedia":[{"embeddable":true,"href":"https:\/\/sportequipalia.com\/fr\/wp-json\/wp\/v2\/media\/3264"}],"wp:attachment":[{"href":"https:\/\/sportequipalia.com\/fr\/wp-json\/wp\/v2\/media?parent=3263"}],"curies":[{"name":"wp","href":"https:\/\/api.w.org\/{rel}","templated":true}]}}