{"id":3260,"date":"2018-12-15T18:52:31","date_gmt":"2018-12-15T17:52:31","guid":{"rendered":"https:\/\/sportequipalia.com\/servicios\/pavitrack\/"},"modified":"2022-05-24T10:01:57","modified_gmt":"2022-05-24T08:01:57","slug":"pavitrack","status":"publish","type":"page","link":"https:\/\/sportequipalia.com\/fr\/articles\/pavitrack\/","title":{"rendered":"Pavitrack"},"content":{"rendered":"<p><span style=\"font-weight: 400;\">Le produit le plus polyvalent et le plus original de la ligne Pavigames. Compos\u00e9 de contreplaqu\u00e9 recouvert de polym\u00e8re de fibre de verre test\u00e9 en tous climats. Des bords lisses et arrondis pour \u00e9viter les frottements sur la peau et la peinture. Pieds en caoutchouc pour \u00e9viter de glisser. Vis cach\u00e9es et acier inoxydable pour toute la structure expos\u00e9e.<\/span><\/p>\n<style type=\"text\/css\">\r\n\t\t\t\t#gallery-1 {\r\n\t\t\t\t\tmargin: auto;\r\n\t\t\t\t}\r\n\t\t\t\t#gallery-1 .gallery-item {\r\n\t\t\t\t\tfloat: left;\r\n\t\t\t\t\tmargin-top: 10px;\r\n\t\t\t\t\ttext-align: center;\r\n\t\t\t\t\twidth: 33%;\r\n\t\t\t\t}\r\n\t\t\t\t#gallery-1 .gallery-caption {\r\n\t\t\t\t\tmargin-left: 0;\r\n\t\t\t\t}\r\n\t\t\t<\/style><!-- see gallery_shortcode() in wp-includes\/media.php -->\r\n\t\t\t\n\t\t<div id=\"gallery-1\" class=\"gallery galleryid-3260 mfp-gallery mfp-gallery--images gallery-columns-3 gallery-size-large\"><div class=\"row zn_image_gallery \"><div class=\"col-sm-6 col-md-4 col-lg-4\"><a href=\"https:\/\/sportequipalia.com\/wp-content\/uploads\/2020\/06\/oberstaufen.jpg\" title=\"Pista pavitrack\" class=\"hoverBorder\"><img loading=\"lazy\" decoding=\"async\" width=\"1024\" height=\"576\" src=\"https:\/\/sportequipalia.com\/wp-content\/uploads\/2020\/06\/oberstaufen-1024x576.jpg\" class=\"attachment-large size-large\" alt=\"Pista pavitrack\" size=\"large\" link=\"file\" ids=\"2419,2424,2427\" orderby=\"post__in\" include=\"2419,2424,2427\" srcset=\"https:\/\/sportequipalia.com\/wp-content\/uploads\/2020\/06\/oberstaufen-1024x576.jpg 1024w, https:\/\/sportequipalia.com\/wp-content\/uploads\/2020\/06\/oberstaufen-300x169.jpg 300w, https:\/\/sportequipalia.com\/wp-content\/uploads\/2020\/06\/oberstaufen-768x432.jpg 768w, https:\/\/sportequipalia.com\/wp-content\/uploads\/2020\/06\/oberstaufen-1536x864.jpg 1536w, https:\/\/sportequipalia.com\/wp-content\/uploads\/2020\/06\/oberstaufen-280x158.jpg 280w, https:\/\/sportequipalia.com\/wp-content\/uploads\/2020\/06\/oberstaufen-1170x658.jpg 1170w, https:\/\/sportequipalia.com\/wp-content\/uploads\/2020\/06\/oberstaufen.jpg 1920w\" sizes=\"auto, (max-width: 1024px) 100vw, 1024px\" \/><span class=\"gallery_caption\">Pista pavitrack<\/span><\/a><\/div><div class=\"col-sm-6 col-md-4 col-lg-4\"><a href=\"https:\/\/sportequipalia.com\/wp-content\/uploads\/2020\/06\/pumptrack-fabian-laute-heiko-schiller-stefan-kolpatzik-1.jpg\" title=\"\" class=\"hoverBorder\"><img loading=\"lazy\" decoding=\"async\" width=\"1024\" height=\"576\" src=\"https:\/\/sportequipalia.com\/wp-content\/uploads\/2020\/06\/pumptrack-fabian-laute-heiko-schiller-stefan-kolpatzik-1-1024x576.jpg\" class=\"attachment-large size-large\" alt=\"\" size=\"large\" link=\"file\" ids=\"2419,2424,2427\" orderby=\"post__in\" include=\"2419,2424,2427\" srcset=\"https:\/\/sportequipalia.com\/wp-content\/uploads\/2020\/06\/pumptrack-fabian-laute-heiko-schiller-stefan-kolpatzik-1-1024x576.jpg 1024w, https:\/\/sportequipalia.com\/wp-content\/uploads\/2020\/06\/pumptrack-fabian-laute-heiko-schiller-stefan-kolpatzik-1-300x169.jpg 300w, https:\/\/sportequipalia.com\/wp-content\/uploads\/2020\/06\/pumptrack-fabian-laute-heiko-schiller-stefan-kolpatzik-1-768x432.jpg 768w, https:\/\/sportequipalia.com\/wp-content\/uploads\/2020\/06\/pumptrack-fabian-laute-heiko-schiller-stefan-kolpatzik-1-1536x864.jpg 1536w, https:\/\/sportequipalia.com\/wp-content\/uploads\/2020\/06\/pumptrack-fabian-laute-heiko-schiller-stefan-kolpatzik-1-280x158.jpg 280w, https:\/\/sportequipalia.com\/wp-content\/uploads\/2020\/06\/pumptrack-fabian-laute-heiko-schiller-stefan-kolpatzik-1-1170x658.jpg 1170w, https:\/\/sportequipalia.com\/wp-content\/uploads\/2020\/06\/pumptrack-fabian-laute-heiko-schiller-stefan-kolpatzik-1.jpg 1920w\" sizes=\"auto, (max-width: 1024px) 100vw, 1024px\" \/><span class=\"gallery_caption\"><\/span><\/a><\/div><div class=\"col-sm-6 col-md-4 col-lg-4\"><a href=\"https:\/\/sportequipalia.com\/wp-content\/uploads\/2020\/06\/parkitect.jpg\" title=\"\" class=\"hoverBorder\"><img loading=\"lazy\" decoding=\"async\" width=\"1024\" height=\"576\" src=\"https:\/\/sportequipalia.com\/wp-content\/uploads\/2020\/06\/parkitect-1024x576.jpg\" class=\"attachment-large size-large\" alt=\"\" size=\"large\" link=\"file\" ids=\"2419,2424,2427\" orderby=\"post__in\" include=\"2419,2424,2427\" srcset=\"https:\/\/sportequipalia.com\/wp-content\/uploads\/2020\/06\/parkitect-1024x576.jpg 1024w, https:\/\/sportequipalia.com\/wp-content\/uploads\/2020\/06\/parkitect-300x169.jpg 300w, https:\/\/sportequipalia.com\/wp-content\/uploads\/2020\/06\/parkitect-768x432.jpg 768w, https:\/\/sportequipalia.com\/wp-content\/uploads\/2020\/06\/parkitect-1536x864.jpg 1536w, https:\/\/sportequipalia.com\/wp-content\/uploads\/2020\/06\/parkitect-280x158.jpg 280w, https:\/\/sportequipalia.com\/wp-content\/uploads\/2020\/06\/parkitect-1170x658.jpg 1170w, https:\/\/sportequipalia.com\/wp-content\/uploads\/2020\/06\/parkitect.jpg 1920w\" sizes=\"auto, (max-width: 1024px) 100vw, 1024px\" \/><span class=\"gallery_caption\"><\/span><\/a><\/div><\/div><\/div>\n","protected":false},"excerpt":{"rendered":"<p>Nouveau produit exclusif. Circuits de pumptrack sous notre marque Pavigames. Valable pour les box-bikes, patins, skateboards, planches \u00e0 roulettes&#8230; Totalement d\u00e9montable, modulaire et configurable.<\/p>\n","protected":false},"author":8,"featured_media":3262,"parent":4725,"menu_order":0,"comment_status":"closed","ping_status":"closed","template":"","meta":{"footnotes":""},"class_list":["post-3260","page","type-page","status-publish","has-post-thumbnail","hentry"],"_links":{"self":[{"href":"https:\/\/sportequipalia.com\/fr\/wp-json\/wp\/v2\/pages\/3260","targetHints":{"allow":["GET"]}}],"collection":[{"href":"https:\/\/sportequipalia.com\/fr\/wp-json\/wp\/v2\/pages"}],"about":[{"href":"https:\/\/sportequipalia.com\/fr\/wp-json\/wp\/v2\/types\/page"}],"author":[{"embeddable":true,"href":"https:\/\/sportequipalia.com\/fr\/wp-json\/wp\/v2\/users\/8"}],"replies":[{"embeddable":true,"href":"https:\/\/sportequipalia.com\/fr\/wp-json\/wp\/v2\/comments?post=3260"}],"version-history":[{"count":0,"href":"https:\/\/sportequipalia.com\/fr\/wp-json\/wp\/v2\/pages\/3260\/revisions"}],"up":[{"embeddable":true,"href":"https:\/\/sportequipalia.com\/fr\/wp-json\/wp\/v2\/pages\/4725"}],"wp:featuredmedia":[{"embeddable":true,"href":"https:\/\/sportequipalia.com\/fr\/wp-json\/wp\/v2\/media\/3262"}],"wp:attachment":[{"href":"https:\/\/sportequipalia.com\/fr\/wp-json\/wp\/v2\/media?parent=3260"}],"curies":[{"name":"wp","href":"https:\/\/api.w.org\/{rel}","templated":true}]}}