{"id":3258,"date":"2019-01-16T10:20:00","date_gmt":"2019-01-16T09:20:00","guid":{"rendered":"https:\/\/sportequipalia.com\/servicios\/parques\/"},"modified":"2022-05-24T10:01:57","modified_gmt":"2022-05-24T08:01:57","slug":"parques","status":"publish","type":"page","link":"https:\/\/sportequipalia.com\/fr\/articles\/parques\/","title":{"rendered":"Parcs"},"content":{"rendered":"<p><span style=\"font-weight: 400;\">Nous construisons des terrains de jeux \u00e0 partir de z\u00e9ro, avec d\u00e9veloppement de projet et certification ult\u00e9rieure.<\/span><\/p>\n<p><span style=\"font-weight: 400;\">Voici ce que nous faisons :<\/span><\/p>\n<ul>\n<li><span style=\"font-weight: 400;\">Chape en b\u00e9ton avec une goutti\u00e8re pour l&rsquo;\u00e9vacuation de l&rsquo;eau.<\/span><\/li>\n<li><span style=\"font-weight: 400;\">Collecte de l&rsquo;eau au moyen de bandes de canalisation<\/span><\/li>\n<li><span style=\"font-weight: 400;\">Sol en caoutchouc ou en caoutchouc continu de diff\u00e9rentes couleurs et motifs.<\/span><\/li>\n<li><span style=\"font-weight: 400;\">Fourniture et installation de jeux \u00e9ducatifs, th\u00e9matiques et bio-sanitaires pour tous les \u00e2ges, certifi\u00e9s par le fabricant et conformes \u00e0 la r\u00e9glementation europ\u00e9enne.<\/span><\/li>\n<li><span style=\"font-weight: 400;\">Finition des zones de passage avec du gazon artificiel r\u00e9sidentiel et fermeture avec une cl\u00f4ture en bois ou en poly\u00e9thyl\u00e8ne color\u00e9.<\/span><\/li>\n<\/ul>\n","protected":false},"excerpt":{"rendered":"<p>Nous proposons toutes sortes de jeux class\u00e9s par \u00e2ge, fourniture ou installation \u00e9galement. Nous compl\u00e9tons \u00e9galement l&rsquo;aire de jeu par des zones de s\u00e9curit\u00e9 continues en caoutchouc et des passerelles en gazon artificiel.<\/p>\n","protected":false},"author":8,"featured_media":3259,"parent":4725,"menu_order":0,"comment_status":"closed","ping_status":"closed","template":"","meta":{"footnotes":""},"class_list":["post-3258","page","type-page","status-publish","has-post-thumbnail","hentry"],"_links":{"self":[{"href":"https:\/\/sportequipalia.com\/fr\/wp-json\/wp\/v2\/pages\/3258","targetHints":{"allow":["GET"]}}],"collection":[{"href":"https:\/\/sportequipalia.com\/fr\/wp-json\/wp\/v2\/pages"}],"about":[{"href":"https:\/\/sportequipalia.com\/fr\/wp-json\/wp\/v2\/types\/page"}],"author":[{"embeddable":true,"href":"https:\/\/sportequipalia.com\/fr\/wp-json\/wp\/v2\/users\/8"}],"replies":[{"embeddable":true,"href":"https:\/\/sportequipalia.com\/fr\/wp-json\/wp\/v2\/comments?post=3258"}],"version-history":[{"count":0,"href":"https:\/\/sportequipalia.com\/fr\/wp-json\/wp\/v2\/pages\/3258\/revisions"}],"up":[{"embeddable":true,"href":"https:\/\/sportequipalia.com\/fr\/wp-json\/wp\/v2\/pages\/4725"}],"wp:featuredmedia":[{"embeddable":true,"href":"https:\/\/sportequipalia.com\/fr\/wp-json\/wp\/v2\/media\/3259"}],"wp:attachment":[{"href":"https:\/\/sportequipalia.com\/fr\/wp-json\/wp\/v2\/media?parent=3258"}],"curies":[{"name":"wp","href":"https:\/\/api.w.org\/{rel}","templated":true}]}}