{"id":3254,"date":"2018-11-17T12:43:41","date_gmt":"2018-11-17T11:43:41","guid":{"rendered":"https:\/\/sportequipalia.com\/servicios\/padel\/pista-standard\/"},"modified":"2022-05-24T10:01:56","modified_gmt":"2022-05-24T08:01:56","slug":"pista-standard","status":"publish","type":"page","link":"https:\/\/sportequipalia.com\/fr\/servicios\/padel\/pista-standard\/","title":{"rendered":"Court Standard"},"content":{"rendered":"<p><span style=\"font-weight: 400;\">Le court de paddle ayant le meilleur rapport qualit\u00e9\/prix sur le march\u00e9.<\/span><\/p>\n<p><span style=\"font-weight: 400;\">Caract\u00e9ristiques techniques :<\/span><\/p>\n<ul>\n<li style=\"font-weight: 400;\"><span style=\"font-weight: 400;\">Structure m\u00e9tallique construite en profil\u00e9 d&rsquo;acier galvanis\u00e9 dans des piliers tubulaires de 100x50x2 mm<\/span><\/li>\n<li style=\"font-weight: 400;\"><span style=\"font-weight: 400;\">Cadres \u00e0 profil carr\u00e9 de 40x40x2 mm et maille \u00e9lectrosoud\u00e9e de 50x50x4 mm avec une surface de jeu de 20&#215;10 m\u00e8tres fabriqu\u00e9s dans notre propre atelier<\/span><\/li>\n<li style=\"font-weight: 400;\"><span style=\"font-weight: 400;\">Plaques de fixation pour la structure 200x150x10 mm \u00e0 fixer au sol au moyen de 4 chevilles de type \u00ab\u00a0Hilti<\/span><\/li>\n<li style=\"font-weight: 400;\"><span style=\"font-weight: 400;\">Portes doubles sur un ou deux c\u00f4t\u00e9s<\/span><\/li>\n<li style=\"font-weight: 400;\"><span style=\"font-weight: 400;\">Couleur de la structure \u00e0 choisir dans le tableau RAL<\/span><\/li>\n<li style=\"font-weight: 400;\"><span style=\"font-weight: 400;\">Les luminaires int\u00e9gr\u00e9s dans la structure ou s\u00e9par\u00e9s de celle-ci<\/span><\/li>\n<li style=\"font-weight: 400;\"><span style=\"font-weight: 400;\">Option de renforcement arri\u00e8re pour les installations ext\u00e9rieures avec des vents forts<\/span><\/li>\n<li style=\"font-weight: 400;\"><span style=\"font-weight: 400;\">Verre de 10 ou 12 mm d&rsquo;\u00e9paisseur avec bords polis et trous frais\u00e9s<\/span><\/li>\n<li style=\"font-weight: 400;\"><span style=\"font-weight: 400;\">Projecteurs halog\u00e8nes 360W ou nouveaux projecteurs LED 100\/150\/200W<\/span><\/li>\n<li style=\"font-weight: 400;\"><span style=\"font-weight: 400;\">12 et 15 mm d&rsquo;herbe fibrill\u00e9e ou monofilament de diff\u00e9rentes couleurs (vert, bleu, tuile, rose ou noir)<\/span><\/li>\n<\/ul>\n<style type=\"text\/css\">\r\n\t\t\t\t#gallery-1 {\r\n\t\t\t\t\tmargin: auto;\r\n\t\t\t\t}\r\n\t\t\t\t#gallery-1 .gallery-item {\r\n\t\t\t\t\tfloat: left;\r\n\t\t\t\t\tmargin-top: 10px;\r\n\t\t\t\t\ttext-align: center;\r\n\t\t\t\t\twidth: 33%;\r\n\t\t\t\t}\r\n\t\t\t\t#gallery-1 .gallery-caption {\r\n\t\t\t\t\tmargin-left: 0;\r\n\t\t\t\t}\r\n\t\t\t<\/style><!-- see gallery_shortcode() in wp-includes\/media.php -->\r\n\t\t\t\n\t\t<div id=\"gallery-1\" class=\"gallery galleryid-3254 mfp-gallery mfp-gallery--images gallery-columns-3 gallery-size-large\"><div class=\"row zn_image_gallery \"><div class=\"col-sm-6 col-md-4 col-lg-4\"><a href=\"https:\/\/sportequipalia.com\/wp-content\/uploads\/2018\/11\/pista-padel-standard-3.jpg\" title=\"\" class=\"hoverBorder\"><img loading=\"lazy\" decoding=\"async\" width=\"1024\" height=\"640\" src=\"https:\/\/sportequipalia.com\/wp-content\/uploads\/2018\/11\/pista-padel-standard-3-1024x640.jpg\" class=\"attachment-large size-large\" alt=\"\" size=\"large\" ids=\"1518,1519,1520\" orderby=\"post__in\" include=\"1518,1519,1520\" srcset=\"https:\/\/sportequipalia.com\/wp-content\/uploads\/2018\/11\/pista-padel-standard-3-1024x640.jpg 1024w, https:\/\/sportequipalia.com\/wp-content\/uploads\/2018\/11\/pista-padel-standard-3-300x188.jpg 300w, https:\/\/sportequipalia.com\/wp-content\/uploads\/2018\/11\/pista-padel-standard-3-768x480.jpg 768w, https:\/\/sportequipalia.com\/wp-content\/uploads\/2018\/11\/pista-padel-standard-3-280x175.jpg 280w, https:\/\/sportequipalia.com\/wp-content\/uploads\/2018\/11\/pista-padel-standard-3-1170x731.jpg 1170w, https:\/\/sportequipalia.com\/wp-content\/uploads\/2018\/11\/pista-padel-standard-3.jpg 1280w\" sizes=\"auto, (max-width: 1024px) 100vw, 1024px\" \/><span class=\"gallery_caption\"><\/span><\/a><\/div><div class=\"col-sm-6 col-md-4 col-lg-4\"><a href=\"https:\/\/sportequipalia.com\/wp-content\/uploads\/2018\/11\/pista-padel-standard-2.jpg\" title=\"\" class=\"hoverBorder\"><img loading=\"lazy\" decoding=\"async\" width=\"1024\" height=\"640\" src=\"https:\/\/sportequipalia.com\/wp-content\/uploads\/2018\/11\/pista-padel-standard-2-1024x640.jpg\" class=\"attachment-large size-large\" alt=\"\" size=\"large\" ids=\"1518,1519,1520\" orderby=\"post__in\" include=\"1518,1519,1520\" srcset=\"https:\/\/sportequipalia.com\/wp-content\/uploads\/2018\/11\/pista-padel-standard-2-1024x640.jpg 1024w, https:\/\/sportequipalia.com\/wp-content\/uploads\/2018\/11\/pista-padel-standard-2-300x188.jpg 300w, https:\/\/sportequipalia.com\/wp-content\/uploads\/2018\/11\/pista-padel-standard-2-768x480.jpg 768w, https:\/\/sportequipalia.com\/wp-content\/uploads\/2018\/11\/pista-padel-standard-2-280x175.jpg 280w, https:\/\/sportequipalia.com\/wp-content\/uploads\/2018\/11\/pista-padel-standard-2-1170x731.jpg 1170w, https:\/\/sportequipalia.com\/wp-content\/uploads\/2018\/11\/pista-padel-standard-2.jpg 1280w\" sizes=\"auto, (max-width: 1024px) 100vw, 1024px\" \/><span class=\"gallery_caption\"><\/span><\/a><\/div><div class=\"col-sm-6 col-md-4 col-lg-4\"><a href=\"https:\/\/sportequipalia.com\/wp-content\/uploads\/2018\/11\/pista-padel-standard.jpg\" title=\"\" class=\"hoverBorder\"><img loading=\"lazy\" decoding=\"async\" width=\"1024\" height=\"640\" src=\"https:\/\/sportequipalia.com\/wp-content\/uploads\/2018\/11\/pista-padel-standard-1024x640.jpg\" class=\"attachment-large size-large\" alt=\"\" size=\"large\" ids=\"1518,1519,1520\" orderby=\"post__in\" include=\"1518,1519,1520\" srcset=\"https:\/\/sportequipalia.com\/wp-content\/uploads\/2018\/11\/pista-padel-standard-1024x640.jpg 1024w, https:\/\/sportequipalia.com\/wp-content\/uploads\/2018\/11\/pista-padel-standard-300x188.jpg 300w, https:\/\/sportequipalia.com\/wp-content\/uploads\/2018\/11\/pista-padel-standard-768x480.jpg 768w, https:\/\/sportequipalia.com\/wp-content\/uploads\/2018\/11\/pista-padel-standard-280x175.jpg 280w, https:\/\/sportequipalia.com\/wp-content\/uploads\/2018\/11\/pista-padel-standard-1170x731.jpg 1170w, https:\/\/sportequipalia.com\/wp-content\/uploads\/2018\/11\/pista-padel-standard.jpg 1280w\" sizes=\"auto, (max-width: 1024px) 100vw, 1024px\" \/><span class=\"gallery_caption\"><\/span><\/a><\/div><\/div><\/div>\n","protected":false},"excerpt":{"rendered":"<p>Le court de paddle ayant le meilleur rapport qualit\u00e9\/prix sur le march\u00e9. Caract\u00e9ristiques techniques : Structure m\u00e9tallique construite en profil\u00e9 d&rsquo;acier galvanis\u00e9 dans des piliers tubulaires de 100x50x2 mm Cadres \u00e0 profil carr\u00e9 de 40x40x2 mm et maille \u00e9lectrosoud\u00e9e de 50x50x4 mm avec une surface de jeu de 20&#215;10 m\u00e8tres fabriqu\u00e9s dans notre propre atelier<\/p>\n","protected":false},"author":8,"featured_media":0,"parent":3236,"menu_order":1,"comment_status":"closed","ping_status":"closed","template":"","meta":{"footnotes":""},"class_list":["post-3254","page","type-page","status-publish","hentry"],"_links":{"self":[{"href":"https:\/\/sportequipalia.com\/fr\/wp-json\/wp\/v2\/pages\/3254","targetHints":{"allow":["GET"]}}],"collection":[{"href":"https:\/\/sportequipalia.com\/fr\/wp-json\/wp\/v2\/pages"}],"about":[{"href":"https:\/\/sportequipalia.com\/fr\/wp-json\/wp\/v2\/types\/page"}],"author":[{"embeddable":true,"href":"https:\/\/sportequipalia.com\/fr\/wp-json\/wp\/v2\/users\/8"}],"replies":[{"embeddable":true,"href":"https:\/\/sportequipalia.com\/fr\/wp-json\/wp\/v2\/comments?post=3254"}],"version-history":[{"count":0,"href":"https:\/\/sportequipalia.com\/fr\/wp-json\/wp\/v2\/pages\/3254\/revisions"}],"up":[{"embeddable":true,"href":"https:\/\/sportequipalia.com\/fr\/wp-json\/wp\/v2\/pages\/3236"}],"wp:attachment":[{"href":"https:\/\/sportequipalia.com\/fr\/wp-json\/wp\/v2\/media?parent=3254"}],"curies":[{"name":"wp","href":"https:\/\/api.w.org\/{rel}","templated":true}]}}