{"id":3250,"date":"2018-11-17T12:47:45","date_gmt":"2018-11-17T11:47:45","guid":{"rendered":"https:\/\/sportequipalia.com\/servicios\/padel\/pista-panoramica-standard\/"},"modified":"2022-05-24T10:01:56","modified_gmt":"2022-05-24T08:01:56","slug":"pista-panoramica-standard","status":"publish","type":"page","link":"https:\/\/sportequipalia.com\/fr\/servicios\/padel\/pista-panoramica-standard\/","title":{"rendered":"Court Panoramique Standard"},"content":{"rendered":"<p><span style=\"font-weight: 400;\">Le court de paddle tennis haut de gamme de Sport Equipalia. Caract\u00e9ristiques techniques :<\/span><\/p>\n<ul>\n<li style=\"font-weight: 400;\"><span style=\"font-weight: 400;\">Structure m\u00e9tallique construite en profil\u00e9 d&rsquo;acier galvanis\u00e9 dans des piliers tubulaires de 100x50x2 mm<\/span><\/li>\n<li style=\"font-weight: 400;\"><span style=\"font-weight: 400;\">Cadres \u00e0 profil carr\u00e9 de 40x40x2 mm et grillage \u00e9lectro-soud\u00e9 de 50x50x4 mm avec des tubes 40\/40\/1,5 en modules de 2&#215;3 m\u00e8tres et de 2&#215;1 m\u00e8tres avec une surface de jeu de 20&#215;10 m\u00e8tres avec des fonds panoramiques r\u00e9alis\u00e9s dans notre propre atelier.<\/span><\/li>\n<li style=\"font-weight: 400;\"><span style=\"font-weight: 400;\">Plaques de fixation pour la structure de 200x150x10 mm \u00e0 fixer au sol au moyen de 4 chevilles de type \u00ab\u00a0Hilti<\/span><\/li>\n<li style=\"font-weight: 400;\"><span style=\"font-weight: 400;\">Poutres arri\u00e8re de 10 m\u00e8tres de long mesurant 120x120x6 et cadre lat\u00e9ral 120x80x6<\/span><\/li>\n<li style=\"font-weight: 400;\"><span style=\"font-weight: 400;\">Portes doubles sur un ou deux c\u00f4t\u00e9s, ou sortie de comp\u00e9tition<\/span><\/li>\n<li style=\"font-weight: 400;\"><span style=\"font-weight: 400;\">Couleur de la structure \u00e0 choisir dans le tableau RAL<\/span><\/li>\n<li style=\"font-weight: 400;\"><span style=\"font-weight: 400;\">Poteaux d&rsquo;\u00e9clairage int\u00e9gr\u00e9s dans la structure ou s\u00e9par\u00e9s de celle-ci<\/span><\/li>\n<li style=\"font-weight: 400;\"><span style=\"font-weight: 400;\">Renforts de 12 mm pour le dos en verre<\/span><\/li>\n<li style=\"font-weight: 400;\"><span style=\"font-weight: 400;\">Verre de 12 mm d&rsquo;\u00e9paisseur avec bords polis et trous frais\u00e9s<\/span><\/li>\n<li style=\"font-weight: 400;\"><span style=\"font-weight: 400;\">Projecteurs halog\u00e8nes 360W ou nouveaux projecteurs LED 100\/150\/200w<\/span><\/li>\n<li style=\"font-weight: 400;\"><span style=\"font-weight: 400;\">Gazon fibrill\u00e9 ou monofilament\u00a0 de 12 et 15 mm de diff\u00e9rentes couleurs (vert, bleu, tuile, rose ou noir)<\/span><\/li>\n<li style=\"font-weight: 400;\"><span style=\"font-weight: 400;\">Parfait pour les courts de paddle tennis centraux et d\u00e9di\u00e9 \u00e0 la\u00a0 comp\u00e9tition<\/span>\n<style type=\"text\/css\">\r\n\t\t\t\t#gallery-1 {\r\n\t\t\t\t\tmargin: auto;\r\n\t\t\t\t}\r\n\t\t\t\t#gallery-1 .gallery-item {\r\n\t\t\t\t\tfloat: left;\r\n\t\t\t\t\tmargin-top: 10px;\r\n\t\t\t\t\ttext-align: center;\r\n\t\t\t\t\twidth: 33%;\r\n\t\t\t\t}\r\n\t\t\t\t#gallery-1 .gallery-caption {\r\n\t\t\t\t\tmargin-left: 0;\r\n\t\t\t\t}\r\n\t\t\t<\/style><!-- see gallery_shortcode() in wp-includes\/media.php -->\r\n\t\t\t\n\t\t<div id=\"gallery-1\" class=\"gallery galleryid-3250 mfp-gallery mfp-gallery--images gallery-columns-3 gallery-size-large\"><div class=\"row zn_image_gallery \"><div class=\"col-sm-6 col-md-4 col-lg-4\"><a href=\"https:\/\/sportequipalia.com\/wp-content\/uploads\/2020\/06\/padel-pista-panoramica-standard-01.jpg\" title=\"\" class=\"hoverBorder\"><img loading=\"lazy\" decoding=\"async\" width=\"1024\" height=\"640\" src=\"https:\/\/sportequipalia.com\/wp-content\/uploads\/2020\/06\/padel-pista-panoramica-standard-01-1024x640.jpg\" class=\"attachment-large size-large\" alt=\"\" size=\"large\" ids=\"2456,2460,2463\" orderby=\"post__in\" include=\"2456,2460,2463\" srcset=\"https:\/\/sportequipalia.com\/wp-content\/uploads\/2020\/06\/padel-pista-panoramica-standard-01-1024x640.jpg 1024w, https:\/\/sportequipalia.com\/wp-content\/uploads\/2020\/06\/padel-pista-panoramica-standard-01-300x188.jpg 300w, https:\/\/sportequipalia.com\/wp-content\/uploads\/2020\/06\/padel-pista-panoramica-standard-01-768x480.jpg 768w, https:\/\/sportequipalia.com\/wp-content\/uploads\/2020\/06\/padel-pista-panoramica-standard-01-280x175.jpg 280w, https:\/\/sportequipalia.com\/wp-content\/uploads\/2020\/06\/padel-pista-panoramica-standard-01-1170x731.jpg 1170w, https:\/\/sportequipalia.com\/wp-content\/uploads\/2020\/06\/padel-pista-panoramica-standard-01.jpg 1280w\" sizes=\"auto, (max-width: 1024px) 100vw, 1024px\" \/><span class=\"gallery_caption\"><\/span><\/a><\/div><div class=\"col-sm-6 col-md-4 col-lg-4\"><a href=\"https:\/\/sportequipalia.com\/wp-content\/uploads\/2020\/06\/padel-pista-panoramica-standard-02.jpg\" title=\"\" class=\"hoverBorder\"><img loading=\"lazy\" decoding=\"async\" width=\"1024\" height=\"640\" src=\"https:\/\/sportequipalia.com\/wp-content\/uploads\/2020\/06\/padel-pista-panoramica-standard-02-1024x640.jpg\" class=\"attachment-large size-large\" alt=\"Padel pista panor\u00e1mica standard\" size=\"large\" ids=\"2456,2460,2463\" orderby=\"post__in\" include=\"2456,2460,2463\" srcset=\"https:\/\/sportequipalia.com\/wp-content\/uploads\/2020\/06\/padel-pista-panoramica-standard-02-1024x640.jpg 1024w, https:\/\/sportequipalia.com\/wp-content\/uploads\/2020\/06\/padel-pista-panoramica-standard-02-300x188.jpg 300w, https:\/\/sportequipalia.com\/wp-content\/uploads\/2020\/06\/padel-pista-panoramica-standard-02-768x480.jpg 768w, https:\/\/sportequipalia.com\/wp-content\/uploads\/2020\/06\/padel-pista-panoramica-standard-02-280x175.jpg 280w, https:\/\/sportequipalia.com\/wp-content\/uploads\/2020\/06\/padel-pista-panoramica-standard-02-1170x731.jpg 1170w, https:\/\/sportequipalia.com\/wp-content\/uploads\/2020\/06\/padel-pista-panoramica-standard-02.jpg 1280w\" sizes=\"auto, (max-width: 1024px) 100vw, 1024px\" \/><span class=\"gallery_caption\"><\/span><\/a><\/div><div class=\"col-sm-6 col-md-4 col-lg-4\"><a href=\"https:\/\/sportequipalia.com\/wp-content\/uploads\/2020\/06\/padel-pista-panoramica-standard-03.jpg\" title=\"\" class=\"hoverBorder\"><img loading=\"lazy\" decoding=\"async\" width=\"1024\" height=\"640\" src=\"https:\/\/sportequipalia.com\/wp-content\/uploads\/2020\/06\/padel-pista-panoramica-standard-03-1024x640.jpg\" class=\"attachment-large size-large\" alt=\"Padel pista panor\u00e1mica standard\" size=\"large\" ids=\"2456,2460,2463\" orderby=\"post__in\" include=\"2456,2460,2463\" srcset=\"https:\/\/sportequipalia.com\/wp-content\/uploads\/2020\/06\/padel-pista-panoramica-standard-03-1024x640.jpg 1024w, https:\/\/sportequipalia.com\/wp-content\/uploads\/2020\/06\/padel-pista-panoramica-standard-03-300x188.jpg 300w, https:\/\/sportequipalia.com\/wp-content\/uploads\/2020\/06\/padel-pista-panoramica-standard-03-768x480.jpg 768w, https:\/\/sportequipalia.com\/wp-content\/uploads\/2020\/06\/padel-pista-panoramica-standard-03-280x175.jpg 280w, https:\/\/sportequipalia.com\/wp-content\/uploads\/2020\/06\/padel-pista-panoramica-standard-03-1170x731.jpg 1170w, https:\/\/sportequipalia.com\/wp-content\/uploads\/2020\/06\/padel-pista-panoramica-standard-03.jpg 1280w\" sizes=\"auto, (max-width: 1024px) 100vw, 1024px\" \/><span class=\"gallery_caption\"><\/span><\/a><\/div><\/div><\/div>\n<\/li>\n<\/ul>\n","protected":false},"excerpt":{"rendered":"<p>Le court de paddle tennis haut de gamme de Sport Equipalia. Caract\u00e9ristiques techniques : Structure m\u00e9tallique construite en profil\u00e9 d&rsquo;acier galvanis\u00e9 dans des piliers tubulaires de 100x50x2 mm Cadres \u00e0 profil carr\u00e9 de 40x40x2 mm et grillage \u00e9lectro-soud\u00e9 de 50x50x4 mm avec des tubes 40\/40\/1,5 en modules de 2&#215;3 m\u00e8tres et de 2&#215;1 m\u00e8tres avec<\/p>\n","protected":false},"author":8,"featured_media":0,"parent":3236,"menu_order":3,"comment_status":"closed","ping_status":"closed","template":"","meta":{"footnotes":""},"class_list":["post-3250","page","type-page","status-publish","hentry"],"_links":{"self":[{"href":"https:\/\/sportequipalia.com\/fr\/wp-json\/wp\/v2\/pages\/3250","targetHints":{"allow":["GET"]}}],"collection":[{"href":"https:\/\/sportequipalia.com\/fr\/wp-json\/wp\/v2\/pages"}],"about":[{"href":"https:\/\/sportequipalia.com\/fr\/wp-json\/wp\/v2\/types\/page"}],"author":[{"embeddable":true,"href":"https:\/\/sportequipalia.com\/fr\/wp-json\/wp\/v2\/users\/8"}],"replies":[{"embeddable":true,"href":"https:\/\/sportequipalia.com\/fr\/wp-json\/wp\/v2\/comments?post=3250"}],"version-history":[{"count":0,"href":"https:\/\/sportequipalia.com\/fr\/wp-json\/wp\/v2\/pages\/3250\/revisions"}],"up":[{"embeddable":true,"href":"https:\/\/sportequipalia.com\/fr\/wp-json\/wp\/v2\/pages\/3236"}],"wp:attachment":[{"href":"https:\/\/sportequipalia.com\/fr\/wp-json\/wp\/v2\/media?parent=3250"}],"curies":[{"name":"wp","href":"https:\/\/api.w.org\/{rel}","templated":true}]}}