{"id":3246,"date":"2018-11-17T12:51:05","date_gmt":"2018-11-17T11:51:05","guid":{"rendered":"https:\/\/sportequipalia.com\/servicios\/padel\/padel-muro\/"},"modified":"2022-05-24T10:01:56","modified_gmt":"2022-05-24T08:01:56","slug":"padel-muro","status":"publish","type":"page","link":"https:\/\/sportequipalia.com\/fr\/servicios\/padel\/padel-muro\/","title":{"rendered":"Padel Mur"},"content":{"rendered":"<p>Il y a beaucoup de pistes qui sont encore des murs et des mailles \u00e0 simple torsion. Ces derni\u00e8res ann\u00e9es, nous nous sommes sp\u00e9cialis\u00e9s dans la mise \u00e0 jour d&rsquo;anciens terrains de paddle muraux, en r\u00e9alisant les travaux suivants :<\/p>\n<ul>\n<li>Changement de maille de torsion simple par des modules de maille \u00e9lectrosoud\u00e9s.<\/li>\n<li>Changement de gazon existant pour un de derni\u00e8re g\u00e9n\u00e9ration.<\/li>\n<li>Peinture des murs arri\u00e8re et lat\u00e9raux.<\/li>\n<\/ul>\n<style type=\"text\/css\">\r\n\t\t\t\t#gallery-1 {\r\n\t\t\t\t\tmargin: auto;\r\n\t\t\t\t}\r\n\t\t\t\t#gallery-1 .gallery-item {\r\n\t\t\t\t\tfloat: left;\r\n\t\t\t\t\tmargin-top: 10px;\r\n\t\t\t\t\ttext-align: center;\r\n\t\t\t\t\twidth: 33%;\r\n\t\t\t\t}\r\n\t\t\t\t#gallery-1 .gallery-caption {\r\n\t\t\t\t\tmargin-left: 0;\r\n\t\t\t\t}\r\n\t\t\t<\/style><!-- see gallery_shortcode() in wp-includes\/media.php -->\r\n\t\t\t\n\t\t<div id=\"gallery-1\" class=\"gallery galleryid-3246 mfp-gallery mfp-gallery--images gallery-columns-3 gallery-size-large\"><div class=\"row zn_image_gallery \"><div class=\"col-sm-6 col-md-4 col-lg-4\"><a href=\"https:\/\/sportequipalia.com\/wp-content\/uploads\/2020\/06\/padel-muro-01.jpg\" title=\"\" class=\"hoverBorder\"><img loading=\"lazy\" decoding=\"async\" width=\"1024\" height=\"640\" src=\"https:\/\/sportequipalia.com\/wp-content\/uploads\/2020\/06\/padel-muro-01-1024x640.jpg\" class=\"attachment-large size-large\" alt=\"\" size=\"large\" ids=\"2477,2482,2487\" orderby=\"post__in\" include=\"2477,2482,2487\" srcset=\"https:\/\/sportequipalia.com\/wp-content\/uploads\/2020\/06\/padel-muro-01-1024x640.jpg 1024w, https:\/\/sportequipalia.com\/wp-content\/uploads\/2020\/06\/padel-muro-01-300x188.jpg 300w, https:\/\/sportequipalia.com\/wp-content\/uploads\/2020\/06\/padel-muro-01-768x480.jpg 768w, https:\/\/sportequipalia.com\/wp-content\/uploads\/2020\/06\/padel-muro-01-280x175.jpg 280w, https:\/\/sportequipalia.com\/wp-content\/uploads\/2020\/06\/padel-muro-01-1170x731.jpg 1170w, https:\/\/sportequipalia.com\/wp-content\/uploads\/2020\/06\/padel-muro-01.jpg 1280w\" sizes=\"auto, (max-width: 1024px) 100vw, 1024px\" \/><span class=\"gallery_caption\"><\/span><\/a><\/div><div class=\"col-sm-6 col-md-4 col-lg-4\"><a href=\"https:\/\/sportequipalia.com\/wp-content\/uploads\/2020\/06\/padel-muro-02.jpg\" title=\"\" class=\"hoverBorder\"><img loading=\"lazy\" decoding=\"async\" width=\"1024\" height=\"640\" src=\"https:\/\/sportequipalia.com\/wp-content\/uploads\/2020\/06\/padel-muro-02-1024x640.jpg\" class=\"attachment-large size-large\" alt=\"P\u00e1del muro\" size=\"large\" ids=\"2477,2482,2487\" orderby=\"post__in\" include=\"2477,2482,2487\" srcset=\"https:\/\/sportequipalia.com\/wp-content\/uploads\/2020\/06\/padel-muro-02-1024x640.jpg 1024w, https:\/\/sportequipalia.com\/wp-content\/uploads\/2020\/06\/padel-muro-02-300x187.jpg 300w, https:\/\/sportequipalia.com\/wp-content\/uploads\/2020\/06\/padel-muro-02-768x480.jpg 768w, https:\/\/sportequipalia.com\/wp-content\/uploads\/2020\/06\/padel-muro-02-280x175.jpg 280w, https:\/\/sportequipalia.com\/wp-content\/uploads\/2020\/06\/padel-muro-02-1170x731.jpg 1170w, https:\/\/sportequipalia.com\/wp-content\/uploads\/2020\/06\/padel-muro-02.jpg 1281w\" sizes=\"auto, (max-width: 1024px) 100vw, 1024px\" \/><span class=\"gallery_caption\"><\/span><\/a><\/div><div class=\"col-sm-6 col-md-4 col-lg-4\"><a href=\"https:\/\/sportequipalia.com\/wp-content\/uploads\/2020\/06\/padel-muro-03.jpg\" title=\"\" class=\"hoverBorder\"><img loading=\"lazy\" decoding=\"async\" width=\"1024\" height=\"640\" src=\"https:\/\/sportequipalia.com\/wp-content\/uploads\/2020\/06\/padel-muro-03-1024x640.jpg\" class=\"attachment-large size-large\" alt=\"P\u00e1del muro\" size=\"large\" ids=\"2477,2482,2487\" orderby=\"post__in\" include=\"2477,2482,2487\" srcset=\"https:\/\/sportequipalia.com\/wp-content\/uploads\/2020\/06\/padel-muro-03-1024x640.jpg 1024w, https:\/\/sportequipalia.com\/wp-content\/uploads\/2020\/06\/padel-muro-03-300x188.jpg 300w, https:\/\/sportequipalia.com\/wp-content\/uploads\/2020\/06\/padel-muro-03-768x480.jpg 768w, https:\/\/sportequipalia.com\/wp-content\/uploads\/2020\/06\/padel-muro-03-280x175.jpg 280w, https:\/\/sportequipalia.com\/wp-content\/uploads\/2020\/06\/padel-muro-03-1170x731.jpg 1170w, https:\/\/sportequipalia.com\/wp-content\/uploads\/2020\/06\/padel-muro-03.jpg 1280w\" sizes=\"auto, (max-width: 1024px) 100vw, 1024px\" \/><span class=\"gallery_caption\"><\/span><\/a><\/div><\/div><\/div>\n","protected":false},"excerpt":{"rendered":"<p>Il y a beaucoup de pistes qui sont encore des murs et des mailles \u00e0 simple torsion. Ces derni\u00e8res ann\u00e9es, nous nous sommes sp\u00e9cialis\u00e9s dans la mise \u00e0 jour d&rsquo;anciens terrains de paddle muraux, en r\u00e9alisant les travaux suivants : Changement de maille de torsion simple par des modules de maille \u00e9lectrosoud\u00e9s. Changement de gazon<\/p>\n","protected":false},"author":8,"featured_media":0,"parent":3236,"menu_order":5,"comment_status":"closed","ping_status":"closed","template":"","meta":{"footnotes":""},"class_list":["post-3246","page","type-page","status-publish","hentry"],"_links":{"self":[{"href":"https:\/\/sportequipalia.com\/fr\/wp-json\/wp\/v2\/pages\/3246","targetHints":{"allow":["GET"]}}],"collection":[{"href":"https:\/\/sportequipalia.com\/fr\/wp-json\/wp\/v2\/pages"}],"about":[{"href":"https:\/\/sportequipalia.com\/fr\/wp-json\/wp\/v2\/types\/page"}],"author":[{"embeddable":true,"href":"https:\/\/sportequipalia.com\/fr\/wp-json\/wp\/v2\/users\/8"}],"replies":[{"embeddable":true,"href":"https:\/\/sportequipalia.com\/fr\/wp-json\/wp\/v2\/comments?post=3246"}],"version-history":[{"count":0,"href":"https:\/\/sportequipalia.com\/fr\/wp-json\/wp\/v2\/pages\/3246\/revisions"}],"up":[{"embeddable":true,"href":"https:\/\/sportequipalia.com\/fr\/wp-json\/wp\/v2\/pages\/3236"}],"wp:attachment":[{"href":"https:\/\/sportequipalia.com\/fr\/wp-json\/wp\/v2\/media?parent=3246"}],"curies":[{"name":"wp","href":"https:\/\/api.w.org\/{rel}","templated":true}]}}