{"id":3245,"date":"2018-11-17T14:12:32","date_gmt":"2018-11-17T13:12:32","guid":{"rendered":"https:\/\/sportequipalia.com\/servicios\/padel\/mantenimiento\/"},"modified":"2022-05-24T10:01:57","modified_gmt":"2022-05-24T08:01:57","slug":"mantenimiento","status":"publish","type":"page","link":"https:\/\/sportequipalia.com\/fr\/servicios\/padel\/mantenimiento\/","title":{"rendered":"Entretien"},"content":{"rendered":"<p><span style=\"font-weight: 400;\">Il est \u00e9vident qu&rsquo;un gazon artificiel ne peut pas \u00eatre install\u00e9 et abandonn\u00e9. Son entretien est diff\u00e9rent de celui du gazon naturel mais tout aussi important.<\/span> \n<table class=\"table table-striped\">\n<thead>\n<tr>\n<th><b>Inspection de toutes les installations<\/b><\/th>\n<th><b>Au quotidien<\/b><\/th>\n<\/tr>\n<\/thead>\n<tbody>\n<tr>\n<td><span style=\"font-weight: 400;\">Brossage pour redistribuer le rembourrage<\/span><\/td>\n<td><span style=\"font-weight: 400;\">Toutes les +\/- 35 heures de jeu<\/span><\/td>\n<\/tr>\n<tr>\n<td><span style=\"font-weight: 400;\">Brossage pour \u00e9liminer les r\u00e9sidus<\/span><\/td>\n<td><span style=\"font-weight: 400;\">Toutes les +\/- 35 heures de jeu<\/span><\/td>\n<\/tr>\n<tr>\n<td><span style=\"font-weight: 400;\">\u00c9liminer les mousses et les algues<\/span><\/td>\n<td><span style=\"font-weight: 400;\">Annuellement<\/span><\/td>\n<\/tr>\n<tr>\n<td><span style=\"font-weight: 400;\">\u00c9limination des mauvaises herbes<\/span><\/td>\n<td><span style=\"font-weight: 400;\">Si n\u00e9cessaire<\/span><\/td>\n<\/tr>\n<tr>\n<td><span style=\"font-weight: 400;\">Enlever la glace ou la neige<\/span><\/td>\n<td><span style=\"font-weight: 400;\">Si n\u00e9cessaire<\/span><\/td>\n<\/tr>\n<\/tbody>\n<\/table>\n <span style=\"font-weight: 400;\">Sport Equipalia propose une liste d&rsquo;actions visant \u00e0 la maintenance pr\u00e9ventive, mais lorsque celle-ci n&rsquo;est pas effectu\u00e9e, nous sommes \u00e0 la disposition du client pour lui proposer une maintenance sp\u00e9cifique effectu\u00e9e par un personnel qualifi\u00e9.<\/span><\/p>\n<ul>\n<li style=\"font-weight: 400;\"><span style=\"font-weight: 400;\">Entretien pr\u00e9ventif<\/span>\n<ul>\n<li style=\"font-weight: 400;\"><span style=\"font-weight: 400;\">Brossage<\/span><\/li>\n<li style=\"font-weight: 400;\"><span style=\"font-weight: 400;\">Arrosage<\/span><\/li>\n<li style=\"font-weight: 400;\"><span style=\"font-weight: 400;\">Remplacement du sable<\/span><\/li>\n<li style=\"font-weight: 400;\"><span style=\"font-weight: 400;\">Nettoyage<\/span><\/li>\n<li style=\"font-weight: 400;\"><span style=\"font-weight: 400;\">D\u00e9neigement\u00a0<\/span><\/li>\n<li style=\"font-weight: 400;\"><span style=\"font-weight: 400;\">\u00c9liminer les mauvaises herbes, les mousses, les algues<\/span><\/li>\n<li style=\"font-weight: 400;\"><span style=\"font-weight: 400;\">Nettoyer les environs<\/span><\/li>\n<li style=\"font-weight: 400;\"><span style=\"font-weight: 400;\">Cr\u00e9ation d&rsquo;un calendrier de maintenance<\/span><\/li>\n<\/ul>\n<\/li>\n<\/ul>\n<ul>\n<li style=\"font-weight: 400;\"><span style=\"font-weight: 400;\">Entretien sp\u00e9cifique<\/span>\n<ul>\n<li style=\"font-weight: 400;\"><span style=\"font-weight: 400;\">Contr\u00f4le et r\u00e9paration des joints<\/span><\/li>\n<li style=\"font-weight: 400;\"><span style=\"font-weight: 400;\">D\u00e9compactage, a\u00e9ration et nettoyage du remplissage avec une machine sp\u00e9cifique<\/span><\/li>\n<li style=\"font-weight: 400;\"><span style=\"font-weight: 400;\">Redistribution de la charge<\/span><\/li>\n<li style=\"font-weight: 400;\"><span style=\"font-weight: 400;\">Contr\u00f4le du niveau de remplissage<\/span><\/li>\n<li style=\"font-weight: 400;\"><span style=\"font-weight: 400;\">R\u00e9orientation des fibres<\/span><\/li>\n<li style=\"font-weight: 400;\"><span style=\"font-weight: 400;\">\u00c9limination des mauvaises herbes<\/span><\/li>\n<\/ul>\n<\/li>\n<\/ul>\n","protected":false},"excerpt":{"rendered":"<p>Il est \u00e9vident qu&rsquo;un gazon artificiel ne peut pas \u00eatre install\u00e9 et abandonn\u00e9. Son entretien est diff\u00e9rent de celui du gazon naturel mais tout aussi important. Sport Equipalia propose une liste d&rsquo;actions visant \u00e0 la maintenance pr\u00e9ventive, mais lorsque celle-ci n&rsquo;est pas effectu\u00e9e, nous sommes \u00e0 la disposition du client pour lui proposer une maintenance<\/p>\n","protected":false},"author":8,"featured_media":0,"parent":3236,"menu_order":10,"comment_status":"closed","ping_status":"closed","template":"","meta":{"footnotes":""},"class_list":["post-3245","page","type-page","status-publish","hentry"],"_links":{"self":[{"href":"https:\/\/sportequipalia.com\/fr\/wp-json\/wp\/v2\/pages\/3245","targetHints":{"allow":["GET"]}}],"collection":[{"href":"https:\/\/sportequipalia.com\/fr\/wp-json\/wp\/v2\/pages"}],"about":[{"href":"https:\/\/sportequipalia.com\/fr\/wp-json\/wp\/v2\/types\/page"}],"author":[{"embeddable":true,"href":"https:\/\/sportequipalia.com\/fr\/wp-json\/wp\/v2\/users\/8"}],"replies":[{"embeddable":true,"href":"https:\/\/sportequipalia.com\/fr\/wp-json\/wp\/v2\/comments?post=3245"}],"version-history":[{"count":0,"href":"https:\/\/sportequipalia.com\/fr\/wp-json\/wp\/v2\/pages\/3245\/revisions"}],"up":[{"embeddable":true,"href":"https:\/\/sportequipalia.com\/fr\/wp-json\/wp\/v2\/pages\/3236"}],"wp:attachment":[{"href":"https:\/\/sportequipalia.com\/fr\/wp-json\/wp\/v2\/media?parent=3245"}],"curies":[{"name":"wp","href":"https:\/\/api.w.org\/{rel}","templated":true}]}}