{"id":3243,"date":"2018-11-17T13:54:42","date_gmt":"2018-11-17T12:54:42","guid":{"rendered":"https:\/\/sportequipalia.com\/servicios\/padel\/iluminacion\/"},"modified":"2022-05-24T10:01:56","modified_gmt":"2022-05-24T08:01:56","slug":"iluminacion","status":"publish","type":"page","link":"https:\/\/sportequipalia.com\/fr\/servicios\/padel\/iluminacion\/","title":{"rendered":"\u00c9clairage"},"content":{"rendered":"<p><span style=\"font-weight: 400;\">Equipez vos courts de paddle avec les derni\u00e8res nouveaut\u00e9s en mati\u00e8re d&rsquo;\u00e9clairage.<\/span><\/p>\n<ul>\n<li style=\"font-weight: 400;\"><span style=\"font-weight: 400;\">Spots LED de 150 ou 200w.<\/span><\/li>\n<li style=\"font-weight: 400;\"><span style=\"font-weight: 400;\">Panneau de verre tremp\u00e9 avec une transparence allant jusqu&rsquo;\u00e0 93%.<\/span><\/li>\n<li style=\"font-weight: 400;\"><span style=\"font-weight: 400;\">Diode Phillips Luxenon 3030 en aluminium PCB<\/span><\/li>\n<li style=\"font-weight: 400;\"><span style=\"font-weight: 400;\">Bo\u00eetier int\u00e9gral en aluminium<\/span><\/li>\n<li style=\"font-weight: 400;\"><span style=\"font-weight: 400;\">R\u00e9glage de l&rsquo;angle jusqu&rsquo;\u00e0 270\u00ba<\/span><\/li>\n<li style=\"font-weight: 400;\"><span style=\"font-weight: 400;\">Jusqu&rsquo;\u00e0 21000 lumens dans un projecteur de 150w et 26000 lumens dans un projecteur de 200w.<\/span><\/li>\n<li style=\"font-weight: 400;\"><span style=\"font-weight: 400;\">Angle d&rsquo;ouverture jusqu&rsquo;\u00e0 120\u00ba.<\/span><\/li>\n<li style=\"font-weight: 400;\"><span style=\"font-weight: 400;\">IP65<\/span><\/li>\n<li style=\"font-weight: 400;\"><span style=\"font-weight: 400;\">Poids 4,2 kg (version 150w) et 4,8 kg (version 200w).<\/span><\/li>\n<li style=\"font-weight: 400;\"><span style=\"font-weight: 400;\">Certifi\u00e9 CE et RoHS.<\/span><\/li>\n<\/ul>\n<p>&nbsp;<\/p>\n<style type=\"text\/css\">\r\n\t\t\t\t#gallery-1 {\r\n\t\t\t\t\tmargin: auto;\r\n\t\t\t\t}\r\n\t\t\t\t#gallery-1 .gallery-item {\r\n\t\t\t\t\tfloat: left;\r\n\t\t\t\t\tmargin-top: 10px;\r\n\t\t\t\t\ttext-align: center;\r\n\t\t\t\t\twidth: 33%;\r\n\t\t\t\t}\r\n\t\t\t\t#gallery-1 .gallery-caption {\r\n\t\t\t\t\tmargin-left: 0;\r\n\t\t\t\t}\r\n\t\t\t<\/style><!-- see gallery_shortcode() in wp-includes\/media.php -->\r\n\t\t\t\n\t\t<div id=\"gallery-1\" class=\"gallery galleryid-3243 mfp-gallery mfp-gallery--images gallery-columns-3 gallery-size-large\"><div class=\"row zn_image_gallery \"><div class=\"col-sm-6 col-md-4 col-lg-4\"><a href=\"https:\/\/sportequipalia.com\/wp-content\/uploads\/2020\/06\/iluminacion-padel-led-02.png\" title=\"\" class=\"hoverBorder\"><img loading=\"lazy\" decoding=\"async\" width=\"430\" height=\"510\" src=\"https:\/\/sportequipalia.com\/wp-content\/uploads\/2020\/06\/iluminacion-padel-led-02.png\" class=\"attachment-large size-large\" alt=\"\" size=\"large\" ids=\"2653,2656,2649\" orderby=\"post__in\" include=\"2653,2656,2649\" srcset=\"https:\/\/sportequipalia.com\/wp-content\/uploads\/2020\/06\/iluminacion-padel-led-02.png 430w, https:\/\/sportequipalia.com\/wp-content\/uploads\/2020\/06\/iluminacion-padel-led-02-253x300.png 253w, https:\/\/sportequipalia.com\/wp-content\/uploads\/2020\/06\/iluminacion-padel-led-02-158x187.png 158w\" sizes=\"auto, (max-width: 430px) 100vw, 430px\" \/><span class=\"gallery_caption\"><\/span><\/a><\/div><div class=\"col-sm-6 col-md-4 col-lg-4\"><a href=\"https:\/\/sportequipalia.com\/wp-content\/uploads\/2020\/06\/iluminacion-padel-focos.jpg\" title=\"\" class=\"hoverBorder\"><img loading=\"lazy\" decoding=\"async\" width=\"430\" height=\"510\" src=\"https:\/\/sportequipalia.com\/wp-content\/uploads\/2020\/06\/iluminacion-padel-focos.jpg\" class=\"attachment-large size-large\" alt=\"Iluminaci\u00f3n p\u00e1del focos\" size=\"large\" ids=\"2653,2656,2649\" orderby=\"post__in\" include=\"2653,2656,2649\" srcset=\"https:\/\/sportequipalia.com\/wp-content\/uploads\/2020\/06\/iluminacion-padel-focos.jpg 430w, https:\/\/sportequipalia.com\/wp-content\/uploads\/2020\/06\/iluminacion-padel-focos-253x300.jpg 253w, https:\/\/sportequipalia.com\/wp-content\/uploads\/2020\/06\/iluminacion-padel-focos-158x187.jpg 158w\" sizes=\"auto, (max-width: 430px) 100vw, 430px\" \/><span class=\"gallery_caption\"><\/span><\/a><\/div><div class=\"col-sm-6 col-md-4 col-lg-4\"><a href=\"https:\/\/sportequipalia.com\/wp-content\/uploads\/2020\/06\/iluminacion-padel-led.png\" title=\"\" class=\"hoverBorder\"><img loading=\"lazy\" decoding=\"async\" width=\"429\" height=\"510\" src=\"https:\/\/sportequipalia.com\/wp-content\/uploads\/2020\/06\/iluminacion-padel-led.png\" class=\"attachment-large size-large\" alt=\"\" size=\"large\" ids=\"2653,2656,2649\" orderby=\"post__in\" include=\"2653,2656,2649\" srcset=\"https:\/\/sportequipalia.com\/wp-content\/uploads\/2020\/06\/iluminacion-padel-led.png 429w, https:\/\/sportequipalia.com\/wp-content\/uploads\/2020\/06\/iluminacion-padel-led-252x300.png 252w, https:\/\/sportequipalia.com\/wp-content\/uploads\/2020\/06\/iluminacion-padel-led-157x187.png 157w\" sizes=\"auto, (max-width: 429px) 100vw, 429px\" \/><span class=\"gallery_caption\"><\/span><\/a><\/div><\/div><\/div>\n<p>&nbsp;<\/p>\n","protected":false},"excerpt":{"rendered":"<p>Equipez vos courts de paddle avec les derni\u00e8res nouveaut\u00e9s en mati\u00e8re d&rsquo;\u00e9clairage. Spots LED de 150 ou 200w. Panneau de verre tremp\u00e9 avec une transparence allant jusqu&rsquo;\u00e0 93%. Diode Phillips Luxenon 3030 en aluminium PCB Bo\u00eetier int\u00e9gral en aluminium R\u00e9glage de l&rsquo;angle jusqu&rsquo;\u00e0 270\u00ba Jusqu&rsquo;\u00e0 21000 lumens dans un projecteur de 150w et 26000 lumens<\/p>\n","protected":false},"author":8,"featured_media":0,"parent":3236,"menu_order":8,"comment_status":"closed","ping_status":"closed","template":"","meta":{"footnotes":""},"class_list":["post-3243","page","type-page","status-publish","hentry"],"_links":{"self":[{"href":"https:\/\/sportequipalia.com\/fr\/wp-json\/wp\/v2\/pages\/3243","targetHints":{"allow":["GET"]}}],"collection":[{"href":"https:\/\/sportequipalia.com\/fr\/wp-json\/wp\/v2\/pages"}],"about":[{"href":"https:\/\/sportequipalia.com\/fr\/wp-json\/wp\/v2\/types\/page"}],"author":[{"embeddable":true,"href":"https:\/\/sportequipalia.com\/fr\/wp-json\/wp\/v2\/users\/8"}],"replies":[{"embeddable":true,"href":"https:\/\/sportequipalia.com\/fr\/wp-json\/wp\/v2\/comments?post=3243"}],"version-history":[{"count":0,"href":"https:\/\/sportequipalia.com\/fr\/wp-json\/wp\/v2\/pages\/3243\/revisions"}],"up":[{"embeddable":true,"href":"https:\/\/sportequipalia.com\/fr\/wp-json\/wp\/v2\/pages\/3236"}],"wp:attachment":[{"href":"https:\/\/sportequipalia.com\/fr\/wp-json\/wp\/v2\/media?parent=3243"}],"curies":[{"name":"wp","href":"https:\/\/api.w.org\/{rel}","templated":true}]}}