{"id":3241,"date":"2018-11-17T13:55:50","date_gmt":"2018-11-17T12:55:50","guid":{"rendered":"https:\/\/sportequipalia.com\/servicios\/padel\/equipamiento\/"},"modified":"2022-05-24T10:01:57","modified_gmt":"2022-05-24T08:01:57","slug":"equipamiento","status":"publish","type":"page","link":"https:\/\/sportequipalia.com\/fr\/servicios\/padel\/equipamiento\/","title":{"rendered":"\u00c9quipement"},"content":{"rendered":"<p><span style=\"font-weight: 400;\">Nous fournissons les \u00e9quipements sportifs suivants li\u00e9s au padel :<\/span><\/p>\n<p><span style=\"font-weight: 400;\">Filet de comp\u00e9tition de\u00a0 padel\u00a0 4 mm Pavigrass Premium<\/span><\/p>\n<p><span style=\"font-weight: 400;\">Protection des entr\u00e9es<\/span><\/p>\n<p><span style=\"font-weight: 400;\">\u00c9videments des portes<\/span><\/p>\n<p><span style=\"font-weight: 400;\">Si\u00e8ges<\/span><\/p>\n<p><span style=\"font-weight: 400;\">Des pi\u00e8ces de rechange pour nos courts<\/span><\/p>\n<p>&#8230;<\/p>\n<style type=\"text\/css\">\r\n\t\t\t\t#gallery-1 {\r\n\t\t\t\t\tmargin: auto;\r\n\t\t\t\t}\r\n\t\t\t\t#gallery-1 .gallery-item {\r\n\t\t\t\t\tfloat: left;\r\n\t\t\t\t\tmargin-top: 10px;\r\n\t\t\t\t\ttext-align: center;\r\n\t\t\t\t\twidth: 33%;\r\n\t\t\t\t}\r\n\t\t\t\t#gallery-1 .gallery-caption {\r\n\t\t\t\t\tmargin-left: 0;\r\n\t\t\t\t}\r\n\t\t\t<\/style><!-- see gallery_shortcode() in wp-includes\/media.php -->\r\n\t\t\t\n\t\t<div id=\"gallery-1\" class=\"gallery galleryid-3241 mfp-gallery mfp-gallery--images gallery-columns-3 gallery-size-large\"><div class=\"row zn_image_gallery \"><div class=\"col-sm-6 col-md-4 col-lg-4\"><a href=\"https:\/\/sportequipalia.com\/wp-content\/uploads\/2020\/06\/equipamiento-padel-02.jpg\" title=\"\" class=\"hoverBorder\"><img loading=\"lazy\" decoding=\"async\" width=\"1024\" height=\"640\" src=\"https:\/\/sportequipalia.com\/wp-content\/uploads\/2020\/06\/equipamiento-padel-02-1024x640.jpg\" class=\"attachment-large size-large\" alt=\"Equipamiento p\u00e1del\" size=\"large\" ids=\"2519,2516,2513\" orderby=\"post__in\" include=\"2519,2516,2513\" srcset=\"https:\/\/sportequipalia.com\/wp-content\/uploads\/2020\/06\/equipamiento-padel-02-1024x640.jpg 1024w, https:\/\/sportequipalia.com\/wp-content\/uploads\/2020\/06\/equipamiento-padel-02-300x188.jpg 300w, https:\/\/sportequipalia.com\/wp-content\/uploads\/2020\/06\/equipamiento-padel-02-768x480.jpg 768w, https:\/\/sportequipalia.com\/wp-content\/uploads\/2020\/06\/equipamiento-padel-02-280x175.jpg 280w, https:\/\/sportequipalia.com\/wp-content\/uploads\/2020\/06\/equipamiento-padel-02-1170x731.jpg 1170w, https:\/\/sportequipalia.com\/wp-content\/uploads\/2020\/06\/equipamiento-padel-02.jpg 1280w\" sizes=\"auto, (max-width: 1024px) 100vw, 1024px\" \/><span class=\"gallery_caption\"><\/span><\/a><\/div><div class=\"col-sm-6 col-md-4 col-lg-4\"><a href=\"https:\/\/sportequipalia.com\/wp-content\/uploads\/2020\/06\/equipamiento-padel.jpg\" title=\"\" class=\"hoverBorder\"><img loading=\"lazy\" decoding=\"async\" width=\"1024\" height=\"640\" src=\"https:\/\/sportequipalia.com\/wp-content\/uploads\/2020\/06\/equipamiento-padel-1024x640.jpg\" class=\"attachment-large size-large\" alt=\"Equipamiento p\u00e1del\" size=\"large\" ids=\"2519,2516,2513\" orderby=\"post__in\" include=\"2519,2516,2513\" srcset=\"https:\/\/sportequipalia.com\/wp-content\/uploads\/2020\/06\/equipamiento-padel-1024x640.jpg 1024w, https:\/\/sportequipalia.com\/wp-content\/uploads\/2020\/06\/equipamiento-padel-300x188.jpg 300w, https:\/\/sportequipalia.com\/wp-content\/uploads\/2020\/06\/equipamiento-padel-768x480.jpg 768w, https:\/\/sportequipalia.com\/wp-content\/uploads\/2020\/06\/equipamiento-padel-280x175.jpg 280w, https:\/\/sportequipalia.com\/wp-content\/uploads\/2020\/06\/equipamiento-padel-1170x731.jpg 1170w, https:\/\/sportequipalia.com\/wp-content\/uploads\/2020\/06\/equipamiento-padel.jpg 1280w\" sizes=\"auto, (max-width: 1024px) 100vw, 1024px\" \/><span class=\"gallery_caption\"><\/span><\/a><\/div><div class=\"col-sm-6 col-md-4 col-lg-4\"><a href=\"https:\/\/sportequipalia.com\/wp-content\/uploads\/2020\/06\/padel-equipamiento.jpg\" title=\"\" class=\"hoverBorder\"><img loading=\"lazy\" decoding=\"async\" width=\"1024\" height=\"640\" src=\"https:\/\/sportequipalia.com\/wp-content\/uploads\/2020\/06\/padel-equipamiento-1024x640.jpg\" class=\"attachment-large size-large\" alt=\"\" size=\"large\" ids=\"2519,2516,2513\" orderby=\"post__in\" include=\"2519,2516,2513\" srcset=\"https:\/\/sportequipalia.com\/wp-content\/uploads\/2020\/06\/padel-equipamiento-1024x640.jpg 1024w, https:\/\/sportequipalia.com\/wp-content\/uploads\/2020\/06\/padel-equipamiento-300x188.jpg 300w, https:\/\/sportequipalia.com\/wp-content\/uploads\/2020\/06\/padel-equipamiento-768x480.jpg 768w, https:\/\/sportequipalia.com\/wp-content\/uploads\/2020\/06\/padel-equipamiento-280x175.jpg 280w, https:\/\/sportequipalia.com\/wp-content\/uploads\/2020\/06\/padel-equipamiento-1170x731.jpg 1170w, https:\/\/sportequipalia.com\/wp-content\/uploads\/2020\/06\/padel-equipamiento.jpg 1280w\" sizes=\"auto, (max-width: 1024px) 100vw, 1024px\" \/><span class=\"gallery_caption\"><\/span><\/a><\/div><\/div><\/div>\n<p>&nbsp;<\/p>\n","protected":false},"excerpt":{"rendered":"<p>Nous fournissons les \u00e9quipements sportifs suivants li\u00e9s au padel : Filet de comp\u00e9tition de\u00a0 padel\u00a0 4 mm Pavigrass Premium Protection des entr\u00e9es \u00c9videments des portes Si\u00e8ges Des pi\u00e8ces de rechange pour nos courts &#8230; &nbsp;<\/p>\n","protected":false},"author":8,"featured_media":0,"parent":3236,"menu_order":9,"comment_status":"closed","ping_status":"closed","template":"","meta":{"footnotes":""},"class_list":["post-3241","page","type-page","status-publish","hentry"],"_links":{"self":[{"href":"https:\/\/sportequipalia.com\/fr\/wp-json\/wp\/v2\/pages\/3241","targetHints":{"allow":["GET"]}}],"collection":[{"href":"https:\/\/sportequipalia.com\/fr\/wp-json\/wp\/v2\/pages"}],"about":[{"href":"https:\/\/sportequipalia.com\/fr\/wp-json\/wp\/v2\/types\/page"}],"author":[{"embeddable":true,"href":"https:\/\/sportequipalia.com\/fr\/wp-json\/wp\/v2\/users\/8"}],"replies":[{"embeddable":true,"href":"https:\/\/sportequipalia.com\/fr\/wp-json\/wp\/v2\/comments?post=3241"}],"version-history":[{"count":0,"href":"https:\/\/sportequipalia.com\/fr\/wp-json\/wp\/v2\/pages\/3241\/revisions"}],"up":[{"embeddable":true,"href":"https:\/\/sportequipalia.com\/fr\/wp-json\/wp\/v2\/pages\/3236"}],"wp:attachment":[{"href":"https:\/\/sportequipalia.com\/fr\/wp-json\/wp\/v2\/media?parent=3241"}],"curies":[{"name":"wp","href":"https:\/\/api.w.org\/{rel}","templated":true}]}}