{"id":3239,"date":"2018-11-17T13:47:50","date_gmt":"2018-11-17T12:47:50","guid":{"rendered":"https:\/\/sportequipalia.com\/servicios\/padel\/cubiertas\/"},"modified":"2022-05-24T10:01:56","modified_gmt":"2022-05-24T08:01:56","slug":"cubiertas","status":"publish","type":"page","link":"https:\/\/sportequipalia.com\/fr\/servicios\/padel\/cubiertas\/","title":{"rendered":"Toitures"},"content":{"rendered":"<p><span style=\"font-weight: 400;\">Le syst\u00e8me de toiture autoportante pr\u00e9sente deux types de solutions :\u00a0 Toiture en polycarbonate translucide ou panneau sandwich avec piliers en b\u00e9ton pr\u00e9fabriqu\u00e9 ou piliers en fer.<\/span><\/p>\n<ul>\n<li style=\"font-weight: 400;\"><span style=\"font-weight: 400;\">Toiture avec structure en b\u00e9ton<\/span>\n<ul>\n<li style=\"font-weight: 400;\"><span style=\"font-weight: 400;\">Poutres perl\u00e9es PA-175, pte 10%<\/span><\/li>\n<li style=\"font-weight: 400;\"><span style=\"font-weight: 400;\">Courroies VT-30, interjej=1.90m<\/span><\/li>\n<li style=\"font-weight: 400;\"><span style=\"font-weight: 400;\">Piliers PER 40X50<\/span><\/li>\n<li style=\"font-weight: 400;\"><span style=\"font-weight: 400;\">Mortier coulis<\/span><\/li>\n<li style=\"font-weight: 400;\"><span style=\"font-weight: 400;\">Panneau en polycarbonate \u00e0 cellules opales de 16 mm d&rsquo;\u00e9paisseur \/\/ Panneau sandwich INCO 30.5<\/span><\/li>\n<li style=\"font-weight: 400;\"><span style=\"font-weight: 400;\">Goutti\u00e8res et tuyaux de descente<\/span><\/li>\n<\/ul>\n<\/li>\n<li style=\"font-weight: 400;\"><span style=\"font-weight: 400;\">Toiture avec structure en fer<\/span>\n<ul>\n<li style=\"font-weight: 400;\"><span style=\"font-weight: 400;\">Structure m\u00e9tallique avec profils HEB240, IPE360<\/span><\/li>\n<li style=\"font-weight: 400;\"><span style=\"font-weight: 400;\">Profil\u00e9s lamin\u00e9s \u00e0 chaud en qualit\u00e9 d&rsquo;acier S275JR<\/span><\/li>\n<li style=\"font-weight: 400;\"><span style=\"font-weight: 400;\">Plaques d&rsquo;ancrage en acier S275JR<\/span><\/li>\n<li style=\"font-weight: 400;\"><span style=\"font-weight: 400;\">Tout est grenaill\u00e9 et peint dans n&rsquo;importe quelle couleur<\/span><\/li>\n<li style=\"font-weight: 400;\"><span style=\"font-weight: 400;\">Panneau en polycarbonate \u00e0 cellules opales de 16 mm d&rsquo;\u00e9paisseur\/\/ Panneau sandwich INCO 30.5<\/span><\/li>\n<li style=\"font-weight: 400;\"><span style=\"font-weight: 400;\">Goutti\u00e8res et tuyaux de descente<\/span><\/li>\n<\/ul>\n<\/li>\n<\/ul>\n<style type=\"text\/css\">\r\n\t\t\t\t#gallery-1 {\r\n\t\t\t\t\tmargin: auto;\r\n\t\t\t\t}\r\n\t\t\t\t#gallery-1 .gallery-item {\r\n\t\t\t\t\tfloat: left;\r\n\t\t\t\t\tmargin-top: 10px;\r\n\t\t\t\t\ttext-align: center;\r\n\t\t\t\t\twidth: 33%;\r\n\t\t\t\t}\r\n\t\t\t\t#gallery-1 .gallery-caption {\r\n\t\t\t\t\tmargin-left: 0;\r\n\t\t\t\t}\r\n\t\t\t<\/style><!-- see gallery_shortcode() in wp-includes\/media.php -->\r\n\t\t\t\n\t\t<div id=\"gallery-1\" class=\"gallery galleryid-3239 mfp-gallery mfp-gallery--images gallery-columns-3 gallery-size-large\"><div class=\"row zn_image_gallery \"><div class=\"col-sm-6 col-md-4 col-lg-4\"><a href=\"https:\/\/sportequipalia.com\/wp-content\/uploads\/2020\/06\/cubiertas-padel-03.jpg\" title=\"\" class=\"hoverBorder\"><img loading=\"lazy\" decoding=\"async\" width=\"1024\" height=\"798\" src=\"https:\/\/sportequipalia.com\/wp-content\/uploads\/2020\/06\/cubiertas-padel-03-1024x798.jpg\" class=\"attachment-large size-large\" alt=\"Cubiertas p\u00e1del\" size=\"large\" ids=\"2504,2498,2509\" orderby=\"post__in\" include=\"2504,2498,2509\" srcset=\"https:\/\/sportequipalia.com\/wp-content\/uploads\/2020\/06\/cubiertas-padel-03-1024x798.jpg 1024w, https:\/\/sportequipalia.com\/wp-content\/uploads\/2020\/06\/cubiertas-padel-03-300x234.jpg 300w, https:\/\/sportequipalia.com\/wp-content\/uploads\/2020\/06\/cubiertas-padel-03-768x599.jpg 768w, https:\/\/sportequipalia.com\/wp-content\/uploads\/2020\/06\/cubiertas-padel-03-240x187.jpg 240w, https:\/\/sportequipalia.com\/wp-content\/uploads\/2020\/06\/cubiertas-padel-03.jpg 1026w\" sizes=\"auto, (max-width: 1024px) 100vw, 1024px\" \/><span class=\"gallery_caption\"><\/span><\/a><\/div><div class=\"col-sm-6 col-md-4 col-lg-4\"><a href=\"https:\/\/sportequipalia.com\/wp-content\/uploads\/2020\/06\/cubiertas-padel-01.jpg\" title=\"\" class=\"hoverBorder\"><img loading=\"lazy\" decoding=\"async\" width=\"1024\" height=\"798\" src=\"https:\/\/sportequipalia.com\/wp-content\/uploads\/2020\/06\/cubiertas-padel-01-1024x798.jpg\" class=\"attachment-large size-large\" alt=\"\" size=\"large\" ids=\"2504,2498,2509\" orderby=\"post__in\" include=\"2504,2498,2509\" srcset=\"https:\/\/sportequipalia.com\/wp-content\/uploads\/2020\/06\/cubiertas-padel-01-1024x798.jpg 1024w, https:\/\/sportequipalia.com\/wp-content\/uploads\/2020\/06\/cubiertas-padel-01-300x234.jpg 300w, https:\/\/sportequipalia.com\/wp-content\/uploads\/2020\/06\/cubiertas-padel-01-768x599.jpg 768w, https:\/\/sportequipalia.com\/wp-content\/uploads\/2020\/06\/cubiertas-padel-01-240x187.jpg 240w, https:\/\/sportequipalia.com\/wp-content\/uploads\/2020\/06\/cubiertas-padel-01.jpg 1026w\" sizes=\"auto, (max-width: 1024px) 100vw, 1024px\" \/><span class=\"gallery_caption\"><\/span><\/a><\/div><div class=\"col-sm-6 col-md-4 col-lg-4\"><a href=\"https:\/\/sportequipalia.com\/wp-content\/uploads\/2020\/06\/cubiertas-padel-02-1.jpg\" title=\"\" class=\"hoverBorder\"><img loading=\"lazy\" decoding=\"async\" width=\"1024\" height=\"798\" src=\"https:\/\/sportequipalia.com\/wp-content\/uploads\/2020\/06\/cubiertas-padel-02-1-1024x798.jpg\" class=\"attachment-large size-large\" alt=\"Cubiertas p\u00e1del\" size=\"large\" ids=\"2504,2498,2509\" orderby=\"post__in\" include=\"2504,2498,2509\" srcset=\"https:\/\/sportequipalia.com\/wp-content\/uploads\/2020\/06\/cubiertas-padel-02-1-1024x798.jpg 1024w, https:\/\/sportequipalia.com\/wp-content\/uploads\/2020\/06\/cubiertas-padel-02-1-300x234.jpg 300w, https:\/\/sportequipalia.com\/wp-content\/uploads\/2020\/06\/cubiertas-padel-02-1-768x599.jpg 768w, https:\/\/sportequipalia.com\/wp-content\/uploads\/2020\/06\/cubiertas-padel-02-1-240x187.jpg 240w, https:\/\/sportequipalia.com\/wp-content\/uploads\/2020\/06\/cubiertas-padel-02-1.jpg 1026w\" sizes=\"auto, (max-width: 1024px) 100vw, 1024px\" \/><span class=\"gallery_caption\"><\/span><\/a><\/div><\/div><\/div>\n","protected":false},"excerpt":{"rendered":"<p>Le syst\u00e8me de toiture autoportante pr\u00e9sente deux types de solutions :\u00a0 Toiture en polycarbonate translucide ou panneau sandwich avec piliers en b\u00e9ton pr\u00e9fabriqu\u00e9 ou piliers en fer. Toiture avec structure en b\u00e9ton Poutres perl\u00e9es PA-175, pte 10% Courroies VT-30, interjej=1.90m Piliers PER 40X50 Mortier coulis Panneau en polycarbonate \u00e0 cellules opales de 16 mm d&rsquo;\u00e9paisseur<\/p>\n","protected":false},"author":8,"featured_media":0,"parent":3236,"menu_order":7,"comment_status":"closed","ping_status":"closed","template":"","meta":{"footnotes":""},"class_list":["post-3239","page","type-page","status-publish","hentry"],"_links":{"self":[{"href":"https:\/\/sportequipalia.com\/fr\/wp-json\/wp\/v2\/pages\/3239","targetHints":{"allow":["GET"]}}],"collection":[{"href":"https:\/\/sportequipalia.com\/fr\/wp-json\/wp\/v2\/pages"}],"about":[{"href":"https:\/\/sportequipalia.com\/fr\/wp-json\/wp\/v2\/types\/page"}],"author":[{"embeddable":true,"href":"https:\/\/sportequipalia.com\/fr\/wp-json\/wp\/v2\/users\/8"}],"replies":[{"embeddable":true,"href":"https:\/\/sportequipalia.com\/fr\/wp-json\/wp\/v2\/comments?post=3239"}],"version-history":[{"count":0,"href":"https:\/\/sportequipalia.com\/fr\/wp-json\/wp\/v2\/pages\/3239\/revisions"}],"up":[{"embeddable":true,"href":"https:\/\/sportequipalia.com\/fr\/wp-json\/wp\/v2\/pages\/3236"}],"wp:attachment":[{"href":"https:\/\/sportequipalia.com\/fr\/wp-json\/wp\/v2\/media?parent=3239"}],"curies":[{"name":"wp","href":"https:\/\/api.w.org\/{rel}","templated":true}]}}