{"id":3238,"date":"2018-11-17T13:14:42","date_gmt":"2018-11-17T12:14:42","guid":{"rendered":"https:\/\/sportequipalia.com\/servicios\/padel\/cesped\/"},"modified":"2022-05-24T10:01:56","modified_gmt":"2022-05-24T08:01:56","slug":"cesped","status":"publish","type":"page","link":"https:\/\/sportequipalia.com\/fr\/servicios\/padel\/cesped\/","title":{"rendered":"Pelouse"},"content":{"rendered":"<p><span style=\"font-weight: 400;\">Nous fournissons et installons la derni\u00e8re g\u00e9n\u00e9ration de gazon de paddle tennis avec les caract\u00e9ristiques suivantes :<\/span><\/p>\n\n<table class=\"table table-striped\">\n<thead>\n<tr>\n<th><b>Produit<\/b><\/th>\n<th colspan=\"2\"><b>Hauteur <\/b>(mm)<\/th>\n<th><b>Structure<\/b><\/th>\n<th><b>Remplissage<\/b><\/th>\n<th><b>Couleurs<\/b><\/th>\n<th>Dtex<\/th>\n<\/tr>\n<\/thead>\n<tbody>\n<tr>\n<td><span style=\"font-weight: 400;\">Gazon fibrill\u00e9<\/span><\/td>\n<td class=\"text-center\">12<\/td>\n<td class=\"text-center\">15<\/td>\n<td><span style=\"font-weight: 400;\">Fibrillation droite<\/span><\/td>\n<td><span style=\"font-weight: 400;\">Sable de silice arrondi\u00a0<\/span><\/td>\n<td><span style=\"font-weight: 400;\">Vert, Bleu, Tuile, Rose, Noir<\/span><\/td>\n<td>6600<\/td>\n<\/tr>\n<tr>\n<td><span style=\"font-weight: 400;\">Gazon monofilament 3NX<\/span><\/td>\n<td class=\"text-center\">12<\/td>\n<td class=\"text-center\">15<\/td>\n<td><span style=\"font-weight: 400;\">Monofilament semi-concave \u00e0 trois nerfs asym\u00e9triques<\/span><\/td>\n<td><span style=\"font-weight: 400;\">Sable de silice arrondi\u00a0<\/span><\/td>\n<td><span style=\"font-weight: 400;\">Vert, Bleu, Tuile, Rose, Noir<\/span><\/td>\n<td>8800<\/td>\n<\/tr>\n<tr>\n<td><span style=\"font-weight: 400;\">Gazon monofilament 4NX<\/span><\/td>\n<td class=\"text-center\">12<\/td>\n<td class=\"text-center\">15<\/td>\n<td><span style=\"font-weight: 400;\">Monofilament semi-concave \u00e0 trois nerfs asym\u00e9triques<\/span><\/td>\n<td><span style=\"font-weight: 400;\">Sable de silice arrondi\u00a0<\/span><\/td>\n<td><span style=\"font-weight: 400;\">Vert, Bleu, Orange, Violet, Noir<\/span><\/td>\n<td>9100<\/td>\n<\/tr>\n<tr>\n<td><span style=\"font-weight: 400;\">Gazon monofilament STX 90<\/span><\/td>\n<td class=\"text-center\" colspan=\"2\">12<\/td>\n<td><span style=\"font-weight: 400;\">Monofilament semi-concave \u00e0 six filaments<\/span><\/td>\n<td><span style=\"font-weight: 400;\">Sable de silice arrondi<\/span><\/td>\n<td><span style=\"font-weight: 400;\">Vert, Bleu, Orange, Violet<\/span><\/td>\n<td>9000<\/td>\n<\/tr>\n<\/tbody>\n<\/table>\n <span style=\"font-weight: 400;\">Fabriqu\u00e9 exclusivement par MONDO pour notre soci\u00e9t\u00e9 sous la marque PAVIGRASS<\/span><\/p>\n","protected":false},"excerpt":{"rendered":"<p>Nous fournissons et installons la derni\u00e8re g\u00e9n\u00e9ration de gazon de paddle tennis avec les caract\u00e9ristiques suivantes : Fabriqu\u00e9 exclusivement par MONDO pour notre soci\u00e9t\u00e9 sous la marque PAVIGRASS<\/p>\n","protected":false},"author":8,"featured_media":0,"parent":3236,"menu_order":6,"comment_status":"closed","ping_status":"closed","template":"","meta":{"footnotes":""},"class_list":["post-3238","page","type-page","status-publish","hentry"],"_links":{"self":[{"href":"https:\/\/sportequipalia.com\/fr\/wp-json\/wp\/v2\/pages\/3238","targetHints":{"allow":["GET"]}}],"collection":[{"href":"https:\/\/sportequipalia.com\/fr\/wp-json\/wp\/v2\/pages"}],"about":[{"href":"https:\/\/sportequipalia.com\/fr\/wp-json\/wp\/v2\/types\/page"}],"author":[{"embeddable":true,"href":"https:\/\/sportequipalia.com\/fr\/wp-json\/wp\/v2\/users\/8"}],"replies":[{"embeddable":true,"href":"https:\/\/sportequipalia.com\/fr\/wp-json\/wp\/v2\/comments?post=3238"}],"version-history":[{"count":0,"href":"https:\/\/sportequipalia.com\/fr\/wp-json\/wp\/v2\/pages\/3238\/revisions"}],"up":[{"embeddable":true,"href":"https:\/\/sportequipalia.com\/fr\/wp-json\/wp\/v2\/pages\/3236"}],"wp:attachment":[{"href":"https:\/\/sportequipalia.com\/fr\/wp-json\/wp\/v2\/media?parent=3238"}],"curies":[{"name":"wp","href":"https:\/\/api.w.org\/{rel}","templated":true}]}}