{"id":3236,"date":"2018-01-15T18:28:58","date_gmt":"2018-01-15T17:28:58","guid":{"rendered":"https:\/\/sportequipalia.com\/servicios\/padel\/"},"modified":"2022-05-24T10:01:55","modified_gmt":"2022-05-24T08:01:55","slug":"padel","status":"publish","type":"page","link":"https:\/\/sportequipalia.com\/fr\/servicios\/padel\/","title":{"rendered":"Padel"},"content":{"rendered":"<p><span style=\"font-weight: 400;\">Notre produit star.<\/span><\/p>\n<p><span style=\"font-weight: 400;\">Nous sommes sp\u00e9cialistes des courts de paddle tennis, nos chiffres nous garantissent une moyenne de 80 courts de paddle tennis par an install\u00e9s par notre propre personnel qualifi\u00e9. <\/span><span style=\"font-weight: 400;\">Nous avons trois mod\u00e8les de courts de paddle tennis fabriqu\u00e9s dans nos installations :<\/span><\/p>\n<ol>\n<li><span style=\"font-weight: 400;\"> Court Standard<\/span><\/li>\n<li><span style=\"font-weight: 400;\"> Court Premium<\/span><\/li>\n<li><span style=\"font-weight: 400;\"> Court Panoramique (Standard ou Premium)<\/span><\/li>\n<\/ol>\n","protected":false},"excerpt":{"rendered":"<p>Notre produit star. Fabriqu\u00e9 conform\u00e9ment aux r\u00e9glementations europ\u00e9ennes et de la F\u00e9d\u00e9ration Espagnole de Padel.\u00a0 Mettez \u00e0 votre disposition les derni\u00e8res nouveaut\u00e9s en mati\u00e8re de courts de paddle.<\/p>\n","protected":false},"author":8,"featured_media":3237,"parent":3146,"menu_order":0,"comment_status":"closed","ping_status":"closed","template":"","meta":{"footnotes":""},"class_list":["post-3236","page","type-page","status-publish","has-post-thumbnail","hentry"],"_links":{"self":[{"href":"https:\/\/sportequipalia.com\/fr\/wp-json\/wp\/v2\/pages\/3236","targetHints":{"allow":["GET"]}}],"collection":[{"href":"https:\/\/sportequipalia.com\/fr\/wp-json\/wp\/v2\/pages"}],"about":[{"href":"https:\/\/sportequipalia.com\/fr\/wp-json\/wp\/v2\/types\/page"}],"author":[{"embeddable":true,"href":"https:\/\/sportequipalia.com\/fr\/wp-json\/wp\/v2\/users\/8"}],"replies":[{"embeddable":true,"href":"https:\/\/sportequipalia.com\/fr\/wp-json\/wp\/v2\/comments?post=3236"}],"version-history":[{"count":0,"href":"https:\/\/sportequipalia.com\/fr\/wp-json\/wp\/v2\/pages\/3236\/revisions"}],"up":[{"embeddable":true,"href":"https:\/\/sportequipalia.com\/fr\/wp-json\/wp\/v2\/pages\/3146"}],"wp:featuredmedia":[{"embeddable":true,"href":"https:\/\/sportequipalia.com\/fr\/wp-json\/wp\/v2\/media\/3237"}],"wp:attachment":[{"href":"https:\/\/sportequipalia.com\/fr\/wp-json\/wp\/v2\/media?parent=3236"}],"curies":[{"name":"wp","href":"https:\/\/api.w.org\/{rel}","templated":true}]}}