{"id":3233,"date":"2018-03-15T18:40:04","date_gmt":"2018-03-15T17:40:04","guid":{"rendered":"https:\/\/sportequipalia.com\/servicios\/pabellones\/"},"modified":"2022-05-24T10:01:57","modified_gmt":"2022-05-24T08:01:57","slug":"pabellones","status":"publish","type":"page","link":"https:\/\/sportequipalia.com\/fr\/articles\/pabellones\/","title":{"rendered":"Pavillons"},"content":{"rendered":"<p><span style=\"font-weight: 400;\">Bien entendu, nous proposons \u00e9galement des solutions pour les pavillons de sport tels que les suivantes :<\/span><\/p>\n<ul>\n<li style=\"font-weight: 400;\"><span style=\"font-weight: 400;\">Surfaces int\u00e9rieures en PVC, caoutchouc, linol\u00e9um ou bois et r\u00e9sines de sport \u00e0 4 ou 5 couches.<\/span><\/li>\n<li style=\"font-weight: 400;\"><span style=\"font-weight: 400;\">\u00c9quipement int\u00e9rieur (buts de football en salle, buts de hockey, paniers de toit, rideaux de s\u00e9paration, si\u00e8ges, tableaux de scores), casiers, cloisons de douche, bancs, porte-manteaux, comptoirs, \u00e9quipements pour les espaces communs tels que les salles de sport, salles de fitness, etc.<\/span><\/li>\n<li style=\"font-weight: 400;\"><span style=\"font-weight: 400;\">Peinture et marquages r\u00e9glementaires<\/span><\/li>\n<li style=\"font-weight: 400;\"><span style=\"font-weight: 400;\">Toitures en polycarbonate avec lucarnes<\/span><\/li>\n<li style=\"font-weight: 400;\"><span style=\"font-weight: 400;\">Conception du pavillon en CAD par le d\u00e9partement d&rsquo;ing\u00e9nierie.<\/span>\n<style type=\"text\/css\">\r\n\t\t\t\t#gallery-1 {\r\n\t\t\t\t\tmargin: auto;\r\n\t\t\t\t}\r\n\t\t\t\t#gallery-1 .gallery-item {\r\n\t\t\t\t\tfloat: left;\r\n\t\t\t\t\tmargin-top: 10px;\r\n\t\t\t\t\ttext-align: center;\r\n\t\t\t\t\twidth: 33%;\r\n\t\t\t\t}\r\n\t\t\t\t#gallery-1 .gallery-caption {\r\n\t\t\t\t\tmargin-left: 0;\r\n\t\t\t\t}\r\n\t\t\t<\/style><!-- see gallery_shortcode() in wp-includes\/media.php -->\r\n\t\t\t\n\t\t<div id=\"gallery-1\" class=\"gallery galleryid-3233 mfp-gallery mfp-gallery--images gallery-columns-3 gallery-size-large\"><div class=\"row zn_image_gallery \"><div class=\"col-sm-6 col-md-4 col-lg-4\"><a href=\"https:\/\/sportequipalia.com\/wp-content\/uploads\/2020\/06\/pabellon-sport-equipalia.jpg\" title=\"\" class=\"hoverBorder\"><img loading=\"lazy\" decoding=\"async\" width=\"1024\" height=\"640\" src=\"https:\/\/sportequipalia.com\/wp-content\/uploads\/2020\/06\/pabellon-sport-equipalia-1024x640.jpg\" class=\"attachment-large size-large\" alt=\"\" size=\"large\" ids=\"2664,2666,2668\" orderby=\"post__in\" include=\"2664,2666,2668\" srcset=\"https:\/\/sportequipalia.com\/wp-content\/uploads\/2020\/06\/pabellon-sport-equipalia-1024x640.jpg 1024w, https:\/\/sportequipalia.com\/wp-content\/uploads\/2020\/06\/pabellon-sport-equipalia-300x188.jpg 300w, https:\/\/sportequipalia.com\/wp-content\/uploads\/2020\/06\/pabellon-sport-equipalia-768x480.jpg 768w, https:\/\/sportequipalia.com\/wp-content\/uploads\/2020\/06\/pabellon-sport-equipalia-280x175.jpg 280w, https:\/\/sportequipalia.com\/wp-content\/uploads\/2020\/06\/pabellon-sport-equipalia-1170x731.jpg 1170w, https:\/\/sportequipalia.com\/wp-content\/uploads\/2020\/06\/pabellon-sport-equipalia.jpg 1280w\" sizes=\"auto, (max-width: 1024px) 100vw, 1024px\" \/><span class=\"gallery_caption\"><\/span><\/a><\/div><div class=\"col-sm-6 col-md-4 col-lg-4\"><a href=\"https:\/\/sportequipalia.com\/wp-content\/uploads\/2020\/06\/pabellon-sport-equipalia-02.jpg\" title=\"\" class=\"hoverBorder\"><img loading=\"lazy\" decoding=\"async\" width=\"1024\" height=\"640\" src=\"https:\/\/sportequipalia.com\/wp-content\/uploads\/2020\/06\/pabellon-sport-equipalia-02-1024x640.jpg\" class=\"attachment-large size-large\" alt=\"\" size=\"large\" ids=\"2664,2666,2668\" orderby=\"post__in\" include=\"2664,2666,2668\" srcset=\"https:\/\/sportequipalia.com\/wp-content\/uploads\/2020\/06\/pabellon-sport-equipalia-02-1024x640.jpg 1024w, https:\/\/sportequipalia.com\/wp-content\/uploads\/2020\/06\/pabellon-sport-equipalia-02-300x188.jpg 300w, https:\/\/sportequipalia.com\/wp-content\/uploads\/2020\/06\/pabellon-sport-equipalia-02-768x480.jpg 768w, https:\/\/sportequipalia.com\/wp-content\/uploads\/2020\/06\/pabellon-sport-equipalia-02-280x175.jpg 280w, https:\/\/sportequipalia.com\/wp-content\/uploads\/2020\/06\/pabellon-sport-equipalia-02-1170x731.jpg 1170w, https:\/\/sportequipalia.com\/wp-content\/uploads\/2020\/06\/pabellon-sport-equipalia-02.jpg 1280w\" sizes=\"auto, (max-width: 1024px) 100vw, 1024px\" \/><span class=\"gallery_caption\"><\/span><\/a><\/div><div class=\"col-sm-6 col-md-4 col-lg-4\"><a href=\"https:\/\/sportequipalia.com\/wp-content\/uploads\/2020\/06\/panoramica-pabellon-vedra.jpg\" title=\"\" class=\"hoverBorder\"><img loading=\"lazy\" decoding=\"async\" width=\"1024\" height=\"640\" src=\"https:\/\/sportequipalia.com\/wp-content\/uploads\/2020\/06\/panoramica-pabellon-vedra-1024x640.jpg\" class=\"attachment-large size-large\" alt=\"\" size=\"large\" ids=\"2664,2666,2668\" orderby=\"post__in\" include=\"2664,2666,2668\" srcset=\"https:\/\/sportequipalia.com\/wp-content\/uploads\/2020\/06\/panoramica-pabellon-vedra-1024x640.jpg 1024w, https:\/\/sportequipalia.com\/wp-content\/uploads\/2020\/06\/panoramica-pabellon-vedra-300x188.jpg 300w, https:\/\/sportequipalia.com\/wp-content\/uploads\/2020\/06\/panoramica-pabellon-vedra-768x480.jpg 768w, https:\/\/sportequipalia.com\/wp-content\/uploads\/2020\/06\/panoramica-pabellon-vedra-280x175.jpg 280w, https:\/\/sportequipalia.com\/wp-content\/uploads\/2020\/06\/panoramica-pabellon-vedra-1170x731.jpg 1170w, https:\/\/sportequipalia.com\/wp-content\/uploads\/2020\/06\/panoramica-pabellon-vedra.jpg 1280w\" sizes=\"auto, (max-width: 1024px) 100vw, 1024px\" \/><span class=\"gallery_caption\"><\/span><\/a><\/div><\/div><\/div>\n<\/li>\n<\/ul>\n","protected":false},"excerpt":{"rendered":"<p>Dans le cadre des grands travaux, nous fournissons et installons tous les types de rev\u00eatements de sol, d&rsquo;\u00e9quipements et de vestiaires afin de donner un nouveau visage aux pavillons existants, et si un nouveau pavillon doit \u00eatre construit, notre service d&rsquo;ing\u00e9nierie en fait la conception, puis le groupe des travaux de g\u00e9nie civil s&rsquo;en charge.<\/p>\n","protected":false},"author":8,"featured_media":3235,"parent":4725,"menu_order":0,"comment_status":"closed","ping_status":"closed","template":"","meta":{"footnotes":""},"class_list":["post-3233","page","type-page","status-publish","has-post-thumbnail","hentry"],"_links":{"self":[{"href":"https:\/\/sportequipalia.com\/fr\/wp-json\/wp\/v2\/pages\/3233","targetHints":{"allow":["GET"]}}],"collection":[{"href":"https:\/\/sportequipalia.com\/fr\/wp-json\/wp\/v2\/pages"}],"about":[{"href":"https:\/\/sportequipalia.com\/fr\/wp-json\/wp\/v2\/types\/page"}],"author":[{"embeddable":true,"href":"https:\/\/sportequipalia.com\/fr\/wp-json\/wp\/v2\/users\/8"}],"replies":[{"embeddable":true,"href":"https:\/\/sportequipalia.com\/fr\/wp-json\/wp\/v2\/comments?post=3233"}],"version-history":[{"count":0,"href":"https:\/\/sportequipalia.com\/fr\/wp-json\/wp\/v2\/pages\/3233\/revisions"}],"up":[{"embeddable":true,"href":"https:\/\/sportequipalia.com\/fr\/wp-json\/wp\/v2\/pages\/4725"}],"wp:featuredmedia":[{"embeddable":true,"href":"https:\/\/sportequipalia.com\/fr\/wp-json\/wp\/v2\/media\/3235"}],"wp:attachment":[{"href":"https:\/\/sportequipalia.com\/fr\/wp-json\/wp\/v2\/media?parent=3233"}],"curies":[{"name":"wp","href":"https:\/\/api.w.org\/{rel}","templated":true}]}}