{"id":3229,"date":"2018-11-19T10:21:44","date_gmt":"2018-11-19T09:21:44","guid":{"rendered":"https:\/\/sportequipalia.com\/servicios\/multideporte\/vidrio\/"},"modified":"2022-05-24T10:01:55","modified_gmt":"2022-05-24T08:01:55","slug":"vidrio","status":"publish","type":"page","link":"https:\/\/sportequipalia.com\/fr\/servicios\/multideporte\/vidrio\/","title":{"rendered":"Piste Multisport en verre"},"content":{"rendered":"<p><img loading=\"lazy\" decoding=\"async\" class=\"wp-image-2855 size-full aligncenter\" src=\"https:\/\/sportequipalia.com\/wp-content\/uploads\/2020\/07\/multideporte-vidrios-1024x768-1.jpg\" alt=\"\" width=\"1024\" height=\"576\" srcset=\"https:\/\/sportequipalia.com\/wp-content\/uploads\/2020\/07\/multideporte-vidrios-1024x768-1.jpg 1024w, https:\/\/sportequipalia.com\/wp-content\/uploads\/2020\/07\/multideporte-vidrios-1024x768-1-300x169.jpg 300w, https:\/\/sportequipalia.com\/wp-content\/uploads\/2020\/07\/multideporte-vidrios-1024x768-1-768x432.jpg 768w, https:\/\/sportequipalia.com\/wp-content\/uploads\/2020\/07\/multideporte-vidrios-1024x768-1-280x158.jpg 280w\" sizes=\"auto, (max-width: 1024px) 100vw, 1024px\" \/><\/p>\n<p>&nbsp;<\/p>\n<p><span style=\"font-weight: 400;\">Pavigrass Jeu multisports de plein air pour la pratique des sports suivants : football, basket-ball, handball, volley-ball, badminton, tennis\u2026<\/span><\/p>\n<ul>\n<li style=\"font-weight: 400;\"><span style=\"font-weight: 400;\">Structure tubulaire en acier galvanis\u00e9 par immersion \u00e0 chaud<\/span><\/li>\n<li style=\"font-weight: 400;\"><span style=\"font-weight: 400;\">Profil\u00e9s de 80&#215;80 mm et de 2 mm d&rsquo;\u00e9paisseur avec une hauteur de 1 m\u00e8tre sur les c\u00f4t\u00e9s<\/span><\/li>\n<li style=\"font-weight: 400;\"><span style=\"font-weight: 400;\">Cadres individuels 50x40x1,5 avec rebord de 20 mm avec angles de 45\u00ba, distance entre les poteaux 150 cm.<\/span><\/li>\n<li style=\"font-weight: 400;\"><span style=\"font-weight: 400;\">Des buts anti-vandalisme de 3&#215;2 m\u00e8tres, avec des profils de 80&#215;80 mm et 40&#215;80 mm sur les cadres.<\/span><\/li>\n<li style=\"font-weight: 400;\"><span style=\"font-weight: 400;\">Plaques d&rsquo;ancrage dans toute la structure de 200x200mm et 1 cm d&rsquo;\u00e9paisseur, ancr\u00e9es au sol gr\u00e2ce \u00e0 des vis expansives de type \u00ab\u00a0hilti\u00a0\u00bb.<\/span><\/li>\n<li style=\"font-weight: 400;\"><span style=\"font-weight: 400;\">Acc\u00e8s aux pistes par l&rsquo;arri\u00e8re des buts.<\/span><\/li>\n<li style=\"font-weight: 400;\"><span style=\"font-weight: 400;\">Cl\u00f4ture en bois sur tout le p\u00e9rim\u00e8tre avec du verre tremp\u00e9 de 10 mm d&rsquo;\u00e9paisseur approuv\u00e9 en 2001, encadr\u00e9e entre la bride et le bourrelet du cadre scell\u00e9 avec du silicone.<\/span><\/li>\n<li style=\"font-weight: 400;\"><span style=\"font-weight: 400;\">Protection des vis avec des bouchons en plastique et installation d&rsquo;\u00e9crous non visibles.<\/span><\/li>\n<li style=\"font-weight: 400;\"><span style=\"font-weight: 400;\">Sol en gazon fibrill\u00e9 vert Mondo 12 mm avec lignes de jeu blanches<\/span><\/li>\n<li style=\"font-weight: 400;\"><span style=\"font-weight: 400;\">Mesures :<\/span>\n<ul>\n<li style=\"font-weight: 400;\"><span style=\"font-weight: 400;\">20 x 10<\/span><\/li>\n<li style=\"font-weight: 400;\"><span style=\"font-weight: 400;\">22 x 12<\/span><\/li>\n<li style=\"font-weight: 400;\"><span style=\"font-weight: 400;\">30 x 15<\/span><\/li>\n<li style=\"font-weight: 400;\"><span style=\"font-weight: 400;\">40 x 20<\/span><\/li>\n<li style=\"font-weight: 400;\"><span style=\"font-weight: 400;\">Sur mesure<\/span><\/li>\n<\/ul>\n<\/li>\n<\/ul>\n","protected":false},"excerpt":{"rendered":"<p>&nbsp; Pavigrass Jeu multisports de plein air pour la pratique des sports suivants : football, basket-ball, handball, volley-ball, badminton, tennis\u2026 Structure tubulaire en acier galvanis\u00e9 par immersion \u00e0 chaud Profil\u00e9s de 80&#215;80 mm et de 2 mm d&rsquo;\u00e9paisseur avec une hauteur de 1 m\u00e8tre sur les c\u00f4t\u00e9s Cadres individuels 50x40x1,5 avec rebord de 20 mm<\/p>\n","protected":false},"author":8,"featured_media":0,"parent":3221,"menu_order":0,"comment_status":"closed","ping_status":"closed","template":"","meta":{"footnotes":""},"class_list":["post-3229","page","type-page","status-publish","hentry"],"_links":{"self":[{"href":"https:\/\/sportequipalia.com\/fr\/wp-json\/wp\/v2\/pages\/3229","targetHints":{"allow":["GET"]}}],"collection":[{"href":"https:\/\/sportequipalia.com\/fr\/wp-json\/wp\/v2\/pages"}],"about":[{"href":"https:\/\/sportequipalia.com\/fr\/wp-json\/wp\/v2\/types\/page"}],"author":[{"embeddable":true,"href":"https:\/\/sportequipalia.com\/fr\/wp-json\/wp\/v2\/users\/8"}],"replies":[{"embeddable":true,"href":"https:\/\/sportequipalia.com\/fr\/wp-json\/wp\/v2\/comments?post=3229"}],"version-history":[{"count":0,"href":"https:\/\/sportequipalia.com\/fr\/wp-json\/wp\/v2\/pages\/3229\/revisions"}],"up":[{"embeddable":true,"href":"https:\/\/sportequipalia.com\/fr\/wp-json\/wp\/v2\/pages\/3221"}],"wp:attachment":[{"href":"https:\/\/sportequipalia.com\/fr\/wp-json\/wp\/v2\/media?parent=3229"}],"curies":[{"name":"wp","href":"https:\/\/api.w.org\/{rel}","templated":true}]}}