{"id":3225,"date":"2018-11-19T10:39:00","date_gmt":"2018-11-19T09:39:00","guid":{"rendered":"https:\/\/sportequipalia.com\/servicios\/multideporte\/hierro\/"},"modified":"2022-05-24T10:01:55","modified_gmt":"2022-05-24T08:01:55","slug":"hierro","status":"publish","type":"page","link":"https:\/\/sportequipalia.com\/fr\/servicios\/multideporte\/hierro\/","title":{"rendered":"Piste Multisport en fer"},"content":{"rendered":"<p><span style=\"font-weight: 400;\">Pavigrass Jeu multisports de plein air pour la pratique des sports suivants : football, basket-ball, handball, volley-ball, badminton, tennis\u2026<\/span><\/p>\n<p><span style=\"font-weight: 400;\">Structure m\u00e9tallique form\u00e9e par des barreaux horizontaux de 100x20x2 mm et des barreaux verticaux de 80x80x2 mm, pr\u00e9-galvanis\u00e9s et laqu\u00e9s \u00e0 la poudre de polyester \u00e0 200\u00baC au four.<\/span><\/p>\n<p><span style=\"font-weight: 400;\">Buts anti-vandalisme de 3&#215;2 m\u00e8tres avec des profil\u00e9s de 80&#215;80 mm et 40&#215;80 mm dans les cadres ; et de 16&#215;16 mm, avec des traverses de 45&#215;45 dans les fonds, laissant une lumi\u00e8re de 60&#215;12 cm environ<\/span><\/p>\n<p><span style=\"font-weight: 400;\">Poteaux polyvalents de section 80&#215;80 et d&rsquo;une \u00e9paisseur de 2 mm dans la zone centrale, y compris l&rsquo;alimentation du r\u00e9seau sur mesure avec un c\u00e2ble en acier<\/span><\/p>\n<p><span style=\"font-weight: 400;\">Plaques d&rsquo;ancrage dans toute la structure de 200&#215;200 mm et de 1 cm d&rsquo;\u00e9paisseur, ancr\u00e9es au sol gr\u00e2ce \u00e0 des vis expansives de type \u00ab\u00a0hilti\u00a0\u00bb.<\/span><\/p>\n<p><span style=\"font-weight: 400;\">Acc\u00e8s \u00e0 la piste par l&rsquo;arri\u00e8re des buts<\/span><\/p>\n<p><span style=\"font-weight: 400;\">Protection des vis avec des bouchons en plastique et installation d&rsquo;\u00e9crous non visibles.<\/span><\/p>\n<ul>\n<li style=\"font-weight: 400;\"><span style=\"font-weight: 400;\">Sol en gazon fibrill\u00e9 vert Mondo 12 mm avec lignes de jeu blanches<\/span><\/li>\n<li style=\"font-weight: 400;\"><span style=\"font-weight: 400;\">Mesures :<\/span>\n<ul>\n<li style=\"font-weight: 400;\"><span style=\"font-weight: 400;\">20 x 10<\/span><\/li>\n<li style=\"font-weight: 400;\"><span style=\"font-weight: 400;\">22 x 12<\/span><\/li>\n<li style=\"font-weight: 400;\"><span style=\"font-weight: 400;\">30 x 15<\/span><\/li>\n<li style=\"font-weight: 400;\"><span style=\"font-weight: 400;\">40 x 20\u00a0 <\/span><\/li>\n<\/ul>\n<\/li>\n<\/ul>\n<style type=\"text\/css\">\r\n\t\t\t\t#gallery-1 {\r\n\t\t\t\t\tmargin: auto;\r\n\t\t\t\t}\r\n\t\t\t\t#gallery-1 .gallery-item {\r\n\t\t\t\t\tfloat: left;\r\n\t\t\t\t\tmargin-top: 10px;\r\n\t\t\t\t\ttext-align: center;\r\n\t\t\t\t\twidth: 33%;\r\n\t\t\t\t}\r\n\t\t\t\t#gallery-1 .gallery-caption {\r\n\t\t\t\t\tmargin-left: 0;\r\n\t\t\t\t}\r\n\t\t\t<\/style><!-- see gallery_shortcode() in wp-includes\/media.php -->\r\n\t\t\t\n\t\t<div id=\"gallery-1\" class=\"gallery galleryid-3225 mfp-gallery mfp-gallery--images gallery-columns-3 gallery-size-large\"><div class=\"row zn_image_gallery \"><div class=\"col-sm-6 col-md-4 col-lg-4\"><a href=\"https:\/\/sportequipalia.com\/wp-content\/uploads\/2020\/06\/multideporte-en-hierro-03.jpg\" title=\"\" class=\"hoverBorder\"><img loading=\"lazy\" decoding=\"async\" width=\"1024\" height=\"640\" src=\"https:\/\/sportequipalia.com\/wp-content\/uploads\/2020\/06\/multideporte-en-hierro-03-1024x640.jpg\" class=\"attachment-large size-large\" alt=\"Pista multideporte en hierro\" size=\"large\" ids=\"2584,2581,2578\" orderby=\"post__in\" include=\"2584,2581,2578\" srcset=\"https:\/\/sportequipalia.com\/wp-content\/uploads\/2020\/06\/multideporte-en-hierro-03-1024x640.jpg 1024w, https:\/\/sportequipalia.com\/wp-content\/uploads\/2020\/06\/multideporte-en-hierro-03-300x188.jpg 300w, https:\/\/sportequipalia.com\/wp-content\/uploads\/2020\/06\/multideporte-en-hierro-03-768x480.jpg 768w, https:\/\/sportequipalia.com\/wp-content\/uploads\/2020\/06\/multideporte-en-hierro-03-280x175.jpg 280w, https:\/\/sportequipalia.com\/wp-content\/uploads\/2020\/06\/multideporte-en-hierro-03-1170x731.jpg 1170w, https:\/\/sportequipalia.com\/wp-content\/uploads\/2020\/06\/multideporte-en-hierro-03.jpg 1280w\" sizes=\"auto, (max-width: 1024px) 100vw, 1024px\" \/><span class=\"gallery_caption\"><\/span><\/a><\/div><div class=\"col-sm-6 col-md-4 col-lg-4\"><a href=\"https:\/\/sportequipalia.com\/wp-content\/uploads\/2020\/06\/multideporte-en-hierro-02.jpg\" title=\"\" class=\"hoverBorder\"><img loading=\"lazy\" decoding=\"async\" width=\"640\" height=\"640\" src=\"https:\/\/sportequipalia.com\/wp-content\/uploads\/2020\/06\/multideporte-en-hierro-02.jpg\" class=\"attachment-large size-large\" alt=\"Pista multideporte en hierro\" size=\"large\" ids=\"2584,2581,2578\" orderby=\"post__in\" include=\"2584,2581,2578\" srcset=\"https:\/\/sportequipalia.com\/wp-content\/uploads\/2020\/06\/multideporte-en-hierro-02.jpg 640w, https:\/\/sportequipalia.com\/wp-content\/uploads\/2020\/06\/multideporte-en-hierro-02-300x300.jpg 300w, https:\/\/sportequipalia.com\/wp-content\/uploads\/2020\/06\/multideporte-en-hierro-02-150x150.jpg 150w, https:\/\/sportequipalia.com\/wp-content\/uploads\/2020\/06\/multideporte-en-hierro-02-187x187.jpg 187w\" sizes=\"auto, (max-width: 640px) 100vw, 640px\" \/><span class=\"gallery_caption\"><\/span><\/a><\/div><div class=\"col-sm-6 col-md-4 col-lg-4\"><a href=\"https:\/\/sportequipalia.com\/wp-content\/uploads\/2020\/06\/multideporte-en-hierro-01.jpg\" title=\"\" class=\"hoverBorder\"><img loading=\"lazy\" decoding=\"async\" width=\"1024\" height=\"640\" src=\"https:\/\/sportequipalia.com\/wp-content\/uploads\/2020\/06\/multideporte-en-hierro-01-1024x640.jpg\" class=\"attachment-large size-large\" alt=\"Pista multideporte en hierro\" size=\"large\" ids=\"2584,2581,2578\" orderby=\"post__in\" include=\"2584,2581,2578\" srcset=\"https:\/\/sportequipalia.com\/wp-content\/uploads\/2020\/06\/multideporte-en-hierro-01-1024x640.jpg 1024w, https:\/\/sportequipalia.com\/wp-content\/uploads\/2020\/06\/multideporte-en-hierro-01-300x188.jpg 300w, https:\/\/sportequipalia.com\/wp-content\/uploads\/2020\/06\/multideporte-en-hierro-01-768x480.jpg 768w, https:\/\/sportequipalia.com\/wp-content\/uploads\/2020\/06\/multideporte-en-hierro-01-280x175.jpg 280w, https:\/\/sportequipalia.com\/wp-content\/uploads\/2020\/06\/multideporte-en-hierro-01-1170x731.jpg 1170w, https:\/\/sportequipalia.com\/wp-content\/uploads\/2020\/06\/multideporte-en-hierro-01.jpg 1280w\" sizes=\"auto, (max-width: 1024px) 100vw, 1024px\" \/><span class=\"gallery_caption\"><\/span><\/a><\/div><\/div><\/div>\n","protected":false},"excerpt":{"rendered":"<p>Pavigrass Jeu multisports de plein air pour la pratique des sports suivants : football, basket-ball, handball, volley-ball, badminton, tennis\u2026 Structure m\u00e9tallique form\u00e9e par des barreaux horizontaux de 100x20x2 mm et des barreaux verticaux de 80x80x2 mm, pr\u00e9-galvanis\u00e9s et laqu\u00e9s \u00e0 la poudre de polyester \u00e0 200\u00baC au four. Buts anti-vandalisme de 3&#215;2 m\u00e8tres avec des<\/p>\n","protected":false},"author":8,"featured_media":0,"parent":3221,"menu_order":0,"comment_status":"closed","ping_status":"closed","template":"","meta":{"footnotes":""},"class_list":["post-3225","page","type-page","status-publish","hentry"],"_links":{"self":[{"href":"https:\/\/sportequipalia.com\/fr\/wp-json\/wp\/v2\/pages\/3225","targetHints":{"allow":["GET"]}}],"collection":[{"href":"https:\/\/sportequipalia.com\/fr\/wp-json\/wp\/v2\/pages"}],"about":[{"href":"https:\/\/sportequipalia.com\/fr\/wp-json\/wp\/v2\/types\/page"}],"author":[{"embeddable":true,"href":"https:\/\/sportequipalia.com\/fr\/wp-json\/wp\/v2\/users\/8"}],"replies":[{"embeddable":true,"href":"https:\/\/sportequipalia.com\/fr\/wp-json\/wp\/v2\/comments?post=3225"}],"version-history":[{"count":0,"href":"https:\/\/sportequipalia.com\/fr\/wp-json\/wp\/v2\/pages\/3225\/revisions"}],"up":[{"embeddable":true,"href":"https:\/\/sportequipalia.com\/fr\/wp-json\/wp\/v2\/pages\/3221"}],"wp:attachment":[{"href":"https:\/\/sportequipalia.com\/fr\/wp-json\/wp\/v2\/media?parent=3225"}],"curies":[{"name":"wp","href":"https:\/\/api.w.org\/{rel}","templated":true}]}}