{"id":3223,"date":"2018-11-19T10:36:21","date_gmt":"2018-11-19T09:36:21","guid":{"rendered":"https:\/\/sportequipalia.com\/servicios\/multideporte\/fenolico\/"},"modified":"2022-05-24T10:01:55","modified_gmt":"2022-05-24T08:01:55","slug":"fenolico","status":"publish","type":"page","link":"https:\/\/sportequipalia.com\/fr\/servicios\/multideporte\/fenolico\/","title":{"rendered":"Piste Multisport en ph\u00e9nolique"},"content":{"rendered":"<p><span style=\"font-weight: 400;\">Pavigrass Jeu multisports de plein air pour la pratique des sports suivants : football, basket-ball, handball, volley-ball, badminton, tennis\u2026<\/span><\/p>\n<p><span style=\"font-weight: 400;\">Structure en acier pr\u00e9-galvanis\u00e9 avec peinture en poudre de polyester cuite au four \u00e0 200\u00baC<\/span><\/p>\n<p><span style=\"font-weight: 400;\">Profil\u00e9s de 80&#215;80 mm et de 2 mm d&rsquo;\u00e9paisseur avec une hauteur de 1 m\u00e8tre sur les c\u00f4t\u00e9s et des fonds variables<\/span><\/p>\n<p><span style=\"font-weight: 400;\">Cadres individuels 50x40x1,5 avec rebord de 20 mm avec angles de 45\u00b0, distance entre les poteaux 150 cm<\/span><\/p>\n<p><span style=\"font-weight: 400;\">Poteaux polyvalents de section 80&#215;80 et de 2 mm d&rsquo;\u00e9paisseur dans la zone centrale, y compris l&rsquo;alimentation du r\u00e9seau sur mesure avec un c\u00e2ble en acier.<\/span><\/p>\n<p><span style=\"font-weight: 400;\">Plaques d&rsquo;ancrage dans toute la structure de 200&#215;200 mm et de 1 cm d&rsquo;\u00e9paisseur, ancr\u00e9es au sol gr\u00e2ce \u00e0 des vis expansives de type \u00ab\u00a0hilti\u00a0\u00bb.<\/span><\/p>\n<p><span style=\"font-weight: 400;\">Acc\u00e8s \u00e0 la piste par l&rsquo;arri\u00e8re des buts<\/span><\/p>\n<p><span style=\"font-weight: 400;\">Cl\u00f4ture compl\u00e8te avec panneau stratifi\u00e9 ph\u00e9nolique HPL, encadr\u00e9 entre la bride et la parclose scell\u00e9e avec du silicone. Convient pour les zones ext\u00e9rieures et humides.<\/span><\/p>\n<ul>\n<li style=\"font-weight: 400;\"><span style=\"font-weight: 400;\">Protection des vis avec des bouchons en plastique et installation d&rsquo;\u00e9crous non visibles.<\/span><\/li>\n<li style=\"font-weight: 400;\"><span style=\"font-weight: 400;\">Sol en gazon fibrill\u00e9 vert Mondo 12 mm avec lignes de jeu blanches<\/span><\/li>\n<li style=\"font-weight: 400;\"><span style=\"font-weight: 400;\">Mesures :<\/span>\n<ul>\n<li style=\"font-weight: 400;\"><span style=\"font-weight: 400;\">20 x 10<\/span><\/li>\n<li style=\"font-weight: 400;\"><span style=\"font-weight: 400;\">22 x 12<\/span><\/li>\n<li style=\"font-weight: 400;\"><span style=\"font-weight: 400;\">30 x 15<\/span><\/li>\n<li style=\"font-weight: 400;\"><span style=\"font-weight: 400;\">40 x 20<\/span><\/li>\n<li style=\"font-weight: 400;\"><span style=\"font-weight: 400;\">Sur mesure<\/span><\/li>\n<\/ul>\n<\/li>\n<\/ul>\n<style type=\"text\/css\">\r\n\t\t\t\t#gallery-1 {\r\n\t\t\t\t\tmargin: auto;\r\n\t\t\t\t}\r\n\t\t\t\t#gallery-1 .gallery-item {\r\n\t\t\t\t\tfloat: left;\r\n\t\t\t\t\tmargin-top: 10px;\r\n\t\t\t\t\ttext-align: center;\r\n\t\t\t\t\twidth: 33%;\r\n\t\t\t\t}\r\n\t\t\t\t#gallery-1 .gallery-caption {\r\n\t\t\t\t\tmargin-left: 0;\r\n\t\t\t\t}\r\n\t\t\t<\/style><!-- see gallery_shortcode() in wp-includes\/media.php -->\r\n\t\t\t\n\t\t<div id=\"gallery-1\" class=\"gallery galleryid-3223 mfp-gallery mfp-gallery--images gallery-columns-3 gallery-size-large\"><div class=\"row zn_image_gallery \"><div class=\"col-sm-6 col-md-4 col-lg-4\"><a href=\"https:\/\/sportequipalia.com\/wp-content\/uploads\/2020\/06\/multideporte-en-fenolico-sport-equipalia-01.jpg\" title=\"\" class=\"hoverBorder\"><img loading=\"lazy\" decoding=\"async\" width=\"1024\" height=\"640\" src=\"https:\/\/sportequipalia.com\/wp-content\/uploads\/2020\/06\/multideporte-en-fenolico-sport-equipalia-01-1024x640.jpg\" class=\"attachment-large size-large\" alt=\"\" size=\"large\" ids=\"2570,2574,2572\" orderby=\"post__in\" include=\"2570,2574,2572\" srcset=\"https:\/\/sportequipalia.com\/wp-content\/uploads\/2020\/06\/multideporte-en-fenolico-sport-equipalia-01-1024x640.jpg 1024w, https:\/\/sportequipalia.com\/wp-content\/uploads\/2020\/06\/multideporte-en-fenolico-sport-equipalia-01-300x188.jpg 300w, https:\/\/sportequipalia.com\/wp-content\/uploads\/2020\/06\/multideporte-en-fenolico-sport-equipalia-01-768x480.jpg 768w, https:\/\/sportequipalia.com\/wp-content\/uploads\/2020\/06\/multideporte-en-fenolico-sport-equipalia-01-280x175.jpg 280w, https:\/\/sportequipalia.com\/wp-content\/uploads\/2020\/06\/multideporte-en-fenolico-sport-equipalia-01-1170x731.jpg 1170w, https:\/\/sportequipalia.com\/wp-content\/uploads\/2020\/06\/multideporte-en-fenolico-sport-equipalia-01.jpg 1280w\" sizes=\"auto, (max-width: 1024px) 100vw, 1024px\" \/><span class=\"gallery_caption\"><\/span><\/a><\/div><div class=\"col-sm-6 col-md-4 col-lg-4\"><a href=\"https:\/\/sportequipalia.com\/wp-content\/uploads\/2020\/06\/multideporte-en-fenolico-sport-equipalia-03.jpg\" title=\"\" class=\"hoverBorder\"><img loading=\"lazy\" decoding=\"async\" width=\"733\" height=\"800\" src=\"https:\/\/sportequipalia.com\/wp-content\/uploads\/2020\/06\/multideporte-en-fenolico-sport-equipalia-03.jpg\" class=\"attachment-large size-large\" alt=\"Multideporte en fen\u00f3lico Sport Equipalia\" size=\"large\" ids=\"2570,2574,2572\" orderby=\"post__in\" include=\"2570,2574,2572\" srcset=\"https:\/\/sportequipalia.com\/wp-content\/uploads\/2020\/06\/multideporte-en-fenolico-sport-equipalia-03.jpg 733w, https:\/\/sportequipalia.com\/wp-content\/uploads\/2020\/06\/multideporte-en-fenolico-sport-equipalia-03-275x300.jpg 275w, https:\/\/sportequipalia.com\/wp-content\/uploads\/2020\/06\/multideporte-en-fenolico-sport-equipalia-03-171x187.jpg 171w\" sizes=\"auto, (max-width: 733px) 100vw, 733px\" \/><span class=\"gallery_caption\"><\/span><\/a><\/div><div class=\"col-sm-6 col-md-4 col-lg-4\"><a href=\"https:\/\/sportequipalia.com\/wp-content\/uploads\/2020\/06\/multideporte-en-fenolico-sport-equipalia-02.jpg\" title=\"\" class=\"hoverBorder\"><img loading=\"lazy\" decoding=\"async\" width=\"1024\" height=\"640\" src=\"https:\/\/sportequipalia.com\/wp-content\/uploads\/2020\/06\/multideporte-en-fenolico-sport-equipalia-02-1024x640.jpg\" class=\"attachment-large size-large\" alt=\"Multideporte en fen\u00f3lico Sport Equipalia\" size=\"large\" ids=\"2570,2574,2572\" orderby=\"post__in\" include=\"2570,2574,2572\" srcset=\"https:\/\/sportequipalia.com\/wp-content\/uploads\/2020\/06\/multideporte-en-fenolico-sport-equipalia-02-1024x640.jpg 1024w, https:\/\/sportequipalia.com\/wp-content\/uploads\/2020\/06\/multideporte-en-fenolico-sport-equipalia-02-300x188.jpg 300w, https:\/\/sportequipalia.com\/wp-content\/uploads\/2020\/06\/multideporte-en-fenolico-sport-equipalia-02-768x480.jpg 768w, https:\/\/sportequipalia.com\/wp-content\/uploads\/2020\/06\/multideporte-en-fenolico-sport-equipalia-02-280x175.jpg 280w, https:\/\/sportequipalia.com\/wp-content\/uploads\/2020\/06\/multideporte-en-fenolico-sport-equipalia-02-1170x731.jpg 1170w, https:\/\/sportequipalia.com\/wp-content\/uploads\/2020\/06\/multideporte-en-fenolico-sport-equipalia-02.jpg 1280w\" sizes=\"auto, (max-width: 1024px) 100vw, 1024px\" \/><span class=\"gallery_caption\"><\/span><\/a><\/div><\/div><\/div>\n","protected":false},"excerpt":{"rendered":"<p>Pavigrass Jeu multisports de plein air pour la pratique des sports suivants : football, basket-ball, handball, volley-ball, badminton, tennis\u2026 Structure en acier pr\u00e9-galvanis\u00e9 avec peinture en poudre de polyester cuite au four \u00e0 200\u00baC Profil\u00e9s de 80&#215;80 mm et de 2 mm d&rsquo;\u00e9paisseur avec une hauteur de 1 m\u00e8tre sur les c\u00f4t\u00e9s et des fonds<\/p>\n","protected":false},"author":8,"featured_media":0,"parent":3221,"menu_order":0,"comment_status":"closed","ping_status":"closed","template":"","meta":{"footnotes":""},"class_list":["post-3223","page","type-page","status-publish","hentry"],"_links":{"self":[{"href":"https:\/\/sportequipalia.com\/fr\/wp-json\/wp\/v2\/pages\/3223","targetHints":{"allow":["GET"]}}],"collection":[{"href":"https:\/\/sportequipalia.com\/fr\/wp-json\/wp\/v2\/pages"}],"about":[{"href":"https:\/\/sportequipalia.com\/fr\/wp-json\/wp\/v2\/types\/page"}],"author":[{"embeddable":true,"href":"https:\/\/sportequipalia.com\/fr\/wp-json\/wp\/v2\/users\/8"}],"replies":[{"embeddable":true,"href":"https:\/\/sportequipalia.com\/fr\/wp-json\/wp\/v2\/comments?post=3223"}],"version-history":[{"count":0,"href":"https:\/\/sportequipalia.com\/fr\/wp-json\/wp\/v2\/pages\/3223\/revisions"}],"up":[{"embeddable":true,"href":"https:\/\/sportequipalia.com\/fr\/wp-json\/wp\/v2\/pages\/3221"}],"wp:attachment":[{"href":"https:\/\/sportequipalia.com\/fr\/wp-json\/wp\/v2\/media?parent=3223"}],"curies":[{"name":"wp","href":"https:\/\/api.w.org\/{rel}","templated":true}]}}