{"id":3221,"date":"2018-02-15T18:55:07","date_gmt":"2018-02-15T17:55:07","guid":{"rendered":"https:\/\/sportequipalia.com\/servicios\/multideporte\/"},"modified":"2022-05-24T10:01:55","modified_gmt":"2022-05-24T08:01:55","slug":"multideporte","status":"publish","type":"page","link":"https:\/\/sportequipalia.com\/fr\/servicios\/multideporte\/","title":{"rendered":"Multisport"},"content":{"rendered":"<p><span style=\"font-weight: 400;\">Nous disposons de 5 types de terrains multisports avec un sol en pelouse artificielle fibrill\u00e9e de 12 mm de diff\u00e9rentes couleurs, un \u00e9clairage optionnel, un filet de protection et du sur mesure.<\/span><\/p>\n<p><span style=\"font-weight: 400;\">Nous pouvons \u00e9galement construire le support, c&rsquo;est-\u00e0-dire la chape de b\u00e9ton correspondante, soit en b\u00e9ton poli, soit en b\u00e9ton poreux.<\/span><\/p>\n<p><span style=\"font-weight: 400;\">Ce sont nos types de pistes en fonction du type de fermeture n\u00e9cessaire :\u00a0<\/span><\/p>\n<ul>\n<li><span style=\"font-weight: 400;\">Piste Multisport en bois<\/span><\/li>\n<li><span style=\"font-weight: 400;\">Piste Multisport en tramex<\/span><\/li>\n<li><span style=\"font-weight: 400;\">Piste Multisport en verre<\/span><\/li>\n<li><span style=\"font-weight: 400;\">Piste Multisport en ph\u00e9nolique<\/span><\/li>\n<li><span style=\"font-weight: 400;\">Piste Multisport en fer<\/span><\/li>\n<\/ul>\n","protected":false},"excerpt":{"rendered":"<p>Une autre de nos sp\u00e9cialit\u00e9s, plus largement accept\u00e9e par nos clients. Avec les diff\u00e9rents types d&rsquo;enclos et un gazon de qualit\u00e9 sup\u00e9rieure, nous fournissons \u00e0 ces espaces vides un espace sans pareil.<\/p>\n","protected":false},"author":8,"featured_media":3222,"parent":3146,"menu_order":0,"comment_status":"closed","ping_status":"closed","template":"","meta":{"footnotes":""},"class_list":["post-3221","page","type-page","status-publish","has-post-thumbnail","hentry"],"_links":{"self":[{"href":"https:\/\/sportequipalia.com\/fr\/wp-json\/wp\/v2\/pages\/3221","targetHints":{"allow":["GET"]}}],"collection":[{"href":"https:\/\/sportequipalia.com\/fr\/wp-json\/wp\/v2\/pages"}],"about":[{"href":"https:\/\/sportequipalia.com\/fr\/wp-json\/wp\/v2\/types\/page"}],"author":[{"embeddable":true,"href":"https:\/\/sportequipalia.com\/fr\/wp-json\/wp\/v2\/users\/8"}],"replies":[{"embeddable":true,"href":"https:\/\/sportequipalia.com\/fr\/wp-json\/wp\/v2\/comments?post=3221"}],"version-history":[{"count":0,"href":"https:\/\/sportequipalia.com\/fr\/wp-json\/wp\/v2\/pages\/3221\/revisions"}],"up":[{"embeddable":true,"href":"https:\/\/sportequipalia.com\/fr\/wp-json\/wp\/v2\/pages\/3146"}],"wp:featuredmedia":[{"embeddable":true,"href":"https:\/\/sportequipalia.com\/fr\/wp-json\/wp\/v2\/media\/3222"}],"wp:attachment":[{"href":"https:\/\/sportequipalia.com\/fr\/wp-json\/wp\/v2\/media?parent=3221"}],"curies":[{"name":"wp","href":"https:\/\/api.w.org\/{rel}","templated":true}]}}