{"id":3203,"date":"2018-08-15T18:50:02","date_gmt":"2018-08-15T16:50:02","guid":{"rendered":"https:\/\/sportequipalia.com\/servicios\/futbol-5\/"},"modified":"2022-05-24T10:01:58","modified_gmt":"2022-05-24T08:01:58","slug":"futbol-5","status":"publish","type":"page","link":"https:\/\/sportequipalia.com\/fr\/articles\/futbol-5\/","title":{"rendered":"Le foot \u00e0 5"},"content":{"rendered":"<p><span style=\"font-weight: 400;\">C&rsquo;est l&rsquo;une des nouveaut\u00e9s de Sport Equipalia.<\/span><\/p>\n<p><span style=\"font-weight: 400;\">Au cours de l&rsquo;ann\u00e9e derni\u00e8re, nous avons construit le football \u00e0 5, soit en ext\u00e9rieur, soit en int\u00e9rieur comme vous pouvez le voir sur les photos. <\/span><span style=\"font-weight: 400;\">Comme toujours, nous ne fournissons pas seulement le mat\u00e9riel, mais nous installons tout, nous offrons la garantie, l&rsquo;entretien et des conseils sportifs.<\/span><span style=\"font-weight: 400;\">Il s&rsquo;adapte \u00e0 toutes les tailles et int\u00e8gre tous les \u00e9l\u00e9ments que vous pouvez appr\u00e9cier, tels que la fermeture du p\u00e9rim\u00e8tre, les luminaires, les filets de protection, les buts\u2026<\/span><\/p>\n<p><span style=\"font-weight: 400;\">Mont\u00e9 sur une base \u00e9lastique d\u00e9velopp\u00e9e par notre d\u00e9partement d&rsquo;innovation et de d\u00e9veloppement, ce dispositif permet de pr\u00e9venir les blessures musculaires de mani\u00e8re \u00e9tonnante. Il a \u00e9t\u00e9 test\u00e9 par de nombreux sportifs professionnels comme les joueurs du RC Deportivo de La Coru\u00f1a qui utilisent les installations que nous avons construites lorsque le temps ne permet pas de s&rsquo;entra\u00eener sur les terrains d&rsquo;Abegondo.<\/span><\/p>\n","protected":false},"excerpt":{"rendered":"<p>Notre nouveaut\u00e9 de l&rsquo;ann\u00e9e derni\u00e8re et qui a \u00e9t\u00e9 tr\u00e8s bien accueillie. Son syst\u00e8me d&rsquo;absorption des chocs cach\u00e9 sous l&rsquo;herbe est une premi\u00e8re mondiale.<\/p>\n","protected":false},"author":8,"featured_media":3204,"parent":4725,"menu_order":1,"comment_status":"closed","ping_status":"closed","template":"","meta":{"footnotes":""},"class_list":["post-3203","page","type-page","status-publish","has-post-thumbnail","hentry"],"_links":{"self":[{"href":"https:\/\/sportequipalia.com\/fr\/wp-json\/wp\/v2\/pages\/3203","targetHints":{"allow":["GET"]}}],"collection":[{"href":"https:\/\/sportequipalia.com\/fr\/wp-json\/wp\/v2\/pages"}],"about":[{"href":"https:\/\/sportequipalia.com\/fr\/wp-json\/wp\/v2\/types\/page"}],"author":[{"embeddable":true,"href":"https:\/\/sportequipalia.com\/fr\/wp-json\/wp\/v2\/users\/8"}],"replies":[{"embeddable":true,"href":"https:\/\/sportequipalia.com\/fr\/wp-json\/wp\/v2\/comments?post=3203"}],"version-history":[{"count":0,"href":"https:\/\/sportequipalia.com\/fr\/wp-json\/wp\/v2\/pages\/3203\/revisions"}],"up":[{"embeddable":true,"href":"https:\/\/sportequipalia.com\/fr\/wp-json\/wp\/v2\/pages\/4725"}],"wp:featuredmedia":[{"embeddable":true,"href":"https:\/\/sportequipalia.com\/fr\/wp-json\/wp\/v2\/media\/3204"}],"wp:attachment":[{"href":"https:\/\/sportequipalia.com\/fr\/wp-json\/wp\/v2\/media?parent=3203"}],"curies":[{"name":"wp","href":"https:\/\/api.w.org\/{rel}","templated":true}]}}