{"id":3201,"date":"2018-11-19T09:08:12","date_gmt":"2018-11-19T08:08:12","guid":{"rendered":"https:\/\/sportequipalia.com\/servicios\/futbol\/mantenimiento\/"},"modified":"2022-05-24T10:01:58","modified_gmt":"2022-05-24T08:01:58","slug":"mantenimiento","status":"publish","type":"page","link":"https:\/\/sportequipalia.com\/fr\/articles\/futbol\/mantenimiento\/","title":{"rendered":"Mentretien"},"content":{"rendered":"<p><span style=\"font-weight: 400;\">Comme toute autre installation sportive, Sport Equipalia recommande deux types d&rsquo;entretien.<\/span><\/p>\n<ul>\n<li style=\"font-weight: 400;\"><span style=\"font-weight: 400;\">Entretien pr\u00e9ventif (par le client)<\/span>\n<ul>\n<li style=\"font-weight: 400;\"><span style=\"font-weight: 400;\">Arrosage fr\u00e9quent<\/span><\/li>\n<li style=\"font-weight: 400;\"><span style=\"font-weight: 400;\">La propret\u00e9 g\u00e9n\u00e9rale<\/span><\/li>\n<li style=\"font-weight: 400;\"><span style=\"font-weight: 400;\">Brossage<\/span><\/li>\n<\/ul>\n<\/li>\n<\/ul>\n<ul>\n<li style=\"font-weight: 400;\"><span style=\"font-weight: 400;\">Entretien sp\u00e9cifique (effectu\u00e9 par Sport Equipalia)<\/span>\n<ul>\n<li style=\"font-weight: 400;\"><span style=\"font-weight: 400;\">Contr\u00f4le et r\u00e9paration des joints, des lignes et des points critiques<\/span><\/li>\n<li style=\"font-weight: 400;\"><span style=\"font-weight: 400;\">D\u00e9compactage<\/span><\/li>\n<li style=\"font-weight: 400;\"><span style=\"font-weight: 400;\">Redistribution des remplissages<\/span><\/li>\n<li style=\"font-weight: 400;\"><span style=\"font-weight: 400;\">R\u00e9orientation des fibres<\/span><\/li>\n<li style=\"font-weight: 400;\"><span style=\"font-weight: 400;\">Recyclage du caoutchouc<\/span><\/li>\n<li style=\"font-weight: 400;\"><span style=\"font-weight: 400;\">\u00c9limination des mauvaises herbes<\/span><\/li>\n<\/ul>\n<\/li>\n<\/ul>\n<p>&nbsp;<\/p>\n<style type=\"text\/css\">\r\n\t\t\t\t#gallery-1 {\r\n\t\t\t\t\tmargin: auto;\r\n\t\t\t\t}\r\n\t\t\t\t#gallery-1 .gallery-item {\r\n\t\t\t\t\tfloat: left;\r\n\t\t\t\t\tmargin-top: 10px;\r\n\t\t\t\t\ttext-align: center;\r\n\t\t\t\t\twidth: 33%;\r\n\t\t\t\t}\r\n\t\t\t\t#gallery-1 .gallery-caption {\r\n\t\t\t\t\tmargin-left: 0;\r\n\t\t\t\t}\r\n\t\t\t<\/style><!-- see gallery_shortcode() in wp-includes\/media.php -->\r\n\t\t\t\n\t\t<div id=\"gallery-1\" class=\"gallery galleryid-3201 mfp-gallery mfp-gallery--images gallery-columns-3 gallery-size-large\"><div class=\"row zn_image_gallery \"><div class=\"col-sm-6 col-md-4 col-lg-4\"><a href=\"https:\/\/sportequipalia.com\/wp-content\/uploads\/2020\/06\/mantenimiento-futbol-sport-equipalia-03.jpg\" title=\"\" class=\"hoverBorder\"><img loading=\"lazy\" decoding=\"async\" width=\"1024\" height=\"640\" src=\"https:\/\/sportequipalia.com\/wp-content\/uploads\/2020\/06\/mantenimiento-futbol-sport-equipalia-03-1024x640.jpg\" class=\"attachment-large size-large\" alt=\"Mantenimiento f\u00fatbol Sport Equipalia\" size=\"large\" ids=\"2539,2533,2536\" orderby=\"post__in\" include=\"2539,2533,2536\" srcset=\"https:\/\/sportequipalia.com\/wp-content\/uploads\/2020\/06\/mantenimiento-futbol-sport-equipalia-03-1024x640.jpg 1024w, https:\/\/sportequipalia.com\/wp-content\/uploads\/2020\/06\/mantenimiento-futbol-sport-equipalia-03-300x188.jpg 300w, https:\/\/sportequipalia.com\/wp-content\/uploads\/2020\/06\/mantenimiento-futbol-sport-equipalia-03-768x480.jpg 768w, https:\/\/sportequipalia.com\/wp-content\/uploads\/2020\/06\/mantenimiento-futbol-sport-equipalia-03-280x175.jpg 280w, https:\/\/sportequipalia.com\/wp-content\/uploads\/2020\/06\/mantenimiento-futbol-sport-equipalia-03-1170x731.jpg 1170w, https:\/\/sportequipalia.com\/wp-content\/uploads\/2020\/06\/mantenimiento-futbol-sport-equipalia-03.jpg 1280w\" sizes=\"auto, (max-width: 1024px) 100vw, 1024px\" \/><span class=\"gallery_caption\"><\/span><\/a><\/div><div class=\"col-sm-6 col-md-4 col-lg-4\"><a href=\"https:\/\/sportequipalia.com\/wp-content\/uploads\/2020\/06\/mantenimiento-futbol-sport-equipalia.jpg\" title=\"\" class=\"hoverBorder\"><img loading=\"lazy\" decoding=\"async\" width=\"1024\" height=\"640\" src=\"https:\/\/sportequipalia.com\/wp-content\/uploads\/2020\/06\/mantenimiento-futbol-sport-equipalia-1024x640.jpg\" class=\"attachment-large size-large\" alt=\"\" size=\"large\" ids=\"2539,2533,2536\" orderby=\"post__in\" include=\"2539,2533,2536\" srcset=\"https:\/\/sportequipalia.com\/wp-content\/uploads\/2020\/06\/mantenimiento-futbol-sport-equipalia-1024x640.jpg 1024w, https:\/\/sportequipalia.com\/wp-content\/uploads\/2020\/06\/mantenimiento-futbol-sport-equipalia-300x188.jpg 300w, https:\/\/sportequipalia.com\/wp-content\/uploads\/2020\/06\/mantenimiento-futbol-sport-equipalia-768x480.jpg 768w, https:\/\/sportequipalia.com\/wp-content\/uploads\/2020\/06\/mantenimiento-futbol-sport-equipalia-280x175.jpg 280w, https:\/\/sportequipalia.com\/wp-content\/uploads\/2020\/06\/mantenimiento-futbol-sport-equipalia-1170x731.jpg 1170w, https:\/\/sportequipalia.com\/wp-content\/uploads\/2020\/06\/mantenimiento-futbol-sport-equipalia.jpg 1280w\" sizes=\"auto, (max-width: 1024px) 100vw, 1024px\" \/><span class=\"gallery_caption\"><\/span><\/a><\/div><div class=\"col-sm-6 col-md-4 col-lg-4\"><a href=\"https:\/\/sportequipalia.com\/wp-content\/uploads\/2020\/06\/mantenimiento-futbol-02.jpg\" title=\"\" class=\"hoverBorder\"><img loading=\"lazy\" decoding=\"async\" width=\"1024\" height=\"640\" src=\"https:\/\/sportequipalia.com\/wp-content\/uploads\/2020\/06\/mantenimiento-futbol-02-1024x640.jpg\" class=\"attachment-large size-large\" alt=\"Mantenimiento f\u00fatbol Sport Equipalia\" size=\"large\" ids=\"2539,2533,2536\" orderby=\"post__in\" include=\"2539,2533,2536\" srcset=\"https:\/\/sportequipalia.com\/wp-content\/uploads\/2020\/06\/mantenimiento-futbol-02-1024x640.jpg 1024w, https:\/\/sportequipalia.com\/wp-content\/uploads\/2020\/06\/mantenimiento-futbol-02-300x188.jpg 300w, https:\/\/sportequipalia.com\/wp-content\/uploads\/2020\/06\/mantenimiento-futbol-02-768x480.jpg 768w, https:\/\/sportequipalia.com\/wp-content\/uploads\/2020\/06\/mantenimiento-futbol-02-280x175.jpg 280w, https:\/\/sportequipalia.com\/wp-content\/uploads\/2020\/06\/mantenimiento-futbol-02-1170x731.jpg 1170w, https:\/\/sportequipalia.com\/wp-content\/uploads\/2020\/06\/mantenimiento-futbol-02.jpg 1280w\" sizes=\"auto, (max-width: 1024px) 100vw, 1024px\" \/><span class=\"gallery_caption\"><\/span><\/a><\/div><\/div><\/div>\n","protected":false},"excerpt":{"rendered":"<p>Comme toute autre installation sportive, Sport Equipalia recommande deux types d&rsquo;entretien. Entretien pr\u00e9ventif (par le client) Arrosage fr\u00e9quent La propret\u00e9 g\u00e9n\u00e9rale Brossage Entretien sp\u00e9cifique (effectu\u00e9 par Sport Equipalia) Contr\u00f4le et r\u00e9paration des joints, des lignes et des points critiques D\u00e9compactage Redistribution des remplissages R\u00e9orientation des fibres Recyclage du caoutchouc \u00c9limination des mauvaises herbes &nbsp;<\/p>\n","protected":false},"author":8,"featured_media":0,"parent":3195,"menu_order":0,"comment_status":"closed","ping_status":"closed","template":"","meta":{"footnotes":""},"class_list":["post-3201","page","type-page","status-publish","hentry"],"_links":{"self":[{"href":"https:\/\/sportequipalia.com\/fr\/wp-json\/wp\/v2\/pages\/3201","targetHints":{"allow":["GET"]}}],"collection":[{"href":"https:\/\/sportequipalia.com\/fr\/wp-json\/wp\/v2\/pages"}],"about":[{"href":"https:\/\/sportequipalia.com\/fr\/wp-json\/wp\/v2\/types\/page"}],"author":[{"embeddable":true,"href":"https:\/\/sportequipalia.com\/fr\/wp-json\/wp\/v2\/users\/8"}],"replies":[{"embeddable":true,"href":"https:\/\/sportequipalia.com\/fr\/wp-json\/wp\/v2\/comments?post=3201"}],"version-history":[{"count":0,"href":"https:\/\/sportequipalia.com\/fr\/wp-json\/wp\/v2\/pages\/3201\/revisions"}],"up":[{"embeddable":true,"href":"https:\/\/sportequipalia.com\/fr\/wp-json\/wp\/v2\/pages\/3195"}],"wp:attachment":[{"href":"https:\/\/sportequipalia.com\/fr\/wp-json\/wp\/v2\/media?parent=3201"}],"curies":[{"name":"wp","href":"https:\/\/api.w.org\/{rel}","templated":true}]}}