{"id":3199,"date":"2018-11-19T09:01:07","date_gmt":"2018-11-19T08:01:07","guid":{"rendered":"https:\/\/sportequipalia.com\/servicios\/futbol\/instalacion\/"},"modified":"2022-05-24T10:01:58","modified_gmt":"2022-05-24T08:01:58","slug":"instalacion","status":"publish","type":"page","link":"https:\/\/sportequipalia.com\/fr\/articles\/futbol\/instalacion\/","title":{"rendered":"Installation"},"content":{"rendered":"<p><span style=\"font-weight: 400;\">Sport Equipalia r\u00e9alise toutes les phases de la construction des terrains de football qui consistent en ce qui suit:<\/span><\/p>\n<ul>\n<li style=\"font-weight: 400;\"><span style=\"font-weight: 400;\">Jalonnement<\/span><\/li>\n<li style=\"font-weight: 400;\"><span style=\"font-weight: 400;\">R\u00e9seau d&rsquo;assainissement<\/span><\/li>\n<li style=\"font-weight: 400;\"><span style=\"font-weight: 400;\">Installation d&rsquo;arrosage<\/span><\/li>\n<li style=\"font-weight: 400;\"><span style=\"font-weight: 400;\">Installation d&rsquo;\u00e9clairage<\/span><\/li>\n<li style=\"font-weight: 400;\"><span style=\"font-weight: 400;\">Mouvements de terre<\/span><\/li>\n<li style=\"font-weight: 400;\"><span style=\"font-weight: 400;\">Couche de finition (asphalte, gravier, caoutchouc&#8230;)<\/span><\/li>\n<li style=\"font-weight: 400;\"><span style=\"font-weight: 400;\">Installation de la pelouse<\/span><\/li>\n<li style=\"font-weight: 400;\"><span style=\"font-weight: 400;\">Installation des \u00e9quipements<\/span><\/li>\n<\/ul>\n<style type=\"text\/css\">\r\n\t\t\t\t#gallery-1 {\r\n\t\t\t\t\tmargin: auto;\r\n\t\t\t\t}\r\n\t\t\t\t#gallery-1 .gallery-item {\r\n\t\t\t\t\tfloat: left;\r\n\t\t\t\t\tmargin-top: 10px;\r\n\t\t\t\t\ttext-align: center;\r\n\t\t\t\t\twidth: 33%;\r\n\t\t\t\t}\r\n\t\t\t\t#gallery-1 .gallery-caption {\r\n\t\t\t\t\tmargin-left: 0;\r\n\t\t\t\t}\r\n\t\t\t<\/style><!-- see gallery_shortcode() in wp-includes\/media.php -->\r\n\t\t\t\n\t\t<div id=\"gallery-1\" class=\"gallery galleryid-3199 mfp-gallery mfp-gallery--images gallery-columns-3 gallery-size-large\"><div class=\"row zn_image_gallery \"><div class=\"col-sm-6 col-md-4 col-lg-4\"><a href=\"https:\/\/sportequipalia.com\/wp-content\/uploads\/2020\/06\/futbol-instalacion-inicial.jpg\" title=\"Inicio\" class=\"hoverBorder\"><img loading=\"lazy\" decoding=\"async\" width=\"1024\" height=\"640\" src=\"https:\/\/sportequipalia.com\/wp-content\/uploads\/2020\/06\/futbol-instalacion-inicial-1024x640.jpg\" class=\"attachment-large size-large\" alt=\"F\u00fatbol instalaci\u00f3n inicial\" size=\"large\" ids=\"2526,2529,2523\" orderby=\"post__in\" include=\"2526,2529,2523\" srcset=\"https:\/\/sportequipalia.com\/wp-content\/uploads\/2020\/06\/futbol-instalacion-inicial-1024x640.jpg 1024w, https:\/\/sportequipalia.com\/wp-content\/uploads\/2020\/06\/futbol-instalacion-inicial-300x188.jpg 300w, https:\/\/sportequipalia.com\/wp-content\/uploads\/2020\/06\/futbol-instalacion-inicial-768x480.jpg 768w, https:\/\/sportequipalia.com\/wp-content\/uploads\/2020\/06\/futbol-instalacion-inicial-280x175.jpg 280w, https:\/\/sportequipalia.com\/wp-content\/uploads\/2020\/06\/futbol-instalacion-inicial-1170x731.jpg 1170w, https:\/\/sportequipalia.com\/wp-content\/uploads\/2020\/06\/futbol-instalacion-inicial.jpg 1280w\" sizes=\"auto, (max-width: 1024px) 100vw, 1024px\" \/><span class=\"gallery_caption\">Inicio<\/span><\/a><\/div><div class=\"col-sm-6 col-md-4 col-lg-4\"><a href=\"https:\/\/sportequipalia.com\/wp-content\/uploads\/2020\/06\/futbol-instalacion-intermedio.jpg\" title=\"Intermedio\" class=\"hoverBorder\"><img loading=\"lazy\" decoding=\"async\" width=\"1024\" height=\"640\" src=\"https:\/\/sportequipalia.com\/wp-content\/uploads\/2020\/06\/futbol-instalacion-intermedio-1024x640.jpg\" class=\"attachment-large size-large\" alt=\"F\u00fatbol instalaci\u00f3n intermedio\" size=\"large\" ids=\"2526,2529,2523\" orderby=\"post__in\" include=\"2526,2529,2523\" srcset=\"https:\/\/sportequipalia.com\/wp-content\/uploads\/2020\/06\/futbol-instalacion-intermedio-1024x640.jpg 1024w, https:\/\/sportequipalia.com\/wp-content\/uploads\/2020\/06\/futbol-instalacion-intermedio-300x187.jpg 300w, https:\/\/sportequipalia.com\/wp-content\/uploads\/2020\/06\/futbol-instalacion-intermedio-768x480.jpg 768w, https:\/\/sportequipalia.com\/wp-content\/uploads\/2020\/06\/futbol-instalacion-intermedio-280x175.jpg 280w, https:\/\/sportequipalia.com\/wp-content\/uploads\/2020\/06\/futbol-instalacion-intermedio-1170x731.jpg 1170w, https:\/\/sportequipalia.com\/wp-content\/uploads\/2020\/06\/futbol-instalacion-intermedio.jpg 1281w\" sizes=\"auto, (max-width: 1024px) 100vw, 1024px\" \/><span class=\"gallery_caption\">Intermedio<\/span><\/a><\/div><div class=\"col-sm-6 col-md-4 col-lg-4\"><a href=\"https:\/\/sportequipalia.com\/wp-content\/uploads\/2020\/06\/futbol-instalacion-sport-equipalia.jpg\" title=\"Final\" class=\"hoverBorder\"><img loading=\"lazy\" decoding=\"async\" width=\"1024\" height=\"640\" src=\"https:\/\/sportequipalia.com\/wp-content\/uploads\/2020\/06\/futbol-instalacion-sport-equipalia-1024x640.jpg\" class=\"attachment-large size-large\" alt=\"\" size=\"large\" ids=\"2526,2529,2523\" orderby=\"post__in\" include=\"2526,2529,2523\" srcset=\"https:\/\/sportequipalia.com\/wp-content\/uploads\/2020\/06\/futbol-instalacion-sport-equipalia-1024x640.jpg 1024w, https:\/\/sportequipalia.com\/wp-content\/uploads\/2020\/06\/futbol-instalacion-sport-equipalia-300x188.jpg 300w, https:\/\/sportequipalia.com\/wp-content\/uploads\/2020\/06\/futbol-instalacion-sport-equipalia-768x480.jpg 768w, https:\/\/sportequipalia.com\/wp-content\/uploads\/2020\/06\/futbol-instalacion-sport-equipalia-280x175.jpg 280w, https:\/\/sportequipalia.com\/wp-content\/uploads\/2020\/06\/futbol-instalacion-sport-equipalia-1170x731.jpg 1170w, https:\/\/sportequipalia.com\/wp-content\/uploads\/2020\/06\/futbol-instalacion-sport-equipalia.jpg 1280w\" sizes=\"auto, (max-width: 1024px) 100vw, 1024px\" \/><span class=\"gallery_caption\">Final<\/span><\/a><\/div><\/div><\/div>\n","protected":false},"excerpt":{"rendered":"<p>Sport Equipalia r\u00e9alise toutes les phases de la construction des terrains de football qui consistent en ce qui suit: Jalonnement R\u00e9seau d&rsquo;assainissement Installation d&rsquo;arrosage Installation d&rsquo;\u00e9clairage Mouvements de terre Couche de finition (asphalte, gravier, caoutchouc&#8230;) Installation de la pelouse Installation des \u00e9quipements<\/p>\n","protected":false},"author":8,"featured_media":0,"parent":3195,"menu_order":0,"comment_status":"closed","ping_status":"closed","template":"","meta":{"footnotes":""},"class_list":["post-3199","page","type-page","status-publish","hentry"],"_links":{"self":[{"href":"https:\/\/sportequipalia.com\/fr\/wp-json\/wp\/v2\/pages\/3199","targetHints":{"allow":["GET"]}}],"collection":[{"href":"https:\/\/sportequipalia.com\/fr\/wp-json\/wp\/v2\/pages"}],"about":[{"href":"https:\/\/sportequipalia.com\/fr\/wp-json\/wp\/v2\/types\/page"}],"author":[{"embeddable":true,"href":"https:\/\/sportequipalia.com\/fr\/wp-json\/wp\/v2\/users\/8"}],"replies":[{"embeddable":true,"href":"https:\/\/sportequipalia.com\/fr\/wp-json\/wp\/v2\/comments?post=3199"}],"version-history":[{"count":0,"href":"https:\/\/sportequipalia.com\/fr\/wp-json\/wp\/v2\/pages\/3199\/revisions"}],"up":[{"embeddable":true,"href":"https:\/\/sportequipalia.com\/fr\/wp-json\/wp\/v2\/pages\/3195"}],"wp:attachment":[{"href":"https:\/\/sportequipalia.com\/fr\/wp-json\/wp\/v2\/media?parent=3199"}],"curies":[{"name":"wp","href":"https:\/\/api.w.org\/{rel}","templated":true}]}}