{"id":3197,"date":"2018-11-19T09:11:19","date_gmt":"2018-11-19T08:11:19","guid":{"rendered":"https:\/\/sportequipalia.com\/servicios\/futbol\/equipamiento\/"},"modified":"2022-05-24T10:01:58","modified_gmt":"2022-05-24T08:01:58","slug":"equipamiento","status":"publish","type":"page","link":"https:\/\/sportequipalia.com\/fr\/articles\/futbol\/equipamiento\/","title":{"rendered":"\u00c9quipement de football"},"content":{"rendered":"<p><span style=\"font-weight: 400;\">Comme pour les autres services ici, nous proposons \u00e9galement des \u00e9quipements sp\u00e9cifiques pour les terrains de football. Par exemple :<\/span><\/p>\n<ul>\n<li style=\"font-weight: 400;\"><span style=\"font-weight: 400;\">Buts de football \u00e0 11, football \u00e0 7 ou football \u00e0 5<\/span><\/li>\n<li style=\"font-weight: 400;\"><span style=\"font-weight: 400;\">Filets\u00a0<\/span><\/li>\n<li style=\"font-weight: 400;\"><span style=\"font-weight: 400;\">Poteaux et filets de protection<\/span><\/li>\n<li style=\"font-weight: 400;\"><span style=\"font-weight: 400;\">Cl\u00f4tures de p\u00e9rim\u00e8tre<\/span><\/li>\n<li style=\"font-weight: 400;\"><span style=\"font-weight: 400;\">Bancs de joueurs<\/span><\/li>\n<li style=\"font-weight: 400;\"><span style=\"font-weight: 400;\">Bancs d&rsquo;arbitres<\/span><\/li>\n<li style=\"font-weight: 400;\"><span style=\"font-weight: 400;\">Drapeaux de corner<\/span><\/li>\n<\/ul>\n<p>&nbsp;<\/p>\n<style type=\"text\/css\">\r\n\t\t\t\t#gallery-1 {\r\n\t\t\t\t\tmargin: auto;\r\n\t\t\t\t}\r\n\t\t\t\t#gallery-1 .gallery-item {\r\n\t\t\t\t\tfloat: left;\r\n\t\t\t\t\tmargin-top: 10px;\r\n\t\t\t\t\ttext-align: center;\r\n\t\t\t\t\twidth: 33%;\r\n\t\t\t\t}\r\n\t\t\t\t#gallery-1 .gallery-caption {\r\n\t\t\t\t\tmargin-left: 0;\r\n\t\t\t\t}\r\n\t\t\t<\/style><!-- see gallery_shortcode() in wp-includes\/media.php -->\r\n\t\t\t\n\t\t<div id=\"gallery-1\" class=\"gallery galleryid-3197 mfp-gallery mfp-gallery--images gallery-columns-3 gallery-size-large\"><div class=\"row zn_image_gallery \"><div class=\"col-sm-6 col-md-4 col-lg-4\"><a href=\"https:\/\/sportequipalia.com\/wp-content\/uploads\/2020\/06\/red-proteccion-futbol-once-siete.jpg\" title=\"\" class=\"hoverBorder\"><img loading=\"lazy\" decoding=\"async\" width=\"756\" height=\"473\" src=\"https:\/\/sportequipalia.com\/wp-content\/uploads\/2020\/06\/red-proteccion-futbol-once-siete.jpg\" class=\"attachment-large size-large\" alt=\"\" size=\"large\" ids=\"2543,2545,2548\" orderby=\"post__in\" include=\"2543,2545,2548\" srcset=\"https:\/\/sportequipalia.com\/wp-content\/uploads\/2020\/06\/red-proteccion-futbol-once-siete.jpg 756w, https:\/\/sportequipalia.com\/wp-content\/uploads\/2020\/06\/red-proteccion-futbol-once-siete-300x188.jpg 300w, https:\/\/sportequipalia.com\/wp-content\/uploads\/2020\/06\/red-proteccion-futbol-once-siete-280x175.jpg 280w\" sizes=\"auto, (max-width: 756px) 100vw, 756px\" \/><span class=\"gallery_caption\"><\/span><\/a><\/div><div class=\"col-sm-6 col-md-4 col-lg-4\"><a href=\"https:\/\/sportequipalia.com\/wp-content\/uploads\/2020\/06\/porteria-futbol-once-siete-aluminio-fija.jpg\" title=\"\" class=\"hoverBorder\"><img loading=\"lazy\" decoding=\"async\" width=\"1024\" height=\"641\" src=\"https:\/\/sportequipalia.com\/wp-content\/uploads\/2020\/06\/porteria-futbol-once-siete-aluminio-fija-1024x641.jpg\" class=\"attachment-large size-large\" alt=\"Porter\u00eda de aluminio fija para f\u00fatbol once y f\u00fatbol siete\" size=\"large\" ids=\"2543,2545,2548\" orderby=\"post__in\" include=\"2543,2545,2548\" srcset=\"https:\/\/sportequipalia.com\/wp-content\/uploads\/2020\/06\/porteria-futbol-once-siete-aluminio-fija-1024x641.jpg 1024w, https:\/\/sportequipalia.com\/wp-content\/uploads\/2020\/06\/porteria-futbol-once-siete-aluminio-fija-300x188.jpg 300w, https:\/\/sportequipalia.com\/wp-content\/uploads\/2020\/06\/porteria-futbol-once-siete-aluminio-fija-768x481.jpg 768w, https:\/\/sportequipalia.com\/wp-content\/uploads\/2020\/06\/porteria-futbol-once-siete-aluminio-fija-280x175.jpg 280w, https:\/\/sportequipalia.com\/wp-content\/uploads\/2020\/06\/porteria-futbol-once-siete-aluminio-fija-1170x732.jpg 1170w, https:\/\/sportequipalia.com\/wp-content\/uploads\/2020\/06\/porteria-futbol-once-siete-aluminio-fija.jpg 1278w\" sizes=\"auto, (max-width: 1024px) 100vw, 1024px\" \/><span class=\"gallery_caption\"><\/span><\/a><\/div><div class=\"col-sm-6 col-md-4 col-lg-4\"><a href=\"https:\/\/sportequipalia.com\/wp-content\/uploads\/2020\/06\/banquillo-suplentes-pvc-campo.jpg\" title=\"\" class=\"hoverBorder\"><img loading=\"lazy\" decoding=\"async\" width=\"1024\" height=\"640\" src=\"https:\/\/sportequipalia.com\/wp-content\/uploads\/2020\/06\/banquillo-suplentes-pvc-campo-1024x640.jpg\" class=\"attachment-large size-large\" alt=\"Banquillo suplentes PVC campo\" size=\"large\" ids=\"2543,2545,2548\" orderby=\"post__in\" include=\"2543,2545,2548\" srcset=\"https:\/\/sportequipalia.com\/wp-content\/uploads\/2020\/06\/banquillo-suplentes-pvc-campo-1024x640.jpg 1024w, https:\/\/sportequipalia.com\/wp-content\/uploads\/2020\/06\/banquillo-suplentes-pvc-campo-300x188.jpg 300w, https:\/\/sportequipalia.com\/wp-content\/uploads\/2020\/06\/banquillo-suplentes-pvc-campo-768x480.jpg 768w, https:\/\/sportequipalia.com\/wp-content\/uploads\/2020\/06\/banquillo-suplentes-pvc-campo-280x175.jpg 280w, https:\/\/sportequipalia.com\/wp-content\/uploads\/2020\/06\/banquillo-suplentes-pvc-campo-1170x731.jpg 1170w, https:\/\/sportequipalia.com\/wp-content\/uploads\/2020\/06\/banquillo-suplentes-pvc-campo.jpg 1280w\" sizes=\"auto, (max-width: 1024px) 100vw, 1024px\" \/><span class=\"gallery_caption\"><\/span><\/a><\/div><\/div><\/div>\n","protected":false},"excerpt":{"rendered":"<p>Comme pour les autres services ici, nous proposons \u00e9galement des \u00e9quipements sp\u00e9cifiques pour les terrains de football. Par exemple : Buts de football \u00e0 11, football \u00e0 7 ou football \u00e0 5 Filets\u00a0 Poteaux et filets de protection Cl\u00f4tures de p\u00e9rim\u00e8tre Bancs de joueurs Bancs d&rsquo;arbitres Drapeaux de corner &nbsp;<\/p>\n","protected":false},"author":8,"featured_media":0,"parent":3195,"menu_order":0,"comment_status":"closed","ping_status":"closed","template":"","meta":{"footnotes":""},"class_list":["post-3197","page","type-page","status-publish","hentry"],"_links":{"self":[{"href":"https:\/\/sportequipalia.com\/fr\/wp-json\/wp\/v2\/pages\/3197","targetHints":{"allow":["GET"]}}],"collection":[{"href":"https:\/\/sportequipalia.com\/fr\/wp-json\/wp\/v2\/pages"}],"about":[{"href":"https:\/\/sportequipalia.com\/fr\/wp-json\/wp\/v2\/types\/page"}],"author":[{"embeddable":true,"href":"https:\/\/sportequipalia.com\/fr\/wp-json\/wp\/v2\/users\/8"}],"replies":[{"embeddable":true,"href":"https:\/\/sportequipalia.com\/fr\/wp-json\/wp\/v2\/comments?post=3197"}],"version-history":[{"count":0,"href":"https:\/\/sportequipalia.com\/fr\/wp-json\/wp\/v2\/pages\/3197\/revisions"}],"up":[{"embeddable":true,"href":"https:\/\/sportequipalia.com\/fr\/wp-json\/wp\/v2\/pages\/3195"}],"wp:attachment":[{"href":"https:\/\/sportequipalia.com\/fr\/wp-json\/wp\/v2\/media?parent=3197"}],"curies":[{"name":"wp","href":"https:\/\/api.w.org\/{rel}","templated":true}]}}