{"id":3195,"date":"2018-07-15T18:45:15","date_gmt":"2018-07-15T16:45:15","guid":{"rendered":"https:\/\/sportequipalia.com\/servicios\/futbol\/"},"modified":"2023-03-29T12:11:20","modified_gmt":"2023-03-29T10:11:20","slug":"futbol","status":"publish","type":"page","link":"https:\/\/sportequipalia.com\/fr\/articles\/futbol\/","title":{"rendered":"Football"},"content":{"rendered":"<p><span style=\"font-weight: 400;\">Nous construisons des terrains de football dans toute l&rsquo;Espagne depuis des ann\u00e9es, m\u00eame \u00e0 l&rsquo;\u00e9tranger avec toutes les garanties, en respectant les r\u00e8glements de la f\u00e9d\u00e9ration espagnole de football et les r\u00e8gles de l&rsquo;UEFA.<\/span><\/p>\n<p><span style=\"font-weight: 400;\">Nous utilisons le gazon num\u00e9ro un sur le march\u00e9 pour son rapport qualit\u00e9\/prix, avec les certificats FIFA QUALITY et FIFA QUALITY PRO<\/span><\/p>\n","protected":false},"excerpt":{"rendered":"<p>Nous r\u00e9alisons tous les jeux correspondant aux terrains de football, en leur fournissant les derni\u00e8res avanc\u00e9es en mati\u00e8re de gazon et d&rsquo;\u00e9clairage.<\/p>\n","protected":false},"author":8,"featured_media":3196,"parent":4725,"menu_order":2,"comment_status":"closed","ping_status":"closed","template":"","meta":{"footnotes":""},"class_list":["post-3195","page","type-page","status-publish","has-post-thumbnail","hentry"],"_links":{"self":[{"href":"https:\/\/sportequipalia.com\/fr\/wp-json\/wp\/v2\/pages\/3195","targetHints":{"allow":["GET"]}}],"collection":[{"href":"https:\/\/sportequipalia.com\/fr\/wp-json\/wp\/v2\/pages"}],"about":[{"href":"https:\/\/sportequipalia.com\/fr\/wp-json\/wp\/v2\/types\/page"}],"author":[{"embeddable":true,"href":"https:\/\/sportequipalia.com\/fr\/wp-json\/wp\/v2\/users\/8"}],"replies":[{"embeddable":true,"href":"https:\/\/sportequipalia.com\/fr\/wp-json\/wp\/v2\/comments?post=3195"}],"version-history":[{"count":4,"href":"https:\/\/sportequipalia.com\/fr\/wp-json\/wp\/v2\/pages\/3195\/revisions"}],"predecessor-version":[{"id":5591,"href":"https:\/\/sportequipalia.com\/fr\/wp-json\/wp\/v2\/pages\/3195\/revisions\/5591"}],"up":[{"embeddable":true,"href":"https:\/\/sportequipalia.com\/fr\/wp-json\/wp\/v2\/pages\/4725"}],"wp:featuredmedia":[{"embeddable":true,"href":"https:\/\/sportequipalia.com\/fr\/wp-json\/wp\/v2\/media\/3196"}],"wp:attachment":[{"href":"https:\/\/sportequipalia.com\/fr\/wp-json\/wp\/v2\/media?parent=3195"}],"curies":[{"name":"wp","href":"https:\/\/api.w.org\/{rel}","templated":true}]}}