{"id":3194,"date":"2018-11-19T10:49:45","date_gmt":"2018-11-19T09:49:45","guid":{"rendered":"https:\/\/sportequipalia.com\/servicios\/equipamiento\/tenis-padel-voleibol\/"},"modified":"2022-05-24T10:01:55","modified_gmt":"2022-05-24T08:01:55","slug":"tenis-padel-voleibol","status":"publish","type":"page","link":"https:\/\/sportequipalia.com\/fr\/articles\/equipamiento\/tenis-padel-voleibol\/","title":{"rendered":"Tennis, paddle et volleyball"},"content":{"rendered":"<p><span style=\"font-weight: 400;\">Nous fabriquons, fournissons et installons le mat\u00e9riel suivant :<\/span><\/p>\n<ul>\n<li style=\"font-weight: 400;\"><span style=\"font-weight: 400;\">Poteaux de tennis ou de paddle, m\u00e9tal\/aluminium, fixes\/transportables, section ronde.<\/span><\/li>\n<li style=\"font-weight: 400;\"><span style=\"font-weight: 400;\">Poteaux de tennis ou de paddle, m\u00e9tal\/aluminium, fixes\/transportables, section carr\u00e9e.<\/span><\/li>\n<li style=\"font-weight: 400;\"><span style=\"font-weight: 400;\">Poteaux de tennis ou de paddle fixes en m\u00e9tal avec base viss\u00e9e.<\/span><\/li>\n<li style=\"font-weight: 400;\"><span style=\"font-weight: 400;\">Poteaux volley ball m\u00e9talliques\/aluminium fixes\/transportables<\/span><\/li>\n<li style=\"font-weight: 400;\"><span style=\"font-weight: 400;\">Poteaux de tennis ou volley ball r\u00e9glables en hauteur<\/span><\/li>\n<li style=\"font-weight: 400;\"><span style=\"font-weight: 400;\">Poteaux de volley ball de\u00a0 plage fixes<\/span><\/li>\n<li style=\"font-weight: 400;\"><span style=\"font-weight: 400;\">Si\u00e8ges de juges<\/span><\/li>\n<li style=\"font-weight: 400;\"><span style=\"font-weight: 400;\">Contrepoids<\/span><\/li>\n<li style=\"font-weight: 400;\"><span style=\"font-weight: 400;\">Pots pour poteaux fixes<\/span><\/li>\n<li style=\"font-weight: 400;\"><span style=\"font-weight: 400;\">Cliquet pour poteau<\/span><\/li>\n<\/ul>\n","protected":false},"excerpt":{"rendered":"<p>Nous fabriquons, fournissons et installons le mat\u00e9riel suivant : Poteaux de tennis ou de paddle, m\u00e9tal\/aluminium, fixes\/transportables, section ronde. Poteaux de tennis ou de paddle, m\u00e9tal\/aluminium, fixes\/transportables, section carr\u00e9e. Poteaux de tennis ou de paddle fixes en m\u00e9tal avec base viss\u00e9e. Poteaux volley ball m\u00e9talliques\/aluminium fixes\/transportables Poteaux de tennis ou volley ball r\u00e9glables en hauteur<\/p>\n","protected":false},"author":8,"featured_media":0,"parent":3187,"menu_order":0,"comment_status":"closed","ping_status":"closed","template":"","meta":{"footnotes":""},"class_list":["post-3194","page","type-page","status-publish","hentry"],"_links":{"self":[{"href":"https:\/\/sportequipalia.com\/fr\/wp-json\/wp\/v2\/pages\/3194","targetHints":{"allow":["GET"]}}],"collection":[{"href":"https:\/\/sportequipalia.com\/fr\/wp-json\/wp\/v2\/pages"}],"about":[{"href":"https:\/\/sportequipalia.com\/fr\/wp-json\/wp\/v2\/types\/page"}],"author":[{"embeddable":true,"href":"https:\/\/sportequipalia.com\/fr\/wp-json\/wp\/v2\/users\/8"}],"replies":[{"embeddable":true,"href":"https:\/\/sportequipalia.com\/fr\/wp-json\/wp\/v2\/comments?post=3194"}],"version-history":[{"count":0,"href":"https:\/\/sportequipalia.com\/fr\/wp-json\/wp\/v2\/pages\/3194\/revisions"}],"up":[{"embeddable":true,"href":"https:\/\/sportequipalia.com\/fr\/wp-json\/wp\/v2\/pages\/3187"}],"wp:attachment":[{"href":"https:\/\/sportequipalia.com\/fr\/wp-json\/wp\/v2\/media?parent=3194"}],"curies":[{"name":"wp","href":"https:\/\/api.w.org\/{rel}","templated":true}]}}