{"id":3192,"date":"2018-11-19T10:52:44","date_gmt":"2018-11-19T09:52:44","guid":{"rendered":"https:\/\/sportequipalia.com\/servicios\/equipamiento\/gimnasia-colchonetas-protecciones\/"},"modified":"2022-05-24T10:01:54","modified_gmt":"2022-05-24T08:01:54","slug":"gimnasia-colchonetas-protecciones","status":"publish","type":"page","link":"https:\/\/sportequipalia.com\/fr\/articles\/equipamiento\/gimnasia-colchonetas-protecciones\/","title":{"rendered":"Gymnastique, tapis et protections"},"content":{"rendered":"<p><span style=\"font-weight: 400;\">Nous fabriquons, fournissons et installons le mat\u00e9riel suivant :<\/span><\/p>\n<ul>\n<li style=\"font-weight: 400;\"><span style=\"font-weight: 400;\">Espalier gym<\/span><\/li>\n<li style=\"font-weight: 400;\"><span style=\"font-weight: 400;\">Bancs su\u00e9dois<\/span><\/li>\n<li style=\"font-weight: 400;\"><span style=\"font-weight: 400;\">Tapis renforc\u00e9s de diff\u00e9rentes tailles<\/span><\/li>\n<li style=\"font-weight: 400;\"><span style=\"font-weight: 400;\">Protecteurs de poteaux<\/span><\/li>\n<li style=\"font-weight: 400;\"><span style=\"font-weight: 400;\">Protecteurs de poteaux de panier, de poteaux de tennis ou de paddle<\/span><\/li>\n<li style=\"font-weight: 400;\"><span style=\"font-weight: 400;\">Protecteurs de portes pour comp\u00e9tition de paddle<\/span><\/li>\n<li style=\"font-weight: 400;\"><span style=\"font-weight: 400;\">Filets de Volleyball, badminton, volley plage<\/span><\/li>\n<\/ul>\n","protected":false},"excerpt":{"rendered":"<p>Nous fabriquons, fournissons et installons le mat\u00e9riel suivant : Espalier gym Bancs su\u00e9dois Tapis renforc\u00e9s de diff\u00e9rentes tailles Protecteurs de poteaux Protecteurs de poteaux de panier, de poteaux de tennis ou de paddle Protecteurs de portes pour comp\u00e9tition de paddle Filets de Volleyball, badminton, volley plage<\/p>\n","protected":false},"author":8,"featured_media":0,"parent":3187,"menu_order":0,"comment_status":"closed","ping_status":"closed","template":"","meta":{"footnotes":""},"class_list":["post-3192","page","type-page","status-publish","hentry"],"_links":{"self":[{"href":"https:\/\/sportequipalia.com\/fr\/wp-json\/wp\/v2\/pages\/3192","targetHints":{"allow":["GET"]}}],"collection":[{"href":"https:\/\/sportequipalia.com\/fr\/wp-json\/wp\/v2\/pages"}],"about":[{"href":"https:\/\/sportequipalia.com\/fr\/wp-json\/wp\/v2\/types\/page"}],"author":[{"embeddable":true,"href":"https:\/\/sportequipalia.com\/fr\/wp-json\/wp\/v2\/users\/8"}],"replies":[{"embeddable":true,"href":"https:\/\/sportequipalia.com\/fr\/wp-json\/wp\/v2\/comments?post=3192"}],"version-history":[{"count":0,"href":"https:\/\/sportequipalia.com\/fr\/wp-json\/wp\/v2\/pages\/3192\/revisions"}],"up":[{"embeddable":true,"href":"https:\/\/sportequipalia.com\/fr\/wp-json\/wp\/v2\/pages\/3187"}],"wp:attachment":[{"href":"https:\/\/sportequipalia.com\/fr\/wp-json\/wp\/v2\/media?parent=3192"}],"curies":[{"name":"wp","href":"https:\/\/api.w.org\/{rel}","templated":true}]}}