{"id":3191,"date":"2018-11-19T10:46:42","date_gmt":"2018-11-19T09:46:42","guid":{"rendered":"https:\/\/sportequipalia.com\/servicios\/equipamiento\/futbol-sala-balonmano\/"},"modified":"2022-05-24T10:01:54","modified_gmt":"2022-05-24T08:01:54","slug":"futbol-sala-balonmano","status":"publish","type":"page","link":"https:\/\/sportequipalia.com\/fr\/articles\/equipamiento\/futbol-sala-balonmano\/","title":{"rendered":"Futsal et handball"},"content":{"rendered":"<p><span style=\"font-weight: 400;\">Nous fabriquons, fournissons et installons le mat\u00e9riel suivant :<\/span><\/p>\n<ul>\n<li style=\"font-weight: 400;\"><span style=\"font-weight: 400;\">Buts futsal\/handball fixes\/transportables base ronde ou carr\u00e9e<\/span><\/li>\n<li style=\"font-weight: 400;\"><span style=\"font-weight: 400;\">Buts futsal\/handball fixes rabattables<\/span><\/li>\n<li style=\"font-weight: 400;\"><span style=\"font-weight: 400;\">Buts futsal\/handball anti-vandalisme<\/span><\/li>\n<li style=\"font-weight: 400;\"><span style=\"font-weight: 400;\">Buts futsal\/handball avec poteau et tableau de basket-ball int\u00e9gr\u00e9s<\/span><\/li>\n<li style=\"font-weight: 400;\"><span style=\"font-weight: 400;\">Bancs m\u00e9talliques avec des si\u00e8ges en PVC<\/span><\/li>\n<\/ul>\n","protected":false},"excerpt":{"rendered":"<p>Nous fabriquons, fournissons et installons le mat\u00e9riel suivant : Buts futsal\/handball fixes\/transportables base ronde ou carr\u00e9e Buts futsal\/handball fixes rabattables Buts futsal\/handball anti-vandalisme Buts futsal\/handball avec poteau et tableau de basket-ball int\u00e9gr\u00e9s Bancs m\u00e9talliques avec des si\u00e8ges en PVC<\/p>\n","protected":false},"author":8,"featured_media":0,"parent":3187,"menu_order":0,"comment_status":"closed","ping_status":"closed","template":"","meta":{"footnotes":""},"class_list":["post-3191","page","type-page","status-publish","hentry"],"_links":{"self":[{"href":"https:\/\/sportequipalia.com\/fr\/wp-json\/wp\/v2\/pages\/3191","targetHints":{"allow":["GET"]}}],"collection":[{"href":"https:\/\/sportequipalia.com\/fr\/wp-json\/wp\/v2\/pages"}],"about":[{"href":"https:\/\/sportequipalia.com\/fr\/wp-json\/wp\/v2\/types\/page"}],"author":[{"embeddable":true,"href":"https:\/\/sportequipalia.com\/fr\/wp-json\/wp\/v2\/users\/8"}],"replies":[{"embeddable":true,"href":"https:\/\/sportequipalia.com\/fr\/wp-json\/wp\/v2\/comments?post=3191"}],"version-history":[{"count":0,"href":"https:\/\/sportequipalia.com\/fr\/wp-json\/wp\/v2\/pages\/3191\/revisions"}],"up":[{"embeddable":true,"href":"https:\/\/sportequipalia.com\/fr\/wp-json\/wp\/v2\/pages\/3187"}],"wp:attachment":[{"href":"https:\/\/sportequipalia.com\/fr\/wp-json\/wp\/v2\/media?parent=3191"}],"curies":[{"name":"wp","href":"https:\/\/api.w.org\/{rel}","templated":true}]}}