{"id":3190,"date":"2018-11-19T10:45:10","date_gmt":"2018-11-19T09:45:10","guid":{"rendered":"https:\/\/sportequipalia.com\/servicios\/equipamiento\/futbol\/"},"modified":"2022-05-24T10:01:54","modified_gmt":"2022-05-24T08:01:54","slug":"futbol","status":"publish","type":"page","link":"https:\/\/sportequipalia.com\/fr\/articles\/equipamiento\/futbol\/","title":{"rendered":"Football"},"content":{"rendered":"<p><span style=\"font-weight: 400;\">Nous fabriquons, fournissons et installons le mat\u00e9riel suivant :\u00a0<\/span><\/p>\n<ul>\n<li style=\"font-weight: 400;\"><span style=\"font-weight: 400;\">Buts fixes\/transportables en aluminium pour le football 11\/7\/5.<\/span><\/li>\n<li style=\"font-weight: 400;\"><span style=\"font-weight: 400;\">Buts fixes\/transportables m\u00e9tallique pour le football\u00a0 11\/7\/5.<\/span><\/li>\n<li style=\"font-weight: 400;\"><span style=\"font-weight: 400;\">Buts rabattables en aluminium pour le football 7.<\/span><\/li>\n<li style=\"font-weight: 400;\"><span style=\"font-weight: 400;\">Poteaux arri\u00e8res pour la fixation du filet.<\/span><\/li>\n<li style=\"font-weight: 400;\"><span style=\"font-weight: 400;\">Bancs de 4 \u00e0 10 places<\/span><\/li>\n<li style=\"font-weight: 400;\"><span style=\"font-weight: 400;\">Banc 4 \u00e8me arbitre.<\/span><\/li>\n<li style=\"font-weight: 400;\"><span style=\"font-weight: 400;\">Chariot marqueur de terrain.<\/span><\/li>\n<li style=\"font-weight: 400;\"><span style=\"font-weight: 400;\">Filet de protection.\u00a0<\/span><\/li>\n<li style=\"font-weight: 400;\"><span style=\"font-weight: 400;\">Poteaux pour filets de protection.<\/span><\/li>\n<li style=\"font-weight: 400;\"><span style=\"font-weight: 400;\">Cl\u00f4ture p\u00e9riph\u00e9rique<\/span><\/li>\n<\/ul>\n","protected":false},"excerpt":{"rendered":"<p>Nous fabriquons, fournissons et installons le mat\u00e9riel suivant :\u00a0 Buts fixes\/transportables en aluminium pour le football 11\/7\/5. Buts fixes\/transportables m\u00e9tallique pour le football\u00a0 11\/7\/5. Buts rabattables en aluminium pour le football 7. Poteaux arri\u00e8res pour la fixation du filet. Bancs de 4 \u00e0 10 places Banc 4 \u00e8me arbitre. Chariot marqueur de terrain. Filet de<\/p>\n","protected":false},"author":8,"featured_media":0,"parent":3187,"menu_order":0,"comment_status":"closed","ping_status":"closed","template":"","meta":{"footnotes":""},"class_list":["post-3190","page","type-page","status-publish","hentry"],"_links":{"self":[{"href":"https:\/\/sportequipalia.com\/fr\/wp-json\/wp\/v2\/pages\/3190","targetHints":{"allow":["GET"]}}],"collection":[{"href":"https:\/\/sportequipalia.com\/fr\/wp-json\/wp\/v2\/pages"}],"about":[{"href":"https:\/\/sportequipalia.com\/fr\/wp-json\/wp\/v2\/types\/page"}],"author":[{"embeddable":true,"href":"https:\/\/sportequipalia.com\/fr\/wp-json\/wp\/v2\/users\/8"}],"replies":[{"embeddable":true,"href":"https:\/\/sportequipalia.com\/fr\/wp-json\/wp\/v2\/comments?post=3190"}],"version-history":[{"count":0,"href":"https:\/\/sportequipalia.com\/fr\/wp-json\/wp\/v2\/pages\/3190\/revisions"}],"up":[{"embeddable":true,"href":"https:\/\/sportequipalia.com\/fr\/wp-json\/wp\/v2\/pages\/3187"}],"wp:attachment":[{"href":"https:\/\/sportequipalia.com\/fr\/wp-json\/wp\/v2\/media?parent=3190"}],"curies":[{"name":"wp","href":"https:\/\/api.w.org\/{rel}","templated":true}]}}