{"id":3189,"date":"2018-11-19T10:43:50","date_gmt":"2018-11-19T09:43:50","guid":{"rendered":"https:\/\/sportequipalia.com\/servicios\/equipamiento\/baloncesto\/"},"modified":"2022-05-24T10:01:54","modified_gmt":"2022-05-24T08:01:54","slug":"baloncesto","status":"publish","type":"page","link":"https:\/\/sportequipalia.com\/fr\/articles\/equipamiento\/baloncesto\/","title":{"rendered":"Basket-ball"},"content":{"rendered":"<p><span style=\"font-weight: 400;\">Nous fabriquons, fournissons et installons le mat\u00e9riel suivant :\u00a0<\/span><\/p>\n<ul>\n<li style=\"font-weight: 400;\"><span style=\"font-weight: 400;\">Paniers mini basket-ball mono-tube\/ multi-tubes fixes ou transportables.<\/span><\/li>\n<li style=\"font-weight: 400;\"><span style=\"font-weight: 400;\">Paniers basket-ball mono-tube\/ multi-tubes fixes ou transportables.<\/span><\/li>\n<li style=\"font-weight: 400;\"><span style=\"font-weight: 400;\">Paniers basket-ball\/ mini basket-ball rabattables\u00a0 de diff\u00e9rentes dimensions.<\/span><\/li>\n<li style=\"font-weight: 400;\"><span style=\"font-weight: 400;\">Syst\u00e8me d&rsquo;adaptation du basket-ball au mini-basket<\/span><\/li>\n<li style=\"font-weight: 400;\"><span style=\"font-weight: 400;\">Bo\u00eete \u00e0 contrepoids<\/span><\/li>\n<li style=\"font-weight: 400;\"><span style=\"font-weight: 400;\">Cerceaux<\/span><\/li>\n<li style=\"font-weight: 400;\"><span style=\"font-weight: 400;\">Panneaux de m\u00e9thacrylate de 10, 15 et 20 mm<\/span><\/li>\n<\/ul>\n","protected":false},"excerpt":{"rendered":"<p>Nous fabriquons, fournissons et installons le mat\u00e9riel suivant :\u00a0 Paniers mini basket-ball mono-tube\/ multi-tubes fixes ou transportables. Paniers basket-ball mono-tube\/ multi-tubes fixes ou transportables. Paniers basket-ball\/ mini basket-ball rabattables\u00a0 de diff\u00e9rentes dimensions. Syst\u00e8me d&rsquo;adaptation du basket-ball au mini-basket Bo\u00eete \u00e0 contrepoids Cerceaux Panneaux de m\u00e9thacrylate de 10, 15 et 20 mm<\/p>\n","protected":false},"author":8,"featured_media":0,"parent":3187,"menu_order":0,"comment_status":"closed","ping_status":"closed","template":"","meta":{"footnotes":""},"class_list":["post-3189","page","type-page","status-publish","hentry"],"_links":{"self":[{"href":"https:\/\/sportequipalia.com\/fr\/wp-json\/wp\/v2\/pages\/3189","targetHints":{"allow":["GET"]}}],"collection":[{"href":"https:\/\/sportequipalia.com\/fr\/wp-json\/wp\/v2\/pages"}],"about":[{"href":"https:\/\/sportequipalia.com\/fr\/wp-json\/wp\/v2\/types\/page"}],"author":[{"embeddable":true,"href":"https:\/\/sportequipalia.com\/fr\/wp-json\/wp\/v2\/users\/8"}],"replies":[{"embeddable":true,"href":"https:\/\/sportequipalia.com\/fr\/wp-json\/wp\/v2\/comments?post=3189"}],"version-history":[{"count":0,"href":"https:\/\/sportequipalia.com\/fr\/wp-json\/wp\/v2\/pages\/3189\/revisions"}],"up":[{"embeddable":true,"href":"https:\/\/sportequipalia.com\/fr\/wp-json\/wp\/v2\/pages\/3187"}],"wp:attachment":[{"href":"https:\/\/sportequipalia.com\/fr\/wp-json\/wp\/v2\/media?parent=3189"}],"curies":[{"name":"wp","href":"https:\/\/api.w.org\/{rel}","templated":true}]}}