{"id":3187,"date":"2018-04-16T10:05:18","date_gmt":"2018-04-16T08:05:18","guid":{"rendered":"https:\/\/sportequipalia.com\/servicios\/equipamiento\/"},"modified":"2022-05-24T10:01:54","modified_gmt":"2022-05-24T08:01:54","slug":"equipamiento","status":"publish","type":"page","link":"https:\/\/sportequipalia.com\/fr\/articles\/equipamiento\/","title":{"rendered":"\u00c9quipement"},"content":{"rendered":"<p><span style=\"font-weight: 400;\">Nous avons toutes sortes de mat\u00e9riel pour \u00e9quiper votre espace sportif.<\/span><\/p>\n<ul>\n<li style=\"font-weight: 400;\"><span style=\"font-weight: 400;\">Basket-ball<\/span><\/li>\n<li style=\"font-weight: 400;\"><span style=\"font-weight: 400;\">Football<\/span><\/li>\n<li style=\"font-weight: 400;\"><span style=\"font-weight: 400;\">Futsal et handball<\/span><\/li>\n<li style=\"font-weight: 400;\"><span style=\"font-weight: 400;\">Tennis, paddle et volley-ball<\/span><\/li>\n<li style=\"font-weight: 400;\"><span style=\"font-weight: 400;\">Filets<\/span><\/li>\n<li style=\"font-weight: 400;\"><span style=\"font-weight: 400;\">Gymnastique, tapis et protections<\/span><\/li>\n<\/ul>\n","protected":false},"excerpt":{"rendered":"<p>Vous trouverez ici tous les \u00e9quipements sportifs li\u00e9s \u00e0 nos installations. Nous ne manquons de rien et si nous ne l&rsquo;avons pas, nous l&rsquo; obtenons.<\/p>\n","protected":false},"author":8,"featured_media":3188,"parent":4725,"menu_order":0,"comment_status":"closed","ping_status":"closed","template":"","meta":{"footnotes":""},"class_list":["post-3187","page","type-page","status-publish","has-post-thumbnail","hentry"],"_links":{"self":[{"href":"https:\/\/sportequipalia.com\/fr\/wp-json\/wp\/v2\/pages\/3187","targetHints":{"allow":["GET"]}}],"collection":[{"href":"https:\/\/sportequipalia.com\/fr\/wp-json\/wp\/v2\/pages"}],"about":[{"href":"https:\/\/sportequipalia.com\/fr\/wp-json\/wp\/v2\/types\/page"}],"author":[{"embeddable":true,"href":"https:\/\/sportequipalia.com\/fr\/wp-json\/wp\/v2\/users\/8"}],"replies":[{"embeddable":true,"href":"https:\/\/sportequipalia.com\/fr\/wp-json\/wp\/v2\/comments?post=3187"}],"version-history":[{"count":0,"href":"https:\/\/sportequipalia.com\/fr\/wp-json\/wp\/v2\/pages\/3187\/revisions"}],"up":[{"embeddable":true,"href":"https:\/\/sportequipalia.com\/fr\/wp-json\/wp\/v2\/pages\/4725"}],"wp:featuredmedia":[{"embeddable":true,"href":"https:\/\/sportequipalia.com\/fr\/wp-json\/wp\/v2\/media\/3188"}],"wp:attachment":[{"href":"https:\/\/sportequipalia.com\/fr\/wp-json\/wp\/v2\/media?parent=3187"}],"curies":[{"name":"wp","href":"https:\/\/api.w.org\/{rel}","templated":true}]}}