{"id":3185,"date":"2018-09-16T10:15:39","date_gmt":"2018-09-16T08:15:39","guid":{"rendered":"https:\/\/sportequipalia.com\/servicios\/cesped\/"},"modified":"2023-03-29T12:31:27","modified_gmt":"2023-03-29T10:31:27","slug":"cesped-old","status":"publish","type":"page","link":"https:\/\/sportequipalia.com\/fr\/articles\/cesped-old\/","title":{"rendered":"Gazon d\u00e9coratif"},"content":{"rendered":"<p><span style=\"font-weight: 400;\">Vous n&rsquo;aurez plus besoin de tondre le gazon le week-end.<\/span><\/p>\n<p><span style=\"font-weight: 400;\">Asseyez-vous et profitez de votre gazon comme s&rsquo;il \u00e9tait tout juste tondu.<\/span><\/p>\n<p><span style=\"font-weight: 400;\">Nous pr\u00e9parons le terrain avec des filets anti-herbes et nous proc\u00e9dons ensuite \u00e0 l&rsquo;installation.<\/span><\/p>\n<p><span style=\"font-weight: 400;\">Nous disposons d&rsquo;une large gamme de tailles et de finitions, toutes avec un aspect et un toucher r\u00e9els.<\/span><\/p>\n<style type=\"text\/css\">\r\n\t\t\t\t#gallery-1 {\r\n\t\t\t\t\tmargin: auto;\r\n\t\t\t\t}\r\n\t\t\t\t#gallery-1 .gallery-item {\r\n\t\t\t\t\tfloat: left;\r\n\t\t\t\t\tmargin-top: 10px;\r\n\t\t\t\t\ttext-align: center;\r\n\t\t\t\t\twidth: 33%;\r\n\t\t\t\t}\r\n\t\t\t\t#gallery-1 .gallery-caption {\r\n\t\t\t\t\tmargin-left: 0;\r\n\t\t\t\t}\r\n\t\t\t<\/style><!-- see gallery_shortcode() in wp-includes\/media.php -->\r\n\t\t\t\n\t\t<div id=\"gallery-1\" class=\"gallery galleryid-3185 mfp-gallery mfp-gallery--images gallery-columns-3 gallery-size-large\"><div class=\"row zn_image_gallery \"><div class=\"col-sm-6 col-md-4 col-lg-4\"><a href=\"https:\/\/sportequipalia.com\/wp-content\/uploads\/2018\/11\/cesped-artificial-2.jpg\" title=\"\" class=\"hoverBorder\"><img loading=\"lazy\" decoding=\"async\" width=\"1024\" height=\"640\" src=\"https:\/\/sportequipalia.com\/wp-content\/uploads\/2018\/11\/cesped-artificial-2-1024x640.jpg\" class=\"attachment-large size-large\" alt=\"\" size=\"large\" link=\"file\" ids=\"1506,1505,1503\" orderby=\"post__in\" include=\"1506,1505,1503\" srcset=\"https:\/\/sportequipalia.com\/wp-content\/uploads\/2018\/11\/cesped-artificial-2-1024x640.jpg 1024w, https:\/\/sportequipalia.com\/wp-content\/uploads\/2018\/11\/cesped-artificial-2-300x188.jpg 300w, https:\/\/sportequipalia.com\/wp-content\/uploads\/2018\/11\/cesped-artificial-2-768x480.jpg 768w, https:\/\/sportequipalia.com\/wp-content\/uploads\/2018\/11\/cesped-artificial-2-280x175.jpg 280w, https:\/\/sportequipalia.com\/wp-content\/uploads\/2018\/11\/cesped-artificial-2-1170x731.jpg 1170w, https:\/\/sportequipalia.com\/wp-content\/uploads\/2018\/11\/cesped-artificial-2.jpg 1280w\" sizes=\"auto, (max-width: 1024px) 100vw, 1024px\" \/><span class=\"gallery_caption\"><\/span><\/a><\/div><div class=\"col-sm-6 col-md-4 col-lg-4\"><a href=\"https:\/\/sportequipalia.com\/wp-content\/uploads\/2018\/11\/cesped-residencial.jpg\" title=\"C\u00e9sped Residencial\" class=\"hoverBorder\"><img loading=\"lazy\" decoding=\"async\" width=\"1024\" height=\"640\" src=\"https:\/\/sportequipalia.com\/wp-content\/uploads\/2018\/11\/cesped-residencial-1024x640.jpg\" class=\"attachment-large size-large\" alt=\"C\u00e9sped Residencial\" size=\"large\" link=\"file\" ids=\"1506,1505,1503\" orderby=\"post__in\" include=\"1506,1505,1503\" srcset=\"https:\/\/sportequipalia.com\/wp-content\/uploads\/2018\/11\/cesped-residencial-1024x640.jpg 1024w, https:\/\/sportequipalia.com\/wp-content\/uploads\/2018\/11\/cesped-residencial-300x188.jpg 300w, https:\/\/sportequipalia.com\/wp-content\/uploads\/2018\/11\/cesped-residencial-768x480.jpg 768w, https:\/\/sportequipalia.com\/wp-content\/uploads\/2018\/11\/cesped-residencial-280x175.jpg 280w, https:\/\/sportequipalia.com\/wp-content\/uploads\/2018\/11\/cesped-residencial-1170x731.jpg 1170w, https:\/\/sportequipalia.com\/wp-content\/uploads\/2018\/11\/cesped-residencial.jpg 1280w\" sizes=\"auto, (max-width: 1024px) 100vw, 1024px\" \/><span class=\"gallery_caption\">C\u00e9sped Residencial<\/span><\/a><\/div><div class=\"col-sm-6 col-md-4 col-lg-4\"><a href=\"https:\/\/sportequipalia.com\/wp-content\/uploads\/2018\/11\/cesped-residencial-2.jpg\" title=\"C\u00e9sped Residencial\" class=\"hoverBorder\"><img loading=\"lazy\" decoding=\"async\" width=\"1024\" height=\"640\" src=\"https:\/\/sportequipalia.com\/wp-content\/uploads\/2018\/11\/cesped-residencial-2-1024x640.jpg\" class=\"attachment-large size-large\" alt=\"C\u00e9sped Residencial\" size=\"large\" link=\"file\" ids=\"1506,1505,1503\" orderby=\"post__in\" include=\"1506,1505,1503\" srcset=\"https:\/\/sportequipalia.com\/wp-content\/uploads\/2018\/11\/cesped-residencial-2-1024x640.jpg 1024w, https:\/\/sportequipalia.com\/wp-content\/uploads\/2018\/11\/cesped-residencial-2-300x188.jpg 300w, https:\/\/sportequipalia.com\/wp-content\/uploads\/2018\/11\/cesped-residencial-2-768x480.jpg 768w, https:\/\/sportequipalia.com\/wp-content\/uploads\/2018\/11\/cesped-residencial-2-280x175.jpg 280w, https:\/\/sportequipalia.com\/wp-content\/uploads\/2018\/11\/cesped-residencial-2-1170x731.jpg 1170w, https:\/\/sportequipalia.com\/wp-content\/uploads\/2018\/11\/cesped-residencial-2.jpg 1280w\" sizes=\"auto, (max-width: 1024px) 100vw, 1024px\" \/><span class=\"gallery_caption\">C\u00e9sped Residencial<\/span><\/a><\/div><\/div><\/div>\n","protected":false},"excerpt":{"rendered":"<p>Dans cette section, vous trouverez le meilleur gazon d\u00e9coratif du march\u00e9, avec diff\u00e9rentes mesures de poils et une impressionnante ressemblance avec la r\u00e9alit\u00e9, tant en couleur qu&rsquo;en toucher.<\/p>\n","protected":false},"author":8,"featured_media":3186,"parent":4725,"menu_order":14,"comment_status":"closed","ping_status":"closed","template":"","meta":{"footnotes":""},"class_list":["post-3185","page","type-page","status-publish","has-post-thumbnail","hentry"],"_links":{"self":[{"href":"https:\/\/sportequipalia.com\/fr\/wp-json\/wp\/v2\/pages\/3185","targetHints":{"allow":["GET"]}}],"collection":[{"href":"https:\/\/sportequipalia.com\/fr\/wp-json\/wp\/v2\/pages"}],"about":[{"href":"https:\/\/sportequipalia.com\/fr\/wp-json\/wp\/v2\/types\/page"}],"author":[{"embeddable":true,"href":"https:\/\/sportequipalia.com\/fr\/wp-json\/wp\/v2\/users\/8"}],"replies":[{"embeddable":true,"href":"https:\/\/sportequipalia.com\/fr\/wp-json\/wp\/v2\/comments?post=3185"}],"version-history":[{"count":1,"href":"https:\/\/sportequipalia.com\/fr\/wp-json\/wp\/v2\/pages\/3185\/revisions"}],"predecessor-version":[{"id":5596,"href":"https:\/\/sportequipalia.com\/fr\/wp-json\/wp\/v2\/pages\/3185\/revisions\/5596"}],"up":[{"embeddable":true,"href":"https:\/\/sportequipalia.com\/fr\/wp-json\/wp\/v2\/pages\/4725"}],"wp:featuredmedia":[{"embeddable":true,"href":"https:\/\/sportequipalia.com\/fr\/wp-json\/wp\/v2\/media\/3186"}],"wp:attachment":[{"href":"https:\/\/sportequipalia.com\/fr\/wp-json\/wp\/v2\/media?parent=3185"}],"curies":[{"name":"wp","href":"https:\/\/api.w.org\/{rel}","templated":true}]}}