{"id":3183,"date":"2018-11-12T16:51:38","date_gmt":"2018-11-12T15:51:38","guid":{"rendered":"https:\/\/sportequipalia.com\/politica-de-privacidad\/"},"modified":"2022-05-24T10:02:12","modified_gmt":"2022-05-24T08:02:12","slug":"politica-de-privacidad","status":"publish","type":"page","link":"https:\/\/sportequipalia.com\/fr\/politica-de-privacidad\/","title":{"rendered":"Politique de protection de la vie priv\u00e9e"},"content":{"rendered":"<header class=\"entry-header\"><\/header>\n<div class=\"entry-content\">\n<h2><b>Qui sommes nous<\/b><\/h2>\n<hr \/>\n<p><span style=\"font-weight: 400;\">Web: <\/span><a href=\"https:\/\/www.sportequipalia.com\"><span style=\"font-weight: 400;\">https:\/\/www.sportequipalia.com<\/span><\/a><\/p>\n<p><span style=\"font-weight: 400;\">Titulaire: Sport Equipalia, S.L.<\/span><\/p>\n<p><span style=\"font-weight: 400;\">Objectif du site Web : Informatif<\/span><\/p>\n<p><span style=\"font-weight: 400;\">Adresse \u00e9lectronique : info@sportequipalia.com<\/span><\/p>\n<p><span style=\"font-weight: 400;\">T\u00e9l\u00e9phone : 982 286 100<\/span><\/p>\n<p><\/p>\n<hr \/>\n<h2><strong>Quelles sont les donn\u00e9es personnelles que nous recueillons et pourquoi nous les recueillons<\/strong><\/h2>\n<hr \/>\n<p><b>Commentaires<\/b><\/p>\n<p><span style=\"font-weight: 400;\">Lorsque les visiteurs laissent des commentaires sur le site, nous recueillons les donn\u00e9es affich\u00e9es sur le formulaire de commentaire, ainsi que l&rsquo;adresse IP du visiteur et la s\u00e9quence d&rsquo;agents utilisateurs du navigateur pour aider \u00e0 d\u00e9tecter le spam.<\/span><\/p>\n<p><span style=\"font-weight: 400;\">Une cha\u00eene anonyme cr\u00e9\u00e9e \u00e0 partir de votre adresse \u00e9lectronique (\u00e9galement appel\u00e9e \u00ab\u00a0hash\u00a0\u00bb) peut \u00eatre fournie au service Gravatar pour voir si vous l&rsquo;utilisez. La politique de confidentialit\u00e9 du service Gravatar est disponible ici : <a href=\"https:\/\/automattic.com\/privacy\/\">https:\/\/automattic.com\/privacy\/<\/a>. Apr\u00e8s approbation de votre commentaire, l&rsquo;image de votre profil est visible au public dans le contexte de votre commentaire.<\/span><\/p>\n<p><b>M\u00e9dias<\/b><\/p>\n<p><span style=\"font-weight: 400;\">Si vous t\u00e9l\u00e9chargez des images sur le web, vous devez \u00e9viter de t\u00e9l\u00e9charger des images avec des donn\u00e9es de localisation (GPS EXIF) incluses. Les internautes peuvent t\u00e9l\u00e9charger et extraire toutes les donn\u00e9es de localisation des images du site web.<\/span><\/p>\n<p><b>Cookies<\/b><\/p>\n<p><span style=\"font-weight: 400;\">Si vous laissez un commentaire sur notre site, vous pouvez choisir de faire enregistrer votre nom, votre adresse \u00e9lectronique et votre adresse web dans des cookies. C&rsquo;est pour votre confort, afin que vous n&rsquo;ayez pas \u00e0 remplir \u00e0 nouveau vos coordonn\u00e9es lorsque vous laissez un autre commentaire. Ces cookies dureront un an.<\/span><\/p>\n<p><span style=\"font-weight: 400;\">Si vous avez un compte et que vous vous connectez \u00e0 ce site, nous placerons un cookie temporaire pour d\u00e9terminer si votre navigateur accepte les cookies. Ce cookie ne contient aucune donn\u00e9e personnelle et est supprim\u00e9 lorsque vous fermez votre navigateur.<\/span><\/p>\n<p><span style=\"font-weight: 400;\">Lorsque vous vous connectez, nous installons \u00e9galement plusieurs cookies pour enregistrer vos informations de connexion et les options d&rsquo;affichage de l&rsquo;\u00e9cran. Les cookies de connexion durent deux jours, et les cookies d&rsquo;option d&rsquo;affichage durent un an. Si vous s\u00e9lectionnez \u00ab\u00a0Se souvenir de moi\u00a0\u00bb, votre connexion durera deux semaines. Si vous vous d\u00e9connectez de votre compte, vos cookies de connexion seront supprim\u00e9s.<\/span><\/p>\n<p><span style=\"font-weight: 400;\">Si vous modifiez ou publiez un article, un cookie suppl\u00e9mentaire sera stock\u00e9 dans votre navigateur. Ce cookie ne contient aucune donn\u00e9e personnelle et indique simplement l&rsquo;identifiant de l&rsquo;article que vous venez d&rsquo;\u00e9diter.<\/span><\/p>\n<p><span style=\"font-weight: 400;\">Il expire apr\u00e8s 1 jour.<\/span><\/p>\n<p><b>Contenu int\u00e9gr\u00e9 provenant d&rsquo;autres sites web<\/b><\/p>\n<p><span style=\"font-weight: 400;\">Les articles de ce site peuvent contenir du contenu int\u00e9gr\u00e9 (par exemple des vid\u00e9os, des images, des articles, etc.) Le contenu int\u00e9gr\u00e9 provenant d&rsquo;autres sites se d\u00e9roule exactement comme si le visiteur avait visit\u00e9 l&rsquo;autre site.<\/span><\/p>\n<p><span style=\"font-weight: 400;\">Ces sites peuvent collecter des donn\u00e9es vous concernant, utiliser des cookies, int\u00e9grer un suivi tiers suppl\u00e9mentaire et surveiller votre interaction avec ce contenu int\u00e9gr\u00e9, y compris le suivi de votre interaction avec le contenu int\u00e9gr\u00e9 si vous avez un compte et \u00eates connect\u00e9 \u00e0 ce site.<\/span><\/p>\n<p><b>Formulaire de contact<\/b><\/p>\n<p><span style=\"font-weight: 400;\">Nous utilisons un formulaire de contact afin que vous puissiez nous faire part de vos commentaires, suggestions ou propositions. Ce formulaire demande le minimum d&rsquo;informations essentielles pour pouvoir r\u00e9pondre \u00e0 ces demandes : votre nom et votre adresse \u00e9lectronique. Les informations que vous fournissez ne seront utilis\u00e9es que pour r\u00e9pondre \u00e0 votre demande. Le fondement du traitement de ces informations est l&rsquo;int\u00e9r\u00eat l\u00e9gitime entre la personne qui nous \u00e9crit et nous.<\/span><\/p>\n<p><b>Analytique<\/b><\/p>\n<p><span style=\"font-weight: 400;\">Afin de vous offrir le meilleur service et de faciliter son utilisation, le nombre de pages visit\u00e9es, le nombre de visites, ainsi que l&rsquo;activit\u00e9 des visiteurs et leur fr\u00e9quence d&rsquo;utilisation sont analys\u00e9s. \u00c0 cette fin, ce site web utilise les informations statistiques produites par Google, Inc.<\/span><\/p>\n<p><b>Vimeo<\/b><\/p>\n<p><span style=\"font-weight: 400;\">Notre site web utilise des fonctionnalit\u00e9s fournies par le portail vid\u00e9o Vimeo. Ce service est fourni par Vimeo Inc, 555 West 18th Street, New York, New York 10011, \u00c9tats-Unis.<\/span><\/p>\n<p><span style=\"font-weight: 400;\">Si vous visitez l&rsquo;une de nos pages avec un plug-in Vimeo, une connexion est \u00e9tablie avec les serveurs Vimeo. Le serveur Vimeo est ainsi inform\u00e9 des pages que vous avez visit\u00e9es et re\u00e7oit votre adresse IP. Cela s&rsquo;applique \u00e9galement si vous n&rsquo;\u00eates pas connect\u00e9 \u00e0 Vimeo ou si vous n&rsquo;avez pas de compte Vimeo lorsque vous utilisez le plugin. Les informations sont transmises \u00e0 un serveur Vimeo aux \u00c9tats-Unis, o\u00f9 elles sont stock\u00e9es.<\/span><\/p>\n<p><span style=\"font-weight: 400;\">Si vous \u00eates connect\u00e9 \u00e0 votre compte Vimeo, Vimeo vous permet d&rsquo;associer votre comportement de navigation directement \u00e0 votre profil personnel. Vous pouvez \u00e9viter cela en vous d\u00e9connectant de votre compte Vimeo.<\/span><\/p>\n<p><span style=\"font-weight: 400;\">Pour plus d&rsquo;informations sur la mani\u00e8re dont vos donn\u00e9es sont trait\u00e9es, veuillez consulter la politique de confidentialit\u00e9 de Vimeo \u00e0 l&rsquo;adresse <a href=\"https:\/\/vimeo.com\/privacy\">https:\/\/vimeo.com\/privacy<\/a>.<\/span><\/p>\n<h3><b>Google Web Fonts<\/b><\/h3>\n<p><span style=\"font-weight: 400;\">Pour une repr\u00e9sentation uniforme des polices, cette page utilise les polices web fournies par Google. Lorsque vous ouvrez une page, votre navigateur charge les polices web n\u00e9cessaires dans le cache du navigateur pour afficher le texte et les polices correctement.<\/span><\/p>\n<p><span style=\"font-weight: 400;\">Pour ce faire, votre navigateur doit \u00e9tablir une connexion directe avec les serveurs de Google et Google enregistre l&rsquo;acc\u00e8s \u00e0 notre site web via votre adresse IP. L&rsquo;utilisation des polices web de Google est dans l&rsquo;int\u00e9r\u00eat d&rsquo;une pr\u00e9sentation uniforme et attrayante de notre site web. Cela constitue un int\u00e9r\u00eat justifi\u00e9 au sens de l&rsquo;article 6, paragraphe 1, point f), du DSGVO.<\/span><\/p>\n<p><span style=\"font-weight: 400;\">Si votre navigateur ne prend pas en charge les polices Web, une police standard sera utilis\u00e9e.<\/span><\/p>\n<p><span style=\"font-weight: 400;\">Vous trouverez de plus amples informations sur le traitement de vos donn\u00e9es \u00e0 l&rsquo;adresse <a href=\"https:\/\/developers.google.com\/fonts\/faq\">https:\/\/developers.google.com\/fonts\/faq<\/a> et dans la politique de confidentialit\u00e9 de Google \u00e0 l&rsquo;adresse <a href=\"https:\/\/www.google.com\/policies\/privacy\">https:\/\/www.google.com\/policies\/privacy<\/a>.<\/span><\/p>\n<\/div>\n<div class=\"entry-content\">\n<h2><b>Avec qui nous partageons vos donn\u00e9es<\/b><\/h2>\n<hr \/>\n<p><span style=\"font-weight: 400;\">En g\u00e9n\u00e9ral, les donn\u00e9es \u00e0 caract\u00e8re personnel ne seront pas communiqu\u00e9es \u00e0 des tiers, sauf si la loi l&rsquo;y oblige, ce qui peut inclure des communications au M\u00e9diateur, aux juges et aux tribunaux, int\u00e9ress\u00e9s par les proc\u00e9dures li\u00e9es aux plaintes d\u00e9pos\u00e9es.<\/span><\/p>\n<h2><b>Combien de temps nous conservons vos donn\u00e9es<\/b><\/h2>\n<hr \/>\n<p><span style=\"font-weight: 400;\">Si vous laissez un commentaire, le commentaire et ses m\u00e9tadonn\u00e9es sont conserv\u00e9s ind\u00e9finiment. Cela nous permet de reconna\u00eetre et d&rsquo;approuver automatiquement les commentaires successifs plut\u00f4t que de les garder dans une file d&rsquo;attente de mod\u00e9ration.<\/span><\/p>\n<p><span style=\"font-weight: 400;\">Parmi les utilisateurs qui s&rsquo;inscrivent sur notre site (le cas \u00e9ch\u00e9ant), nous stockons \u00e9galement les informations personnelles qu&rsquo;ils fournissent dans leur profil d&rsquo;utilisateur. Tous les utilisateurs peuvent consulter, modifier ou supprimer leurs informations personnelles \u00e0 tout moment (sauf qu&rsquo;ils ne peuvent pas changer leur nom d&rsquo;utilisateur). Les administrateurs du site peuvent \u00e9galement consulter et modifier ces informations.<\/span><\/p>\n<p><\/p>\n<h2><b>Quels sont vos droits sur vos donn\u00e9es<\/b><\/h2>\n<hr \/>\n<p><span style=\"font-weight: 400;\">Si vous avez un compte ou avez laiss\u00e9 des commentaires sur ce site, vous pouvez demander \u00e0 recevoir un fichier d&rsquo;exportation des donn\u00e9es personnelles que nous avons sur vous, y compris les donn\u00e9es que vous avez fournies. Vous pouvez \u00e9galement nous demander de supprimer toutes les donn\u00e9es personnelles que nous avons sur vous. Cela n&rsquo;inclut pas les donn\u00e9es que nous sommes oblig\u00e9s de conserver \u00e0 des fins administratives, juridiques ou de s\u00e9curit\u00e9.<\/span><\/p>\n<h2><b>Informations de contact<\/b><\/h2>\n<hr \/>\n<p><span style=\"font-weight: 400;\">Vous pouvez exercer vos droits d&rsquo;acc\u00e8s, de rectification, de suppression et de potabilit\u00e9 de vos donn\u00e9es, de limitation et d&rsquo;opposition \u00e0 leur traitement, ainsi que de ne pas faire l&rsquo;objet de d\u00e9cisions fond\u00e9es uniquement sur le traitement automatis\u00e9 de vos donn\u00e9es, le cas \u00e9ch\u00e9ant, aupr\u00e8s de Sport Equipalia, S.L. Pg. Industrial Palas de Rei, s\/n, CP 27200, \u00e0 Palas de Rei (Lugo) ou \u00e0 l&rsquo;adresse \u00e9lectronique <\/span><a href=\"mailto:info@sportequipalia.com\"><span style=\"font-weight: 400;\">info@sportequipalia.com<\/span><\/a><span style=\"font-weight: 400;\">.<\/span><\/p>\n<h2><b>Informations compl\u00e9mentaires<\/b><\/h2>\n<hr \/>\n<h3><b>Comment nous prot\u00e9geons vos donn\u00e9es<\/b><\/h3>\n<p><span style=\"font-weight: 400;\">La communication entre votre navigateur et notre serveur se fait par un canal s\u00e9curis\u00e9 via le protocole HTTPS qui garantit les meilleures conditions de s\u00e9curit\u00e9 pour la confidentialit\u00e9 des utilisateurs.<\/span><\/p>\n<p><span style=\"font-weight: 400;\">Nous avons \u00e9galement adopt\u00e9 les mesures de s\u00e9curit\u00e9 et les proc\u00e9dures organisationnelles n\u00e9cessaires pour pr\u00e9venir la perte, le mauvais usage, l&rsquo;alt\u00e9ration, l&rsquo;acc\u00e8s non autoris\u00e9 et le vol des donn\u00e9es \u00e0 caract\u00e8re personnel fournies, en tenant compte de l&rsquo;\u00e9tat de la technologie, de la nature des donn\u00e9es fournies et des risques auxquels elles sont expos\u00e9es.<\/span><\/p>\n<h3><b>Quelles proc\u00e9dures utilisons-nous contre les violations de donn\u00e9es<\/b><\/h3>\n<p><span style=\"font-weight: 400;\">Nous avons mis en place des mesures de s\u00e9curit\u00e9 raisonnablement ad\u00e9quates pour d\u00e9tecter l&rsquo;existence de virus, d&rsquo;attaques par force brute et d&rsquo;injections de code. <\/span><span style=\"font-weight: 400;\">Cependant, vous devez savoir que les mesures de s\u00e9curit\u00e9 des syst\u00e8mes informatiques ne sont pas infaillibles et que, par cons\u00e9quent, nous ne pouvons garantir l&rsquo;absence de virus ou d&rsquo;autres \u00e9l\u00e9ments susceptibles de produire des alt\u00e9rations dans les syst\u00e8mes informatiques (logiciels et mat\u00e9riels) de l&rsquo;utilisateur ou dans les documents \u00e9lectroniques et fichiers qu&rsquo;ils contiennent. <\/span><span style=\"font-weight: 400;\">En cas de d\u00e9tection d&rsquo;une faille de s\u00e9curit\u00e9, nous nous engageons \u00e0 en informer les utilisateurs dans un d\u00e9lai maximum de 72 heures.<\/span><\/p>\n<h3><b>Quel type de prise de d\u00e9cision automatis\u00e9e et\/ou de profilage nous faisons avec les donn\u00e9es des utilisateurs<\/b><\/h3>\n<p><span style=\"font-weight: 400;\">Les commentaires des visiteurs peuvent \u00eatre examin\u00e9s par un service automatis\u00e9 de d\u00e9tection des spams.<\/span><\/div>\n","protected":false},"excerpt":{"rendered":"<p>Qui sommes nous Web: https:\/\/www.sportequipalia.com Titulaire: Sport Equipalia, S.L. Objectif du site Web : Informatif Adresse \u00e9lectronique : info@sportequipalia.com T\u00e9l\u00e9phone : 982 286 100 Quelles sont les donn\u00e9es personnelles que nous recueillons et pourquoi nous les recueillons Commentaires Lorsque les visiteurs laissent des commentaires sur le site, nous recueillons les donn\u00e9es affich\u00e9es sur le formulaire<\/p>\n","protected":false},"author":8,"featured_media":0,"parent":0,"menu_order":0,"comment_status":"closed","ping_status":"open","template":"","meta":{"footnotes":""},"class_list":["post-3183","page","type-page","status-publish","hentry"],"_links":{"self":[{"href":"https:\/\/sportequipalia.com\/fr\/wp-json\/wp\/v2\/pages\/3183","targetHints":{"allow":["GET"]}}],"collection":[{"href":"https:\/\/sportequipalia.com\/fr\/wp-json\/wp\/v2\/pages"}],"about":[{"href":"https:\/\/sportequipalia.com\/fr\/wp-json\/wp\/v2\/types\/page"}],"author":[{"embeddable":true,"href":"https:\/\/sportequipalia.com\/fr\/wp-json\/wp\/v2\/users\/8"}],"replies":[{"embeddable":true,"href":"https:\/\/sportequipalia.com\/fr\/wp-json\/wp\/v2\/comments?post=3183"}],"version-history":[{"count":0,"href":"https:\/\/sportequipalia.com\/fr\/wp-json\/wp\/v2\/pages\/3183\/revisions"}],"wp:attachment":[{"href":"https:\/\/sportequipalia.com\/fr\/wp-json\/wp\/v2\/media?parent=3183"}],"curies":[{"name":"wp","href":"https:\/\/api.w.org\/{rel}","templated":true}]}}