{"id":3182,"date":"2018-11-21T15:57:48","date_gmt":"2018-11-21T14:57:48","guid":{"rendered":"https:\/\/sportequipalia.com\/politica-de-cookies\/"},"modified":"2022-05-24T10:02:12","modified_gmt":"2022-05-24T08:02:12","slug":"politica-de-cookies","status":"publish","type":"page","link":"https:\/\/sportequipalia.com\/fr\/politica-de-cookies\/","title":{"rendered":"Politique en mati\u00e8re de cookies"},"content":{"rendered":"<p><span style=\"font-weight: 400;\">Conform\u00e9ment aux dispositions de l&rsquo;article <a href=\"https:\/\/www.boe.es\/buscar\/act.php?id=BOE-A-2002-13758#a22\" target=\"_blank\" rel=\"noopener noreferrer\">22.2 de la Loi 34\/2002, du 11 juillet<\/a>, sur les services de la soci\u00e9t\u00e9 de l&rsquo;information et du Commerce \u00c9lectronique, <a href=\"https:\/\/jimsports.com\" target=\"_blank\" rel=\"noopener noreferrer\">jimsports.com<\/a> vous informe, dans cette section, <\/span><b>de la politique de collecte et de traitement des cookies.<\/b><\/p>\n<h2>\u00bf<b>QUE SONT LES COOKIES ?<\/b><\/h2>\n<p><span style=\"font-weight: 400;\">Un cookie est un fichier qui est t\u00e9l\u00e9charg\u00e9 sur votre ordinateur, votre t\u00e9l\u00e9phone portable ou votre tablette lorsque vous acc\u00e9dez \u00e0 certains sites web. Les cookies permettent \u00e0 un site web, entre autres, de stocker et d&rsquo;extraire des informations sur les habitudes de navigation d&rsquo;un utilisateur ou de son ordinateur et, selon les informations qu&rsquo;ils contiennent et la fa\u00e7on dont ils utilisent leur ordinateur, peuvent \u00eatre utilis\u00e9s pour reconna\u00eetre l&rsquo;utilisateur.<\/span><\/p>\n<h2>\u00bf<b>QUELS TYPES DE COOKIES UTILISONS-NOUS ?<\/b><\/h2>\n<p><strong><span style=\"font-weight: 400;\">Ce site web utilise les types de cookies suivants : <b>Cookies d&rsquo;analyse<\/b> : Nous utilisons<\/span><\/strong>\u00a0<a href=\"https:\/\/support.google.com\/analytics\/#topic=3544906\"><strong>Google Analytics<\/strong><\/a><\/p>\n<p><span style=\"font-weight: 400;\">pour mesurer et analyser statistiquement l&rsquo;utilisation du site web par les utilisateurs. <\/span><span style=\"font-weight: 400;\">Voici les points suivants :<\/span><\/p>\n<table style=\"height: 116px;\" width=\"1284\">\n<thead>\n<tr>\n<th>Nombre<\/th>\n<th>Duraci\u00f3n<\/th>\n<th>Descripci\u00f3n<\/th>\n<\/tr>\n<\/thead>\n<tbody>\n<tr>\n<td><code>_ga<\/code><\/td>\n<td>2 <span style=\"font-weight: 400;\">ans<\/span><\/td>\n<td><span style=\"font-weight: 400;\">Il sert \u00e0 distinguer les utilisateurs.<\/span><\/td>\n<\/tr>\n<tr>\n<td><code>_gid<\/code><\/td>\n<td>24 <span style=\"font-weight: 400;\">heures<\/span><\/td>\n<td><span style=\"font-weight: 400;\">Il sert \u00e0 distinguer les utilisateurs.<\/span><\/td>\n<\/tr>\n<tr>\n<td><code>_gat<\/code><\/td>\n<td>1 <span style=\"font-weight: 400;\">minute<\/span><\/td>\n<td><span style=\"font-weight: 400;\">Il est utilis\u00e9 pour limiter le pourcentage de demandes.<\/span><\/td>\n<\/tr>\n<\/tbody>\n<\/table>\n<p><span style=\"font-weight: 400;\">En naviguant sur jimsports.com, vous acceptez express\u00e9ment le traitement des informations collect\u00e9es de la mani\u00e8re et pour les raisons mentionn\u00e9es ci-dessus. <\/span><span style=\"font-weight: 400;\">De m\u00eame, vous reconnaissez la possibilit\u00e9 de refuser le traitement de ces donn\u00e9es ou informations en refusant l&rsquo;utilisation de cookies en s\u00e9lectionnant les param\u00e8tres appropri\u00e9s \u00e0 cet effet dans votre navigateur. Bien que cette option de blocage des cookies dans votre navigateur puisse ne pas vous permettre d&rsquo;utiliser pleinement toutes les fonctionnalit\u00e9s du site web.<\/span><\/p>\n<h2><b>LA D\u00c9SACTIVATION DES COOKIES<\/b>.<\/h2>\n<p><span style=\"font-weight: 400;\">Vous pouvez <\/span><b>autoriser, bloquer ou supprimer les cookies<\/b><span style=\"font-weight: 400;\"> install\u00e9s sur votre ordinateur en param\u00e9trant les options de votre navigateur. <\/span><span style=\"font-weight: 400;\">La plupart des navigateurs web disposent d&rsquo;options permettant d&rsquo;autoriser, de bloquer ou de supprimer les cookies. <\/span><span style=\"font-weight: 400;\">Vous pouvez ensuite acc\u00e9der aux param\u00e8tres des navigateurs web les plus courants pour accepter, d\u00e9finir ou d\u00e9sactiver les cookies: <\/span><a href=\"https:\/\/support.google.com\/chrome\/answer\/95647?co=GENIE.Platform%3DDesktop&amp;oco=1\"><span style=\"font-weight: 400;\">Installation de cookies dans Google Chrome<\/span><\/a>, <a href=\"https:\/\/support.google.com\/chrome\/answer\/95647?co=GENIE.Platform%3DDesktop&amp;oco=1\"><span style=\"font-weight: 400;\">Installation de cookies dans Microsoft Edge<\/span><\/a>, <a href=\"https:\/\/privacy.microsoft.com\/es-es\/windows-10-microsoft-edge-and-privacy\"><span style=\"font-weight: 400;\">Installation de cookies dans Microsoft Internet Explorer<\/span><\/a>, <a href=\"https:\/\/support.mozilla.org\/es\/kb\/habilitar-y-deshabilitar-cookies-sitios-web-rastrear-preferencias\"><span style=\"font-weight: 400;\">Installation de cookies dans Mozilla Firefox<\/span><\/a>, <a href=\"https:\/\/support.mozilla.org\/es\/kb\/habilitar-y-deshabilitar-cookies-sitios-web-rastrear-preferencias\"><span style=\"font-weight: 400;\">Installation de cookies dans Safari (Apple)<\/span><\/a><span style=\"font-weight: 400;\">\u00a0<\/span><\/p>\n<p>&nbsp;<\/p>\n","protected":false},"excerpt":{"rendered":"<p>Conform\u00e9ment aux dispositions de l&rsquo;article 22.2 de la Loi 34\/2002, du 11 juillet, sur les services de la soci\u00e9t\u00e9 de l&rsquo;information et du Commerce \u00c9lectronique, jimsports.com vous informe, dans cette section, de la politique de collecte et de traitement des cookies. \u00bfQUE SONT LES COOKIES ? Un cookie est un fichier qui est t\u00e9l\u00e9charg\u00e9 sur<\/p>\n","protected":false},"author":8,"featured_media":0,"parent":0,"menu_order":0,"comment_status":"closed","ping_status":"closed","template":"","meta":{"footnotes":""},"class_list":["post-3182","page","type-page","status-publish","hentry"],"_links":{"self":[{"href":"https:\/\/sportequipalia.com\/fr\/wp-json\/wp\/v2\/pages\/3182","targetHints":{"allow":["GET"]}}],"collection":[{"href":"https:\/\/sportequipalia.com\/fr\/wp-json\/wp\/v2\/pages"}],"about":[{"href":"https:\/\/sportequipalia.com\/fr\/wp-json\/wp\/v2\/types\/page"}],"author":[{"embeddable":true,"href":"https:\/\/sportequipalia.com\/fr\/wp-json\/wp\/v2\/users\/8"}],"replies":[{"embeddable":true,"href":"https:\/\/sportequipalia.com\/fr\/wp-json\/wp\/v2\/comments?post=3182"}],"version-history":[{"count":0,"href":"https:\/\/sportequipalia.com\/fr\/wp-json\/wp\/v2\/pages\/3182\/revisions"}],"wp:attachment":[{"href":"https:\/\/sportequipalia.com\/fr\/wp-json\/wp\/v2\/media?parent=3182"}],"curies":[{"name":"wp","href":"https:\/\/api.w.org\/{rel}","templated":true}]}}