{"id":3181,"date":"2018-11-21T16:11:16","date_gmt":"2018-11-21T15:11:16","guid":{"rendered":"https:\/\/sportequipalia.com\/calidad-y-medio-ambiente\/"},"modified":"2023-05-03T13:09:06","modified_gmt":"2023-05-03T11:09:06","slug":"calidad-y-medio-ambiente","status":"publish","type":"page","link":"https:\/\/sportequipalia.com\/fr\/calidad-y-medio-ambiente\/","title":{"rendered":"Politique de la qualit\u00e9 et de l&rsquo;environnement"},"content":{"rendered":"<p><span style=\"font-weight: 400;\">Pour <\/span><b>SPORT EQUIPALIA, S.L.<\/b><span style=\"font-weight: 400;\">, ses principaux objectifs sont la qualit\u00e9, ax\u00e9e sur la pleine satisfaction du client, et le respect de l&rsquo;environnement en essayant de minimiser les impacts associ\u00e9s \u00e0 l&rsquo;activit\u00e9 du travail sportif. \u00c0 cette fin, elle s&rsquo;engage \u00e0 mettre en \u0153uvre et \u00e0 maintenir un syst\u00e8me de gestion de la qualit\u00e9 et de l&rsquo;environnement conform\u00e9ment aux exigences des normes UNE-EN-ISO 9001:2015 et UNE-EN-ISO 14001:2015. Les principes auxquels elle s&rsquo;est engag\u00e9e sont les suivants :<\/span><\/p>\n<ul>\n<li style=\"font-weight: 400;\"><span style=\"font-weight: 400;\">Conna\u00eetre, analyser et satisfaire les besoins et les attentes de ses clients et patients, afin d&rsquo;\u00e9tablir des relations stables et durables avec les clients actuels et nouveaux.<\/span><\/li>\n<li style=\"font-weight: 400;\"><span style=\"font-weight: 400;\">Pour pr\u00e9venir les causes qui peuvent donner lieu \u00e0 des non-conformit\u00e9s.<\/span><\/li>\n<li style=\"font-weight: 400;\"><span style=\"font-weight: 400;\">Renforcer l&rsquo;efficacit\u00e9 des ressources humaines et technologiques pour assurer la qualit\u00e9 de notre travail.<\/span><\/li>\n<li style=\"font-weight: 400;\"><span style=\"font-weight: 400;\">Am\u00e9liorer en permanence la qualit\u00e9 de nos services, ainsi que notre attitude vis-\u00e0-vis des impacts environnementaux g\u00e9n\u00e9r\u00e9s par notre activit\u00e9.<\/span><\/li>\n<li style=\"font-weight: 400;\"><span style=\"font-weight: 400;\">Pr\u00e9venir la pollution qui pourrait \u00eatre g\u00e9n\u00e9r\u00e9e par l&rsquo;activit\u00e9 de Sport Equipalia.<\/span><\/li>\n<li style=\"font-weight: 400;\"><span style=\"font-weight: 400;\">Optimisation des ressources naturelles \u00e9puisables, avec un accent particulier sur la r\u00e9utilisation des d\u00e9chets inertes, ainsi que sur la gestion appropri\u00e9e des autres d\u00e9chets.<\/span><\/li>\n<li style=\"font-weight: 400;\"><span style=\"font-weight: 400;\">Respecter la l\u00e9gislation en vigueur qui est applicable, ainsi que respecter les accords volontaires adopt\u00e9s ou les exigences de nos clients.<\/span><\/li>\n<li style=\"font-weight: 400;\"><span style=\"font-weight: 400;\">Promouvoir la Gestion de la Qualit\u00e9 et l&rsquo;Am\u00e9lioration Continue aupr\u00e8s de l&rsquo;ensemble du personnel, \u00e0 tous les niveaux et dans tous les processus de l&rsquo;Entreprise.<\/span><\/li>\n<li style=\"font-weight: 400;\"><span style=\"font-weight: 400;\">Obtenir l&rsquo;engagement de ses fournisseurs externes envers la Qualit\u00e9 et l&rsquo;Environnement.<\/span><\/li>\n<\/ul>\n<p><span style=\"font-weight: 400;\">La Politique de la Qualit\u00e9 et de l&rsquo;Environnement est la r\u00e9f\u00e9rence pour l&rsquo;\u00e9tablissement d&rsquo;objectifs permettant d&rsquo;am\u00e9liorer continuellement la qualit\u00e9 des services et l&rsquo;efficacit\u00e9 du Syst\u00e8me de Gestion de la Qualit\u00e9 et de l&rsquo;Environnement.<\/span><\/p>\n<p><span style=\"font-weight: 400;\">Elle concerne et rel\u00e8ve de la responsabilit\u00e9 de chacun des membres de Sport Equipalia, elle est communiqu\u00e9e \u00e0 l&rsquo;ensemble de l&rsquo;entreprise pour sa connaissance, sa compr\u00e9hension et son \u00e9panouissement. En outre, cette politique est revue, analys\u00e9e et mise \u00e0 jour en vue de son adaptation continue.<\/span><\/p>\n<hr \/>\n<h4><b>LA PERFORMANCE ENVIRONNEMENTALE<\/b><\/h4>\n<p>\u00c0 une \u00e9poque de grands progr\u00e8s, la durabilit\u00e9 environnementale et l&rsquo;engagement envers l&rsquo;environnement jouent un r\u00f4le fondamental dans la performance de l&rsquo;activit\u00e9 de l&rsquo;entreprise, tant du point de vue de la responsabilit\u00e9 envers la pr\u00e9servation de l&rsquo;environnement et des ressources, que de la g\u00e9n\u00e9ration de nouvelles M\u00e9thodologies et attentes.<br \/>\nEn ce sens, SPORT EQUIPALIA a renforc\u00e9 son engagement envers l&rsquo;environnement avec la mise en place de la norme ISO 14001:2015. A travers elle, l&rsquo;impact environnemental de son activit\u00e9 a \u00e9t\u00e9 analys\u00e9 et compte tenu du Cycle de Vie des services fournis, elle a d\u00e9termin\u00e9 ses Aspects Environnementaux Significatifs pour lesquels elle a \u00e9tabli des objectifs internes o\u00f9 ce qui est principalement recherch\u00e9 est la minimisation de l&rsquo;impact pour c\u00f4t\u00e9 de l&rsquo;entreprise.<br \/>\nSur la base de cet engagement, SPORT EQUIPALIA souhaite impliquer toutes les parties int\u00e9ress\u00e9es afin qu&rsquo;elles soient au courant du travail qui se fait en interne.<br \/>\nAu cours de l&rsquo;ann\u00e9e 2022, nous avons r\u00e9ussi \u00e0 r\u00e9duire la consommation de papier dans nos bureaux, contribuant ainsi \u00e0 r\u00e9duire l&rsquo;\u00e9puisement de cette ressource naturelle limit\u00e9e.<\/p>\n<hr \/>\n<h4><b>FIN DE VIE UTILE<\/b><\/h4>\n<p>Chez SPORT EQUIPALIA, S.L., nous nous engageons pour l&rsquo;environnement, c&rsquo;est pourquoi nous nous soucions de la fin de vie utile de nos produits. Pour cela, nous devons tenir compte du fait que la premi\u00e8re option doit toujours \u00eatre de r\u00e9utiliser les produits, en prolongeant leur dur\u00e9e de vie, dans le cas o\u00f9 cela n&rsquo;est pas possible, les composants seront s\u00e9par\u00e9s pour un recyclage appropri\u00e9.<br \/>\nS&rsquo;il s&rsquo;agit d&rsquo;entreprises ou d&rsquo;organismes publics, vous pouvez vous adresser \u00e0 votre gestionnaire agr\u00e9\u00e9 agr\u00e9\u00e9 pour \u00e9liminer ces d\u00e9chets. Ou si vous n&rsquo;avez pas de gestionnaire autoris\u00e9 r\u00e9gulier, vous pouvez trouver une longue liste de gestionnaires autoris\u00e9s sur le site Web de chaque communaut\u00e9 autonome, qui peuvent effectuer ces retraits sp\u00e9cifiques.<br \/>\nDans le cas des particuliers, ils ont la possibilit\u00e9 de les d\u00e9poser au Point Propre, toutes les communes mettent \u00e0 disposition des consommateurs diff\u00e9rents Points Propres o\u00f9 ils peuvent se rendre pour d\u00e9poser gratuitement leurs d\u00e9chets.<br \/>\nMerci.<\/p>\n<hr \/>\n<h4><b>COMMUNIQU\u00c9 AUX FOURNISSEURS<\/b><\/h4>\n<p><span style=\"font-weight: 400;\">Nous vous informons que SPORT EQUIPALIA SL., suivant les exigences du syst\u00e8me de qualit\u00e9 bas\u00e9 sur les normes ISO 9001:2015 et 14001:2015 que nous avons mis en \u0153uvre, \u00e9value annuellement le rendement de tous ses fournisseurs de biens et services, en fonction du nombre d&rsquo;incidents enregistr\u00e9s tout au long de la p\u00e9riode analys\u00e9e, ainsi que de leur importance.<\/span><\/p>\n","protected":false},"excerpt":{"rendered":"<p>Pour SPORT EQUIPALIA, S.L., ses principaux objectifs sont la qualit\u00e9, ax\u00e9e sur la pleine satisfaction du client, et le respect de l&rsquo;environnement en essayant de minimiser les impacts associ\u00e9s \u00e0 l&rsquo;activit\u00e9 du travail sportif. \u00c0 cette fin, elle s&rsquo;engage \u00e0 mettre en \u0153uvre et \u00e0 maintenir un syst\u00e8me de gestion de la qualit\u00e9 et de<\/p>\n","protected":false},"author":8,"featured_media":0,"parent":0,"menu_order":0,"comment_status":"closed","ping_status":"closed","template":"","meta":{"footnotes":""},"class_list":["post-3181","page","type-page","status-publish","hentry"],"_links":{"self":[{"href":"https:\/\/sportequipalia.com\/fr\/wp-json\/wp\/v2\/pages\/3181","targetHints":{"allow":["GET"]}}],"collection":[{"href":"https:\/\/sportequipalia.com\/fr\/wp-json\/wp\/v2\/pages"}],"about":[{"href":"https:\/\/sportequipalia.com\/fr\/wp-json\/wp\/v2\/types\/page"}],"author":[{"embeddable":true,"href":"https:\/\/sportequipalia.com\/fr\/wp-json\/wp\/v2\/users\/8"}],"replies":[{"embeddable":true,"href":"https:\/\/sportequipalia.com\/fr\/wp-json\/wp\/v2\/comments?post=3181"}],"version-history":[{"count":3,"href":"https:\/\/sportequipalia.com\/fr\/wp-json\/wp\/v2\/pages\/3181\/revisions"}],"predecessor-version":[{"id":5655,"href":"https:\/\/sportequipalia.com\/fr\/wp-json\/wp\/v2\/pages\/3181\/revisions\/5655"}],"wp:attachment":[{"href":"https:\/\/sportequipalia.com\/fr\/wp-json\/wp\/v2\/media?parent=3181"}],"curies":[{"name":"wp","href":"https:\/\/api.w.org\/{rel}","templated":true}]}}