{"id":2169,"date":"2018-11-19T09:11:19","date_gmt":"2018-11-19T08:11:19","guid":{"rendered":"https:\/\/sportequipalia.com\/services\/football\/equipamiento\/"},"modified":"2022-05-24T10:02:22","modified_gmt":"2022-05-24T08:02:22","slug":"equipment","status":"publish","type":"page","link":"https:\/\/sportequipalia.com\/en\/products\/football\/equipment\/","title":{"rendered":"Football Equipment"},"content":{"rendered":"<p>The same as other services, we also offer specific equipment for football pitches. For example::<\/p>\n<ul>\n<li>Football 11, football 7 or football 5 goals<\/li>\n<li>Nets<\/li>\n<li>Posts and safety nets<\/li>\n<li>Perimeter fencing<\/li>\n<li>Players\u2019 benches<\/li>\n<li>Referees\u2019 benches<\/li>\n<li>Corner flags<\/li>\n<\/ul>\n<p>&nbsp;<\/p>\n<style type=\"text\/css\">\r\n\t\t\t\t#gallery-1 {\r\n\t\t\t\t\tmargin: auto;\r\n\t\t\t\t}\r\n\t\t\t\t#gallery-1 .gallery-item {\r\n\t\t\t\t\tfloat: left;\r\n\t\t\t\t\tmargin-top: 10px;\r\n\t\t\t\t\ttext-align: center;\r\n\t\t\t\t\twidth: 33%;\r\n\t\t\t\t}\r\n\t\t\t\t#gallery-1 .gallery-caption {\r\n\t\t\t\t\tmargin-left: 0;\r\n\t\t\t\t}\r\n\t\t\t<\/style><!-- see gallery_shortcode() in wp-includes\/media.php -->\r\n\t\t\t\n\t\t<div id=\"gallery-1\" class=\"gallery galleryid-2169 mfp-gallery mfp-gallery--images gallery-columns-3 gallery-size-large\"><div class=\"row zn_image_gallery \"><div class=\"col-sm-6 col-md-4 col-lg-4\"><a href=\"https:\/\/sportequipalia.com\/wp-content\/uploads\/2020\/06\/red-proteccion-futbol-once-siete.jpg\" title=\"\" class=\"hoverBorder\"><img loading=\"lazy\" decoding=\"async\" width=\"756\" height=\"473\" src=\"https:\/\/sportequipalia.com\/wp-content\/uploads\/2020\/06\/red-proteccion-futbol-once-siete.jpg\" class=\"attachment-large size-large\" alt=\"Red de protecci\u00f3n f\u00fatbol once y f\u00fatbol siete\" size=\"large\" ids=\"2544,2546,2549\" orderby=\"post__in\" include=\"2544,2546,2549\" srcset=\"https:\/\/sportequipalia.com\/wp-content\/uploads\/2020\/06\/red-proteccion-futbol-once-siete.jpg 756w, https:\/\/sportequipalia.com\/wp-content\/uploads\/2020\/06\/red-proteccion-futbol-once-siete-300x188.jpg 300w, https:\/\/sportequipalia.com\/wp-content\/uploads\/2020\/06\/red-proteccion-futbol-once-siete-280x175.jpg 280w\" sizes=\"auto, (max-width: 756px) 100vw, 756px\" \/><span class=\"gallery_caption\"><\/span><\/a><\/div><div class=\"col-sm-6 col-md-4 col-lg-4\"><a href=\"https:\/\/sportequipalia.com\/wp-content\/uploads\/2020\/06\/porteria-futbol-once-siete-aluminio-fija.jpg\" title=\"\" class=\"hoverBorder\"><img loading=\"lazy\" decoding=\"async\" width=\"1024\" height=\"641\" src=\"https:\/\/sportequipalia.com\/wp-content\/uploads\/2020\/06\/porteria-futbol-once-siete-aluminio-fija-1024x641.jpg\" class=\"attachment-large size-large\" alt=\"Porter\u00eda de aluminio fija para f\u00fatbol once y f\u00fatbol siete\" size=\"large\" ids=\"2544,2546,2549\" orderby=\"post__in\" include=\"2544,2546,2549\" srcset=\"https:\/\/sportequipalia.com\/wp-content\/uploads\/2020\/06\/porteria-futbol-once-siete-aluminio-fija-1024x641.jpg 1024w, https:\/\/sportequipalia.com\/wp-content\/uploads\/2020\/06\/porteria-futbol-once-siete-aluminio-fija-300x188.jpg 300w, https:\/\/sportequipalia.com\/wp-content\/uploads\/2020\/06\/porteria-futbol-once-siete-aluminio-fija-768x481.jpg 768w, https:\/\/sportequipalia.com\/wp-content\/uploads\/2020\/06\/porteria-futbol-once-siete-aluminio-fija-280x175.jpg 280w, https:\/\/sportequipalia.com\/wp-content\/uploads\/2020\/06\/porteria-futbol-once-siete-aluminio-fija-1170x732.jpg 1170w, https:\/\/sportequipalia.com\/wp-content\/uploads\/2020\/06\/porteria-futbol-once-siete-aluminio-fija.jpg 1278w\" sizes=\"auto, (max-width: 1024px) 100vw, 1024px\" \/><span class=\"gallery_caption\"><\/span><\/a><\/div><div class=\"col-sm-6 col-md-4 col-lg-4\"><a href=\"https:\/\/sportequipalia.com\/wp-content\/uploads\/2020\/06\/banquillo-suplentes-pvc-campo.jpg\" title=\"\" class=\"hoverBorder\"><img loading=\"lazy\" decoding=\"async\" width=\"1024\" height=\"640\" src=\"https:\/\/sportequipalia.com\/wp-content\/uploads\/2020\/06\/banquillo-suplentes-pvc-campo-1024x640.jpg\" class=\"attachment-large size-large\" alt=\"Banquillo suplentes PVC campo\" size=\"large\" ids=\"2544,2546,2549\" orderby=\"post__in\" include=\"2544,2546,2549\" srcset=\"https:\/\/sportequipalia.com\/wp-content\/uploads\/2020\/06\/banquillo-suplentes-pvc-campo-1024x640.jpg 1024w, https:\/\/sportequipalia.com\/wp-content\/uploads\/2020\/06\/banquillo-suplentes-pvc-campo-300x188.jpg 300w, https:\/\/sportequipalia.com\/wp-content\/uploads\/2020\/06\/banquillo-suplentes-pvc-campo-768x480.jpg 768w, https:\/\/sportequipalia.com\/wp-content\/uploads\/2020\/06\/banquillo-suplentes-pvc-campo-280x175.jpg 280w, https:\/\/sportequipalia.com\/wp-content\/uploads\/2020\/06\/banquillo-suplentes-pvc-campo-1170x731.jpg 1170w, https:\/\/sportequipalia.com\/wp-content\/uploads\/2020\/06\/banquillo-suplentes-pvc-campo.jpg 1280w\" sizes=\"auto, (max-width: 1024px) 100vw, 1024px\" \/><span class=\"gallery_caption\"><\/span><\/a><\/div><\/div><\/div>\n","protected":false},"excerpt":{"rendered":"<p>The same as other services, we also offer specific equipment for football pitches. For example:: Football 11, football 7 or football 5 goals Nets Posts and safety nets Perimeter fencing Players\u2019 benches Referees\u2019 benches Corner flags &nbsp;<\/p>\n","protected":false},"author":8,"featured_media":0,"parent":2159,"menu_order":0,"comment_status":"closed","ping_status":"closed","template":"","meta":{"footnotes":""},"class_list":["post-2169","page","type-page","status-publish","hentry"],"_links":{"self":[{"href":"https:\/\/sportequipalia.com\/en\/wp-json\/wp\/v2\/pages\/2169","targetHints":{"allow":["GET"]}}],"collection":[{"href":"https:\/\/sportequipalia.com\/en\/wp-json\/wp\/v2\/pages"}],"about":[{"href":"https:\/\/sportequipalia.com\/en\/wp-json\/wp\/v2\/types\/page"}],"author":[{"embeddable":true,"href":"https:\/\/sportequipalia.com\/en\/wp-json\/wp\/v2\/users\/8"}],"replies":[{"embeddable":true,"href":"https:\/\/sportequipalia.com\/en\/wp-json\/wp\/v2\/comments?post=2169"}],"version-history":[{"count":0,"href":"https:\/\/sportequipalia.com\/en\/wp-json\/wp\/v2\/pages\/2169\/revisions"}],"up":[{"embeddable":true,"href":"https:\/\/sportequipalia.com\/en\/wp-json\/wp\/v2\/pages\/2159"}],"wp:attachment":[{"href":"https:\/\/sportequipalia.com\/en\/wp-json\/wp\/v2\/media?parent=2169"}],"curies":[{"name":"wp","href":"https:\/\/api.w.org\/{rel}","templated":true}]}}