{"id":2079,"date":"2018-11-21T16:11:16","date_gmt":"2018-11-21T15:11:16","guid":{"rendered":"https:\/\/sportequipalia.com\/calidad-y-medio-ambiente\/"},"modified":"2023-05-03T13:23:09","modified_gmt":"2023-05-03T11:23:09","slug":"quality-and-environmental-policy","status":"publish","type":"page","link":"https:\/\/sportequipalia.com\/en\/quality-and-environmental-policy\/","title":{"rendered":"Quality and Environmental Policy"},"content":{"rendered":"<p>For\u00a0<strong>SPORT EQUIPALIA, S.L.,\u00a0<\/strong>its main objectives are quality, focused on achieving the full satisfaction of its customers, and respect for the environment trying to minimize the impacts associated with the sporting activity. For this purpose, Sport Equipalia promises to implement and maintain a Quality and Environment Management System according to the requirements of the UNE-EN-ISO 9001:2015 and UNE-EN-ISO 14001:2015 Standards. The principles we commit to are as follows:<\/p>\n<ul>\n<li>Discover, analyze and meet the needs and expectations of its customers, in order to achieve a stable and lasting relationship with existing and new clients.<\/li>\n<li>Prevent the causes that may lead to non-conformities.<\/li>\n<li>Enchance the effectiveness of human and technological resources to ensure the quality of our jobs.<\/li>\n<li>Constantly improve the quality of our service, as well as our attitude towards the environmental impact our activity generates.<\/li>\n<li>Prevent pollution that could be generated by Sport Equipalia\u2019s activity.<\/li>\n<li>Optimization of exhaustible natural resources, placing a special emphasis on the re-use of inert waste, as well as the proper management of other waste.<\/li>\n<li>Comply with current legislation that may apply, as well as respect adopted voluntary agreements or requirements from our customers.<\/li>\n<li>Promote\u00a0 Continuous Improvement and Quality Management for all personnel, at all levels and in all of the Company\u2019s operations.<\/li>\n<li>Achieve the commitment of its external suppliers with Quality and the environment.<\/li>\n<\/ul>\n<p class=\"Cuerpodetexto\">The Quality and Environmental Policy is the reference for setting targets with which to \u00a0continuously improve the quality of services and the effectiveness of the Quality and Environmental Management System.<\/p>\n<p class=\"Cuerpodetexto\">It affects and is everyone&#8217;s responsibility at Sport Equipalia, and it is communicated to the entire company for their knowledge, comprehension, and compliance. Additionally, this policy is checked, analyzing and updating it for a continuous suitability.<\/p>\n<hr \/>\n<h4>ENVIRONMENTAL PERFORMANCE<\/h4>\n<p>En una \u00e9poca de grandes avances, la sostenibilidad ambiental y el compromiso con el medio ambiente tienen un papel fundamental en el desempe\u00f1o de la actividad de la empresa, tanto desde el punto de vista de responsabilidad de cara a la preservaci\u00f3n del entorno y los recursos, as\u00ed como la generaci\u00f3n de nuevas metodolog\u00edas y expectativas.<br \/>\nEn este sentido SPORT EQUIPALIA ha fortalecido su compromiso con el medioambiente con la implantaci\u00f3n de la norma ISO 14001:2015. A trav\u00e9s de la misma se ha analizado el impacto ambiental de su actividad y teniendo en cuenta Ciclo de Vida de los servicios prestados ha determinado sus Aspectos Ambientales Significativos para los que ha establecido metas internas en donde lo que se busca principalmente es la minimizaci\u00f3n del impacto por parte de la empresa.<br \/>\nDesde este compromiso, SPORT EQUIPALIA quiere hacer part\u00edcipes a todas las partes interesadas para que conozcan la labor que se est\u00e1 llevando a cabo internamente.<br \/>\nDurante el a\u00f1o 2022 se ha conseguido reducir el consumo de papel en nuestras oficinas, ayudando as\u00ed a disminuir el agotamiento de este recurso natural limitado.<\/p>\n<hr \/>\n<h4>END OF USEFUL LIFE<\/h4>\n<p>At SPORT EQUIPALIA, S.L., we are committed to the environment, which is why we worry about the end of useful life of our products. For this we must take into account that the first option should always be to reuse the products, extending their useful life, in the event that this is not possible, the components will be segregated for proper recycling.<br \/>\nIn the case of companies or public entities, you can go to your authorized contracted manager to remove this waste. Or if you do not have a regular authorized manager, you can find an extensive list of Authorized Managers through the website of each Autonomous Community, which can carry out these specific withdrawals.<br \/>\nIn the case of private users, they have the option of taking it to the Clean Point, all the municipalities make different Clean Points available to consumers where they can go to deposit their waste free of charge.<br \/>\nThank you.<\/p>\n<hr \/>\n<h4>PRESS RELEASE TO SUPPLIERS<\/h4>\n<p>We inform you that SPORT EQUIPALIA SL., in accordance with the requirements of the quality system based on the ISO 9001:2015 and 14001:2015 rules that we have implemented, annually evaluates the performance of all its suppliers and goods and services, depending on the number of incidents recorded over the analyzed period, as well as the importance of each incident.<\/p>\n","protected":false},"excerpt":{"rendered":"<p>For\u00a0SPORT EQUIPALIA, S.L.,\u00a0its main objectives are quality, focused on achieving the full satisfaction of its customers, and respect for the environment trying to minimize the impacts associated with the sporting activity. For this purpose, Sport Equipalia promises to implement and maintain a Quality and Environment Management System according to the requirements of the UNE-EN-ISO 9001:2015<\/p>\n","protected":false},"author":8,"featured_media":0,"parent":0,"menu_order":0,"comment_status":"closed","ping_status":"closed","template":"","meta":{"footnotes":""},"class_list":["post-2079","page","type-page","status-publish","hentry"],"_links":{"self":[{"href":"https:\/\/sportequipalia.com\/en\/wp-json\/wp\/v2\/pages\/2079","targetHints":{"allow":["GET"]}}],"collection":[{"href":"https:\/\/sportequipalia.com\/en\/wp-json\/wp\/v2\/pages"}],"about":[{"href":"https:\/\/sportequipalia.com\/en\/wp-json\/wp\/v2\/types\/page"}],"author":[{"embeddable":true,"href":"https:\/\/sportequipalia.com\/en\/wp-json\/wp\/v2\/users\/8"}],"replies":[{"embeddable":true,"href":"https:\/\/sportequipalia.com\/en\/wp-json\/wp\/v2\/comments?post=2079"}],"version-history":[{"count":2,"href":"https:\/\/sportequipalia.com\/en\/wp-json\/wp\/v2\/pages\/2079\/revisions"}],"predecessor-version":[{"id":5656,"href":"https:\/\/sportequipalia.com\/en\/wp-json\/wp\/v2\/pages\/2079\/revisions\/5656"}],"wp:attachment":[{"href":"https:\/\/sportequipalia.com\/en\/wp-json\/wp\/v2\/media?parent=2079"}],"curies":[{"name":"wp","href":"https:\/\/api.w.org\/{rel}","templated":true}]}}